{"id":91,"date":"2019-10-24T08:01:42","date_gmt":"2019-10-24T08:01:42","guid":{"rendered":"https:\/\/web4.proweaverlinks.com\/puffinsla\/?page_id=91"},"modified":"2020-02-24T21:41:32","modified_gmt":"2020-02-24T21:41:32","slug":"pre-k","status":"publish","type":"page","link":"http:\/\/www.puffinlearningacademy.com\/pt\/preschool-programs\/pre-k","title":{"rendered":"Pr\u00e9-K (VPK)"},"content":{"rendered":"<div class=\"intro_txt\">PREPARA\u00c7\u00c3O PARA O CURSO DE ALFABETIZACAO.<\/div>\n<figure><img decoding=\"async\" src=\"http:\/\/www.puffinlearningacademy.com\/wp-content\/themes\/puffinla\/images\/thumbnails\/thumb-90711517.jpg\" alt=\"duas meninas est\u00e3o jogando\" class=\"thumb_right_dd\"\/><\/figure>\n<p>Nosso programa Pr\u00e9-K (VPK) oferece \u00e0s crian\u00e7as uma grande variedade de oportunidades de aprendizagem. O curr\u00edculo permite que as crian\u00e7as explorem o mundo em que vivem com a seguran\u00e7a e o apoio de grandes professores. Da leitura \u00e0 matem\u00e1tica \u00e0 vida dom\u00e9stica, eles ser\u00e3o expostos a atividades que promover\u00e3o curiosidade, aprendizagem e criatividade, bem como as habilidades que precisar\u00e3o para se preparar para o alfabetizacao.<\/p>\n<div class=\"clearfix\"><\/div>\n<ul class=\"button1\">\n<li><a href=\"https:\/\/familyservices.floridaearlylearning.com\/\" target=\"_blank\" rel=\"noopener noreferrer\">Solicitar VPK!<\/a><\/li>\n<li><a href=\"http:\/\/www.puffinlearningacademy.com\/preschool-enrollment\">Inscreva-se agora!<\/a><\/li>\n<li><a style=\"line-height: inherit;\" href=\"http:\/\/www.puffinlearningacademy.com\/preschool-schedule-a-tour\">Venha nos fazer uma visita, marque um horario! <\/a><\/li>\n<li><a href=\"http:\/\/www.puffinlearningacademy.com\/preschool-contact-us\">Entre em contato conosco!<\/a><\/li>\n<\/ul>\n","protected":false},"excerpt":{"rendered":"<p>PREPARA\u00c7\u00c3O PARA O CURSO DE ALFABETIZACAO. Nosso programa Pr\u00e9-K (VPK) oferece \u00e0s crian\u00e7as uma grande variedade de oportunidades de aprendizagem. O curr\u00edculo permite que as crian\u00e7as explorem o mundo em que vivem com a seguran\u00e7a e o apoio de grandes professores. Da leitura \u00e0 matem\u00e1tica \u00e0 vida dom\u00e9stica, eles ser\u00e3o expostos a atividades que promover\u00e3o &hellip; <a href=\"http:\/\/www.puffinlearningacademy.com\/pt\/preschool-programs\/pre-k\">Continue reading <span class=\"meta-nav\">&rarr;<\/span><\/a><\/p>\n","protected":false},"author":1,"featured_media":0,"parent":9,"menu_order":0,"comment_status":"closed","ping_status":"closed","template":"","meta":{"footnotes":""},"yoast_head":"<!-- This site is optimized with the Yoast SEO plugin v15.5 - https:\/\/yoast.com\/wordpress\/plugins\/seo\/ -->\r\n<title>Pr\u00e9-K (VPK) | ACADEMIA DE APRENDIZAGEM DO PUFFIN<\/title>\r\n<meta name=\"robots\" content=\"index, follow, max-snippet:-1, max-image-preview:large, max-video-preview:-1\" \/>\r\n<link rel=\"canonical\" href=\"http:\/\/www.puffinlearningacademy.com\/pt\/preschool-programs\/pre-k\" \/>\r\n<meta property=\"og:locale\" content=\"pt_PT\" \/>\r\n<meta property=\"og:type\" content=\"article\" \/>\r\n<meta property=\"og:title\" content=\"{:en}Pre-K (VPK){:}{:es}Pre-K (VPK){:}{:pt}Pr\u00e9-K (VPK){:} | ACADEMIA DE APRENDIZAGEM DO PUFFIN\" \/>\r\n<meta property=\"og:description\" content=\"PREPARA\u00c7\u00c3O PARA O CURSO DE ALFABETIZACAO. Nosso programa Pr\u00e9-K (VPK) oferece \u00e0s crian\u00e7as uma grande variedade de oportunidades de aprendizagem. O curr\u00edculo permite que as crian\u00e7as explorem o mundo em que vivem com a seguran\u00e7a e o apoio de grandes professores. Da leitura \u00e0 matem\u00e1tica \u00e0 vida dom\u00e9stica, eles ser\u00e3o expostos a atividades que promover\u00e3o &hellip; Continue reading &rarr;\" \/>\r\n<meta property=\"og:url\" content=\"http:\/\/www.puffinlearningacademy.com\/pt\/preschool-programs\/pre-k\" \/>\r\n<meta property=\"og:site_name\" content=\"ACADEMIA DE APRENDIZAGEM DO PUFFIN\" \/>\r\n<meta property=\"article:modified_time\" content=\"2020-02-24T21:41:32+00:00\" \/>\r\n<meta property=\"og:image\" content=\"http:\/\/[contenturl%20type=templateurl]\/images\/thumbnails\/thumb-90711517.jpg\" \/>\r\n<meta name=\"twitter:card\" content=\"summary_large_image\" \/>\r\n<meta name=\"twitter:label1\" content=\"Est. reading time\">\n\t<meta name=\"twitter:data1\" content=\"1 minute\">\r\n<script type=\"application\/ld+json\" class=\"yoast-schema-graph\">{\"@context\":\"https:\/\/schema.org\",\"@graph\":[{\"@type\":\"WebSite\",\"@id\":\"http:\/\/www.puffinlearningacademy.com\/pt\/#website\",\"url\":\"http:\/\/www.puffinlearningacademy.com\/pt\/\",\"name\":\"ACADEMIA DE APRENDIZAGEM DO PUFFIN\",\"description\":\"Just another WordPress site\",\"potentialAction\":[{\"@type\":\"SearchAction\",\"target\":\"http:\/\/www.puffinlearningacademy.com\/pt\/?s={search_term_string}\",\"query-input\":\"required name=search_term_string\"}],\"inLanguage\":\"pt-PT\"},{\"@type\":\"ImageObject\",\"@id\":\"http:\/\/www.puffinlearningacademy.com\/pt\/preschool-programs\/pre-k#primaryimage\",\"inLanguage\":\"pt-PT\",\"url\":\"[contenturl type=templateurl]\/images\/thumbnails\/thumb-90711517.jpg\"},{\"@type\":\"WebPage\",\"@id\":\"http:\/\/www.puffinlearningacademy.com\/pt\/preschool-programs\/pre-k#webpage\",\"url\":\"http:\/\/www.puffinlearningacademy.com\/pt\/preschool-programs\/pre-k\",\"name\":\"{:en}Pre-K (VPK){:}{:es}Pre-K (VPK){:}{:pt}Pr\\u00e9-K (VPK){:} | ACADEMIA DE APRENDIZAGEM DO PUFFIN\",\"isPartOf\":{\"@id\":\"http:\/\/www.puffinlearningacademy.com\/pt\/#website\"},\"primaryImageOfPage\":{\"@id\":\"http:\/\/www.puffinlearningacademy.com\/pt\/preschool-programs\/pre-k#primaryimage\"},\"datePublished\":\"2019-10-24T08:01:42+00:00\",\"dateModified\":\"2020-02-24T21:41:32+00:00\",\"inLanguage\":\"pt-PT\",\"potentialAction\":[{\"@type\":\"ReadAction\",\"target\":[\"http:\/\/www.puffinlearningacademy.com\/pt\/preschool-programs\/pre-k\"]}]}]}<\/script>\r\n<!-- \/ Yoast SEO plugin. -->","_links":{"self":[{"href":"http:\/\/www.puffinlearningacademy.com\/pt\/wp-json\/wp\/v2\/pages\/91"}],"collection":[{"href":"http:\/\/www.puffinlearningacademy.com\/pt\/wp-json\/wp\/v2\/pages"}],"about":[{"href":"http:\/\/www.puffinlearningacademy.com\/pt\/wp-json\/wp\/v2\/types\/page"}],"author":[{"embeddable":true,"href":"http:\/\/www.puffinlearningacademy.com\/pt\/wp-json\/wp\/v2\/users\/1"}],"replies":[{"embeddable":true,"href":"http:\/\/www.puffinlearningacademy.com\/pt\/wp-json\/wp\/v2\/comments?post=91"}],"version-history":[{"count":13,"href":"http:\/\/www.puffinlearningacademy.com\/pt\/wp-json\/wp\/v2\/pages\/91\/revisions"}],"predecessor-version":[{"id":336,"href":"http:\/\/www.puffinlearningacademy.com\/pt\/wp-json\/wp\/v2\/pages\/91\/revisions\/336"}],"up":[{"embeddable":true,"href":"http:\/\/www.puffinlearningacademy.com\/pt\/wp-json\/wp\/v2\/pages\/9"}],"wp:attachment":[{"href":"http:\/\/www.puffinlearningacademy.com\/pt\/wp-json\/wp\/v2\/media?parent=91"}],"curies":[{"name":"wp","href":"https:\/\/api.w.org\/{rel}","templated":true}]}}