{"id":9,"date":"2019-10-22T09:07:32","date_gmt":"2019-10-22T09:07:32","guid":{"rendered":"http:\/\/localhost\/puffinsla\/?page_id=9"},"modified":"2026-01-28T09:01:58","modified_gmt":"2026-01-28T09:01:58","slug":"preschool-programs","status":"publish","type":"page","link":"http:\/\/www.puffinlearningacademy.com\/pt\/preschool-programs","title":{"rendered":"Programas"},"content":{"rendered":"<div class=\"intro_txt\">&#8220;O SEGREDO NA EDUCA\u00c7\u00c3O RESIDE EM RESPEITAR O ALUNO.&#8221; &#8211; RALPH WALDO EMERSON<\/div>\n<p>A primeira inf\u00e2ncia \u00e9 um momento importante de vasta aprendizagem, crescimento e desenvolvimento. Durante este tempo, as crian\u00e7as adquirem a capacidade de se tornarem independentes dos adultos e ganharam o desejo de se tornar uma parte dos grupos sociais. Ao se tornarem seus pr\u00f3prios indiv\u00edduos, eles fazem progressos e se tornam independentes em sua aprendizagem. As crian\u00e7as precisam ser capazes de participar em seu pr\u00f3prio ritmo e n\u00edvel de capacidade pessoal. Assim, criando uma abordagem individual, em vez de uma abordagem de grupo inteiro, as crian\u00e7as v\u00e3o se sentir bem sucedido e realizado, que vai incentivar um amor pela aprendizagem e escola.<\/p>\n<p>As crian\u00e7as aprendem&#8230;<\/p>\n<ul class=\"bullet\">\n<li>Para construir o conhecimento\n<li>Atrav\u00e9s do jogo\n<li>Atrav\u00e9s da intera\u00e7\u00e3o social com outros adultos e outras crian\u00e7as\n<li>Melhor quando motivado\n<li>Melhor quando suas necessidades f\u00edsicas s\u00e3o atendidas e eles se sentem psicologicamente mais seguros\n<li>Melhor quando o desenvolvimento e a aprendizagem s\u00e3o caracterizados pela varia\u00e7\u00e3o individual\n<\/ul>\n<p>Oferecemos os seguintes programas:<\/p>\n<h3>Programas acad\u00eamicos:<\/h3>\n<div class=\"services\">\n<figure class=\"serv red\"><a href=\"preschool-programs\/infants\"><img decoding=\"async\" src=\"http:\/\/www.puffinlearningacademy.com\/wp-content\/themes\/puffinla\/images\/thumbnails\/thumb-357344255.jpg\" alt=\"menino brincando no playground\" class=\"img-responsive\"><strong><span><small>BEBES (6 SEMANAS-12 MESES)<\/small><\/span><\/strong><\/a><\/figure>\n<figure class=\"serv red\"><a href=\"preschool-programs\/toddlers\"><img decoding=\"async\" src=\"http:\/\/www.puffinlearningacademy.com\/wp-content\/themes\/puffinla\/images\/thumbnails\/thumb-1255309270.jpg\" alt=\"duas crian\u00e7as pequenas est\u00e3o jogando\" class=\"img-responsive\"><strong><span><small>Toddlers (12 a 24 meses)<\/small><\/span><\/strong><\/a><\/figure>\n<figure class=\"serv red\"><a href=\"preschool-programs\/twos\"><img decoding=\"async\" src=\"http:\/\/www.puffinlearningacademy.com\/wp-content\/themes\/puffinla\/images\/thumbnails\/thumb-100656117.jpg\" alt=\"crian\u00e7as brincando na mesa dentro pr\u00e9-escolar\" class=\"img-responsive\"><strong><span><small>TWOS (24 a 36 meses)<\/small><\/span><\/strong><\/a><\/figure>\n<figure class=\"serv red\"><a href=\"preschool-programs\/preschool\"><img decoding=\"async\" src=\"http:\/\/www.puffinlearningacademy.com\/wp-content\/themes\/puffinla\/images\/thumbnails\/thumb_707462947.jpg\" alt=\"Muito feliz Africano menino negro fazendo polegares para cima sinal\" class=\"img-responsive\"><strong><span><small>Pr\u00e9-escola (36 a 48 meses)<\/small><\/span><\/strong><\/a><\/figure>\n<figure class=\"serv red\"><a href=\"preschool-programs\/aftercare-program\"><img decoding=\"async\" src=\"http:\/\/www.puffinlearningacademy.com\/wp-content\/themes\/puffinla\/images\/thumbnails\/thumb-772922518.jpg\" alt=\"crian\u00e7as brincando de cabo de guerra em seu acampamento de ver\u00e3o\" class=\"img-responsive\"><strong><span><small>AFTERCARE PROGRAMA<\/small><\/span><\/strong><\/a><\/figure>\n<figure class=\"serv red\"><a href=\"preschool-programs\/pre-k\"><img decoding=\"async\" src=\"http:\/\/www.puffinlearningacademy.com\/wp-content\/themes\/puffinla\/images\/thumbnails\/thumb-305457077.jpg\" alt=\"Preschool class in South African township\" class=\"img-responsive\"><strong><span><small>Pre-K (VPK)<\/small><\/span><\/strong><\/a><\/figure>\n<\/div>\n<h3>Atividades Extracurriculares<\/h3>\n<div class=\"services1\">\n<figure class=\"serv red\"><a href=\"preschool-programs\/music-program\"><img decoding=\"async\" src=\"http:\/\/www.puffinlearningacademy.com\/wp-content\/themes\/puffinla\/images\/thumbnails\/thumb-87580952.jpg\" alt=\"duas crian\u00e7as aprendendo piano programa \" class=\"img-responsive\"><strong><span><small>Programa de m\u00fasica<\/small><\/span><\/strong><\/a><\/figure>\n<figure class=\"serv red\"><a href=\"preschool-programs\/lil-chefs\"><img decoding=\"async\" src=\"http:\/\/www.puffinlearningacademy.com\/wp-content\/themes\/puffinla\/images\/thumbnails\/thumb-43031002.jpg\" alt=\"de musica criancas vestindo uniforme de chef de cozinha branco e sorrindo\" class=\"img-responsive\"><strong><span><small>pequenos chefes de culinaria<\/small><\/span><\/strong><\/a><\/figure>\n<figure class=\"serv red\"><a href=\"preschool-programs\/spanish-and-me\"><img decoding=\"async\" src=\"http:\/\/www.puffinlearningacademy.com\/wp-content\/themes\/puffinla\/images\/thumbnails\/thumb_217386097.jpg\" alt=\"Grupo de criancas aprendendo no computador na escola\" class=\"img-responsive\"><strong><span><small>ESPANHOL E EU<\/small><\/span><\/strong><\/a><\/figure>\n<figure class=\"serv red\"><a href=\"preschool-programs\/character-development\"><img decoding=\"async\" src=\"http:\/\/www.puffinlearningacademy.com\/wp-content\/themes\/puffinla\/images\/thumbnails\/thumb_15865333.jpg\" alt=\"Quatro criancas abracando uns aos outros durante o circulo de aprendizagem na sala de aula.\" class=\"img-responsive\"><strong><span><small>DESENVOLVIMENTO DE CARATER<\/small><\/span><\/strong><\/a><\/figure>\n<figure class=\"serv red\"><a href=\"preschool-programs\/summer-camp\"><img decoding=\"async\" src=\"http:\/\/www.puffinlearningacademy.com\/wp-content\/themes\/puffinla\/images\/thumbnails\/thumb_124493070.jpg\" alt=\"Atividade de verao -  duas crian\u00e7as jogando piano com mapa do tesouro\" class=\"img-responsive\"><strong><span><small>PROGRAMA DE VERAO<\/small><\/span><\/strong><\/a><\/figure>\n<\/div>\n<ul class=\"button\">\n<li><a href=\"http:\/\/www.puffinlearningacademy.com\/preschool-enrollment\">Inscreva-se agora!<\/a><\/li>\n<li><a style=\"line-height: inherit;\" href=\"http:\/\/www.puffinlearningacademy.com\/preschool-schedule-a-tour\">VENHA NOS FAZER UMA VISITA!<\/a><\/li>\n<li><a href=\"http:\/\/www.puffinlearningacademy.com\/preschool-contact-us\">Entre em contato!<\/a><\/li>\n<\/ul>\n","protected":false},"excerpt":{"rendered":"<p>&#8220;O SEGREDO NA EDUCA\u00c7\u00c3O RESIDE EM RESPEITAR O ALUNO.&#8221; &#8211; RALPH WALDO EMERSON A primeira inf\u00e2ncia \u00e9 um momento importante de vasta aprendizagem, crescimento e desenvolvimento. Durante este tempo, as crian\u00e7as adquirem a capacidade de se tornarem independentes dos adultos e ganharam o desejo de se tornar uma parte dos grupos sociais. Ao se tornarem &hellip; <a href=\"http:\/\/www.puffinlearningacademy.com\/pt\/preschool-programs\">Continue reading <span class=\"meta-nav\">&rarr;<\/span><\/a><\/p>\n","protected":false},"author":1,"featured_media":0,"parent":0,"menu_order":0,"comment_status":"closed","ping_status":"closed","template":"","meta":{"footnotes":""},"yoast_head":"<!-- This site is optimized with the Yoast SEO plugin v15.5 - https:\/\/yoast.com\/wordpress\/plugins\/seo\/ -->\r\n<title>Programas | ACADEMIA DE APRENDIZAGEM DO PUFFIN<\/title>\r\n<meta name=\"robots\" content=\"index, follow, max-snippet:-1, max-image-preview:large, max-video-preview:-1\" \/>\r\n<link rel=\"canonical\" href=\"http:\/\/www.puffinlearningacademy.com\/pt\/preschool-programs\" \/>\r\n<meta property=\"og:locale\" content=\"pt_PT\" \/>\r\n<meta property=\"og:type\" content=\"article\" \/>\r\n<meta property=\"og:title\" content=\"{:en}Programs{:}{:es}Programas{:}{:pt}Programas{:} | ACADEMIA DE APRENDIZAGEM DO PUFFIN\" \/>\r\n<meta property=\"og:description\" content=\"&#8220;O SEGREDO NA EDUCA\u00c7\u00c3O RESIDE EM RESPEITAR O ALUNO.&#8221; &#8211; RALPH WALDO EMERSON A primeira inf\u00e2ncia \u00e9 um momento importante de vasta aprendizagem, crescimento e desenvolvimento. Durante este tempo, as crian\u00e7as adquirem a capacidade de se tornarem independentes dos adultos e ganharam o desejo de se tornar uma parte dos grupos sociais. Ao se tornarem &hellip; Continue reading &rarr;\" \/>\r\n<meta property=\"og:url\" content=\"http:\/\/www.puffinlearningacademy.com\/pt\/preschool-programs\" \/>\r\n<meta property=\"og:site_name\" content=\"ACADEMIA DE APRENDIZAGEM DO PUFFIN\" \/>\r\n<meta property=\"article:modified_time\" content=\"2026-01-28T09:01:58+00:00\" \/>\r\n<meta property=\"og:image\" content=\"http:\/\/[contenturl%20type=templateurl]\/images\/thumbnails\/thumb-357344255.jpg\" \/>\r\n<meta name=\"twitter:card\" content=\"summary_large_image\" \/>\r\n<meta name=\"twitter:label1\" content=\"Est. reading time\">\n\t<meta name=\"twitter:data1\" content=\"3 minutes\">\r\n<script type=\"application\/ld+json\" class=\"yoast-schema-graph\">{\"@context\":\"https:\/\/schema.org\",\"@graph\":[{\"@type\":\"WebSite\",\"@id\":\"http:\/\/www.puffinlearningacademy.com\/pt\/#website\",\"url\":\"http:\/\/www.puffinlearningacademy.com\/pt\/\",\"name\":\"ACADEMIA DE APRENDIZAGEM DO PUFFIN\",\"description\":\"Just another WordPress site\",\"potentialAction\":[{\"@type\":\"SearchAction\",\"target\":\"http:\/\/www.puffinlearningacademy.com\/pt\/?s={search_term_string}\",\"query-input\":\"required name=search_term_string\"}],\"inLanguage\":\"pt-PT\"},{\"@type\":\"ImageObject\",\"@id\":\"http:\/\/www.puffinlearningacademy.com\/pt\/preschool-programs#primaryimage\",\"inLanguage\":\"pt-PT\",\"url\":\"[contenturl type=templateurl]\/images\/thumbnails\/thumb-357344255.jpg\"},{\"@type\":\"WebPage\",\"@id\":\"http:\/\/www.puffinlearningacademy.com\/pt\/preschool-programs#webpage\",\"url\":\"http:\/\/www.puffinlearningacademy.com\/pt\/preschool-programs\",\"name\":\"{:en}Programs{:}{:es}Programas{:}{:pt}Programas{:} | ACADEMIA DE APRENDIZAGEM DO PUFFIN\",\"isPartOf\":{\"@id\":\"http:\/\/www.puffinlearningacademy.com\/pt\/#website\"},\"primaryImageOfPage\":{\"@id\":\"http:\/\/www.puffinlearningacademy.com\/pt\/preschool-programs#primaryimage\"},\"datePublished\":\"2019-10-22T09:07:32+00:00\",\"dateModified\":\"2026-01-28T09:01:58+00:00\",\"inLanguage\":\"pt-PT\",\"potentialAction\":[{\"@type\":\"ReadAction\",\"target\":[\"http:\/\/www.puffinlearningacademy.com\/pt\/preschool-programs\"]}]}]}<\/script>\r\n<!-- \/ Yoast SEO plugin. -->","_links":{"self":[{"href":"http:\/\/www.puffinlearningacademy.com\/pt\/wp-json\/wp\/v2\/pages\/9"}],"collection":[{"href":"http:\/\/www.puffinlearningacademy.com\/pt\/wp-json\/wp\/v2\/pages"}],"about":[{"href":"http:\/\/www.puffinlearningacademy.com\/pt\/wp-json\/wp\/v2\/types\/page"}],"author":[{"embeddable":true,"href":"http:\/\/www.puffinlearningacademy.com\/pt\/wp-json\/wp\/v2\/users\/1"}],"replies":[{"embeddable":true,"href":"http:\/\/www.puffinlearningacademy.com\/pt\/wp-json\/wp\/v2\/comments?post=9"}],"version-history":[{"count":30,"href":"http:\/\/www.puffinlearningacademy.com\/pt\/wp-json\/wp\/v2\/pages\/9\/revisions"}],"predecessor-version":[{"id":417,"href":"http:\/\/www.puffinlearningacademy.com\/pt\/wp-json\/wp\/v2\/pages\/9\/revisions\/417"}],"wp:attachment":[{"href":"http:\/\/www.puffinlearningacademy.com\/pt\/wp-json\/wp\/v2\/media?parent=9"}],"curies":[{"name":"wp","href":"https:\/\/api.w.org\/{rel}","templated":true}]}}