{"id":88,"date":"2019-10-24T08:00:37","date_gmt":"2019-10-24T08:00:37","guid":{"rendered":"https:\/\/web4.proweaverlinks.com\/puffinsla\/?page_id=88"},"modified":"2020-02-24T21:43:03","modified_gmt":"2020-02-24T21:43:03","slug":"music-program","status":"publish","type":"page","link":"http:\/\/www.puffinlearningacademy.com\/pt\/preschool-programs\/music-program","title":{"rendered":"Programa de m\u00fasica"},"content":{"rendered":"<div class=\"intro_txt\">KINDERMUSIK &#8211; APRENDER ATRAV\u00c9S DA M\u00daSICA <\/div>\n<figure><img decoding=\"async\" src=\"http:\/\/www.puffinlearningacademy.com\/wp-content\/themes\/puffinla\/images\/thumbnails\/thumb-87580952.jpg\"  alt=\"duas crian\u00e7as tocando piano\" class=\"thumb_right_dd\"\/><\/figure>\n<p>Laugh and Learn- Sorrindo e Aprendendo &#8211; by Kindermusik oferece aulas tem\u00e1ticas agrupadas para ajudar as crian\u00e7as a aprender habilidades lingu\u00edsticas e sociais com a m\u00fasica como ingrediente-chave. Atrav\u00e9s de can\u00e7\u00f5es, rimas, hist\u00f3rias e atividades, o desenvolvimento da linguagem precoce \u00e9 melhorado. Suas habilidades finas e gross-motoras s\u00e3o desenvolvidas, e a partilha e o autocontrole s\u00e3o cultivados. A participa\u00e7\u00e3o no nosso programa de m\u00fasica ajuda a desenvolver toda a crian\u00e7a.<\/p>\n<div class=\"clearfix\"><\/div>\n<ul class=\"button\">\n<li><a href=\"http:\/\/www.puffinlearningacademy.com\/preschool-enrollment\">Inscreva-se agora!<\/a><\/li>\n<li><a style=\"line-height: inherit;\" href=\"http:\/\/www.puffinlearningacademy.com\/preschool-schedule-a-tour\">Venha nos fazer uma visita, marque um horario! <\/a><\/li>\n<li><a href=\"http:\/\/www.puffinlearningacademy.com\/preschool-contact-us\">Entre em contato conosco!<\/a><\/li>\n<\/ul>\n","protected":false},"excerpt":{"rendered":"<p>KINDERMUSIK &#8211; APRENDER ATRAV\u00c9S DA M\u00daSICA Laugh and Learn- Sorrindo e Aprendendo &#8211; by Kindermusik oferece aulas tem\u00e1ticas agrupadas para ajudar as crian\u00e7as a aprender habilidades lingu\u00edsticas e sociais com a m\u00fasica como ingrediente-chave. Atrav\u00e9s de can\u00e7\u00f5es, rimas, hist\u00f3rias e atividades, o desenvolvimento da linguagem precoce \u00e9 melhorado. Suas habilidades finas e gross-motoras s\u00e3o desenvolvidas, &hellip; <a href=\"http:\/\/www.puffinlearningacademy.com\/pt\/preschool-programs\/music-program\">Continue reading <span class=\"meta-nav\">&rarr;<\/span><\/a><\/p>\n","protected":false},"author":1,"featured_media":0,"parent":9,"menu_order":0,"comment_status":"closed","ping_status":"closed","template":"","meta":{"footnotes":""},"yoast_head":"<!-- This site is optimized with the Yoast SEO plugin v15.5 - https:\/\/yoast.com\/wordpress\/plugins\/seo\/ -->\r\n<title>Programa de m\u00fasica | ACADEMIA DE APRENDIZAGEM DO PUFFIN<\/title>\r\n<meta name=\"robots\" content=\"index, follow, max-snippet:-1, max-image-preview:large, max-video-preview:-1\" \/>\r\n<link rel=\"canonical\" href=\"http:\/\/www.puffinlearningacademy.com\/pt\/preschool-programs\/music-program\" \/>\r\n<meta property=\"og:locale\" content=\"pt_PT\" \/>\r\n<meta property=\"og:type\" content=\"article\" \/>\r\n<meta property=\"og:title\" content=\"{:en}Music Program{:}{:es}Programa de m\u00fasica{:}{:pt}Programa de m\u00fasica{:} | ACADEMIA DE APRENDIZAGEM DO PUFFIN\" \/>\r\n<meta property=\"og:description\" content=\"KINDERMUSIK &#8211; APRENDER ATRAV\u00c9S DA M\u00daSICA Laugh and Learn- Sorrindo e Aprendendo &#8211; by Kindermusik oferece aulas tem\u00e1ticas agrupadas para ajudar as crian\u00e7as a aprender habilidades lingu\u00edsticas e sociais com a m\u00fasica como ingrediente-chave. Atrav\u00e9s de can\u00e7\u00f5es, rimas, hist\u00f3rias e atividades, o desenvolvimento da linguagem precoce \u00e9 melhorado. Suas habilidades finas e gross-motoras s\u00e3o desenvolvidas, &hellip; Continue reading &rarr;\" \/>\r\n<meta property=\"og:url\" content=\"http:\/\/www.puffinlearningacademy.com\/pt\/preschool-programs\/music-program\" \/>\r\n<meta property=\"og:site_name\" content=\"ACADEMIA DE APRENDIZAGEM DO PUFFIN\" \/>\r\n<meta property=\"article:modified_time\" content=\"2020-02-24T21:43:03+00:00\" \/>\r\n<meta property=\"og:image\" content=\"http:\/\/[contenturl%20type=templateurl]\/images\/thumbnails\/thumb-87580952.jpg\" \/>\r\n<meta name=\"twitter:card\" content=\"summary_large_image\" \/>\r\n<meta name=\"twitter:label1\" content=\"Est. reading time\">\n\t<meta name=\"twitter:data1\" content=\"1 minute\">\r\n<script type=\"application\/ld+json\" class=\"yoast-schema-graph\">{\"@context\":\"https:\/\/schema.org\",\"@graph\":[{\"@type\":\"WebSite\",\"@id\":\"http:\/\/www.puffinlearningacademy.com\/pt\/#website\",\"url\":\"http:\/\/www.puffinlearningacademy.com\/pt\/\",\"name\":\"ACADEMIA DE APRENDIZAGEM DO PUFFIN\",\"description\":\"Just another WordPress site\",\"potentialAction\":[{\"@type\":\"SearchAction\",\"target\":\"http:\/\/www.puffinlearningacademy.com\/pt\/?s={search_term_string}\",\"query-input\":\"required name=search_term_string\"}],\"inLanguage\":\"pt-PT\"},{\"@type\":\"ImageObject\",\"@id\":\"http:\/\/www.puffinlearningacademy.com\/pt\/preschool-programs\/music-program#primaryimage\",\"inLanguage\":\"pt-PT\",\"url\":\"[contenturl type=templateurl]\/images\/thumbnails\/thumb-87580952.jpg\"},{\"@type\":\"WebPage\",\"@id\":\"http:\/\/www.puffinlearningacademy.com\/pt\/preschool-programs\/music-program#webpage\",\"url\":\"http:\/\/www.puffinlearningacademy.com\/pt\/preschool-programs\/music-program\",\"name\":\"{:en}Music Program{:}{:es}Programa de m\\u00fasica{:}{:pt}Programa de m\\u00fasica{:} | ACADEMIA DE APRENDIZAGEM DO PUFFIN\",\"isPartOf\":{\"@id\":\"http:\/\/www.puffinlearningacademy.com\/pt\/#website\"},\"primaryImageOfPage\":{\"@id\":\"http:\/\/www.puffinlearningacademy.com\/pt\/preschool-programs\/music-program#primaryimage\"},\"datePublished\":\"2019-10-24T08:00:37+00:00\",\"dateModified\":\"2020-02-24T21:43:03+00:00\",\"inLanguage\":\"pt-PT\",\"potentialAction\":[{\"@type\":\"ReadAction\",\"target\":[\"http:\/\/www.puffinlearningacademy.com\/pt\/preschool-programs\/music-program\"]}]}]}<\/script>\r\n<!-- \/ Yoast SEO plugin. -->","_links":{"self":[{"href":"http:\/\/www.puffinlearningacademy.com\/pt\/wp-json\/wp\/v2\/pages\/88"}],"collection":[{"href":"http:\/\/www.puffinlearningacademy.com\/pt\/wp-json\/wp\/v2\/pages"}],"about":[{"href":"http:\/\/www.puffinlearningacademy.com\/pt\/wp-json\/wp\/v2\/types\/page"}],"author":[{"embeddable":true,"href":"http:\/\/www.puffinlearningacademy.com\/pt\/wp-json\/wp\/v2\/users\/1"}],"replies":[{"embeddable":true,"href":"http:\/\/www.puffinlearningacademy.com\/pt\/wp-json\/wp\/v2\/comments?post=88"}],"version-history":[{"count":9,"href":"http:\/\/www.puffinlearningacademy.com\/pt\/wp-json\/wp\/v2\/pages\/88\/revisions"}],"predecessor-version":[{"id":338,"href":"http:\/\/www.puffinlearningacademy.com\/pt\/wp-json\/wp\/v2\/pages\/88\/revisions\/338"}],"up":[{"embeddable":true,"href":"http:\/\/www.puffinlearningacademy.com\/pt\/wp-json\/wp\/v2\/pages\/9"}],"wp:attachment":[{"href":"http:\/\/www.puffinlearningacademy.com\/pt\/wp-json\/wp\/v2\/media?parent=88"}],"curies":[{"name":"wp","href":"https:\/\/api.w.org\/{rel}","templated":true}]}}