{"id":81,"date":"2019-10-24T07:54:08","date_gmt":"2019-10-24T07:54:08","guid":{"rendered":"https:\/\/web4.proweaverlinks.com\/puffinsla\/?page_id=81"},"modified":"2020-02-24T21:43:54","modified_gmt":"2020-02-24T21:43:54","slug":"lil-chefs","status":"publish","type":"page","link":"http:\/\/www.puffinlearningacademy.com\/pt\/preschool-programs\/lil-chefs","title":{"rendered":"Pequenos Chefes de culinaria"},"content":{"rendered":"<div class=\"intro_txt\">APRENDENDO COMO PEQUENOS CHEFS<\/div>\n<figure><img decoding=\"async\" src=\"http:\/\/www.puffinlearningacademy.com\/wp-content\/themes\/puffinla\/images\/thumbnails\/thumb-43031002.jpg\"  alt=\"criancas sorrindo vestidas com uniforme branco pretendendo ser chefe de culinaria\" class=\"thumb_right_dd\"\/><\/figure>\n<p>Lil Chefs \u00e9 um programa de culin\u00e1ria uma vez por semana, onde as crian\u00e7as participam de uma experi\u00eancia culin\u00e1ria especial. As crian\u00e7as se familiarizam com escolhas alimentares saud\u00e1veis, desenvolvem habilidades motoras finas com prepara\u00e7\u00e3o pr\u00e1tica e trabalham com matem\u00e1tica enquanto medem para a deliciosa receita daquela semana. Permita que seus filhos sejam expostos a matem\u00e1tica bonita e simples, bem como receitas deliciosas e nutritivas, como eles aprendem a se tornar Lil Chefs.<\/p>\n<div class=\"clearfix\"><\/div>\n<ul class=\"button\">\n<li><a href=\"http:\/\/www.puffinlearningacademy.com\/preschool-enrollment\">Inscreva-se agora!<\/a><\/li>\n<li><a style=\"line-height: inherit;\" href=\"http:\/\/www.puffinlearningacademy.com\/preschool-schedule-a-tour\">Venha nos fazer uma visita, marque um horario! <\/a><\/li>\n<li><a href=\"http:\/\/www.puffinlearningacademy.com\/preschool-contact-us\">Entre em contato conosco!<\/a><\/li>\n<\/ul>\n","protected":false},"excerpt":{"rendered":"<p>APRENDENDO COMO PEQUENOS CHEFS Lil Chefs \u00e9 um programa de culin\u00e1ria uma vez por semana, onde as crian\u00e7as participam de uma experi\u00eancia culin\u00e1ria especial. As crian\u00e7as se familiarizam com escolhas alimentares saud\u00e1veis, desenvolvem habilidades motoras finas com prepara\u00e7\u00e3o pr\u00e1tica e trabalham com matem\u00e1tica enquanto medem para a deliciosa receita daquela semana. Permita que seus filhos &hellip; <a href=\"http:\/\/www.puffinlearningacademy.com\/pt\/preschool-programs\/lil-chefs\">Continue reading <span class=\"meta-nav\">&rarr;<\/span><\/a><\/p>\n","protected":false},"author":1,"featured_media":0,"parent":9,"menu_order":0,"comment_status":"closed","ping_status":"closed","template":"","meta":{"footnotes":""},"yoast_head":"<!-- This site is optimized with the Yoast SEO plugin v15.5 - https:\/\/yoast.com\/wordpress\/plugins\/seo\/ -->\r\n<title>Pequenos Chefes de culinaria | ACADEMIA DE APRENDIZAGEM DO PUFFIN<\/title>\r\n<meta name=\"robots\" content=\"index, follow, max-snippet:-1, max-image-preview:large, max-video-preview:-1\" \/>\r\n<link rel=\"canonical\" href=\"http:\/\/www.puffinlearningacademy.com\/pt\/preschool-programs\/lil-chefs\" \/>\r\n<meta property=\"og:locale\" content=\"pt_PT\" \/>\r\n<meta property=\"og:type\" content=\"article\" \/>\r\n<meta property=\"og:title\" content=\"{:en}Lil Chefs{:}{:es}Lil Chefs{:}{:pt}Pequenos Chefes de culinaria{:} | ACADEMIA DE APRENDIZAGEM DO PUFFIN\" \/>\r\n<meta property=\"og:description\" content=\"APRENDENDO COMO PEQUENOS CHEFS Lil Chefs \u00e9 um programa de culin\u00e1ria uma vez por semana, onde as crian\u00e7as participam de uma experi\u00eancia culin\u00e1ria especial. As crian\u00e7as se familiarizam com escolhas alimentares saud\u00e1veis, desenvolvem habilidades motoras finas com prepara\u00e7\u00e3o pr\u00e1tica e trabalham com matem\u00e1tica enquanto medem para a deliciosa receita daquela semana. Permita que seus filhos &hellip; Continue reading &rarr;\" \/>\r\n<meta property=\"og:url\" content=\"http:\/\/www.puffinlearningacademy.com\/pt\/preschool-programs\/lil-chefs\" \/>\r\n<meta property=\"og:site_name\" content=\"ACADEMIA DE APRENDIZAGEM DO PUFFIN\" \/>\r\n<meta property=\"article:modified_time\" content=\"2020-02-24T21:43:54+00:00\" \/>\r\n<meta property=\"og:image\" content=\"http:\/\/[contenturl%20type=templateurl]\/images\/thumbnails\/thumb-43031002.jpg\" \/>\r\n<meta name=\"twitter:card\" content=\"summary_large_image\" \/>\r\n<meta name=\"twitter:label1\" content=\"Est. reading time\">\n\t<meta name=\"twitter:data1\" content=\"1 minute\">\r\n<script type=\"application\/ld+json\" class=\"yoast-schema-graph\">{\"@context\":\"https:\/\/schema.org\",\"@graph\":[{\"@type\":\"WebSite\",\"@id\":\"http:\/\/www.puffinlearningacademy.com\/pt\/#website\",\"url\":\"http:\/\/www.puffinlearningacademy.com\/pt\/\",\"name\":\"ACADEMIA DE APRENDIZAGEM DO PUFFIN\",\"description\":\"Just another WordPress site\",\"potentialAction\":[{\"@type\":\"SearchAction\",\"target\":\"http:\/\/www.puffinlearningacademy.com\/pt\/?s={search_term_string}\",\"query-input\":\"required name=search_term_string\"}],\"inLanguage\":\"pt-PT\"},{\"@type\":\"ImageObject\",\"@id\":\"http:\/\/www.puffinlearningacademy.com\/pt\/preschool-programs\/lil-chefs#primaryimage\",\"inLanguage\":\"pt-PT\",\"url\":\"[contenturl type=templateurl]\/images\/thumbnails\/thumb-43031002.jpg\"},{\"@type\":\"WebPage\",\"@id\":\"http:\/\/www.puffinlearningacademy.com\/pt\/preschool-programs\/lil-chefs#webpage\",\"url\":\"http:\/\/www.puffinlearningacademy.com\/pt\/preschool-programs\/lil-chefs\",\"name\":\"{:en}Lil Chefs{:}{:es}Lil Chefs{:}{:pt}Pequenos Chefes de culinaria{:} | ACADEMIA DE APRENDIZAGEM DO PUFFIN\",\"isPartOf\":{\"@id\":\"http:\/\/www.puffinlearningacademy.com\/pt\/#website\"},\"primaryImageOfPage\":{\"@id\":\"http:\/\/www.puffinlearningacademy.com\/pt\/preschool-programs\/lil-chefs#primaryimage\"},\"datePublished\":\"2019-10-24T07:54:08+00:00\",\"dateModified\":\"2020-02-24T21:43:54+00:00\",\"inLanguage\":\"pt-PT\",\"potentialAction\":[{\"@type\":\"ReadAction\",\"target\":[\"http:\/\/www.puffinlearningacademy.com\/pt\/preschool-programs\/lil-chefs\"]}]}]}<\/script>\r\n<!-- \/ Yoast SEO plugin. -->","_links":{"self":[{"href":"http:\/\/www.puffinlearningacademy.com\/pt\/wp-json\/wp\/v2\/pages\/81"}],"collection":[{"href":"http:\/\/www.puffinlearningacademy.com\/pt\/wp-json\/wp\/v2\/pages"}],"about":[{"href":"http:\/\/www.puffinlearningacademy.com\/pt\/wp-json\/wp\/v2\/types\/page"}],"author":[{"embeddable":true,"href":"http:\/\/www.puffinlearningacademy.com\/pt\/wp-json\/wp\/v2\/users\/1"}],"replies":[{"embeddable":true,"href":"http:\/\/www.puffinlearningacademy.com\/pt\/wp-json\/wp\/v2\/comments?post=81"}],"version-history":[{"count":9,"href":"http:\/\/www.puffinlearningacademy.com\/pt\/wp-json\/wp\/v2\/pages\/81\/revisions"}],"predecessor-version":[{"id":339,"href":"http:\/\/www.puffinlearningacademy.com\/pt\/wp-json\/wp\/v2\/pages\/81\/revisions\/339"}],"up":[{"embeddable":true,"href":"http:\/\/www.puffinlearningacademy.com\/pt\/wp-json\/wp\/v2\/pages\/9"}],"wp:attachment":[{"href":"http:\/\/www.puffinlearningacademy.com\/pt\/wp-json\/wp\/v2\/media?parent=81"}],"curies":[{"name":"wp","href":"https:\/\/api.w.org\/{rel}","templated":true}]}}