{"id":8,"date":"2019-10-22T09:07:33","date_gmt":"2019-10-22T09:07:33","guid":{"rendered":"http:\/\/localhost\/puffinsla\/?page_id=8"},"modified":"2025-03-19T11:28:47","modified_gmt":"2025-03-19T11:28:47","slug":"preschool-about-us","status":"publish","type":"page","link":"http:\/\/www.puffinlearningacademy.com\/pt\/preschool-about-us","title":{"rendered":"Sobre n\u00f3s"},"content":{"rendered":"<div class=\"intro_txt\">CUIDADOS INFANTIS EXCEPCIONAIS<\/div>\n<h3>Quem somos<\/h3>\n<p>Desde 1998, a Puffin&#8217;s Learning Academy tem servido em diferentes localidades, ajudando as crian\u00e7as a se tornarem futuras aprendizes ao longo da vida para programas apropriados para a idade e cheios de divers\u00e3o. Temos uma equipe amig\u00e1vel, amorosa e qualificada. Al\u00e9m disso, a S.T.E.A.M. est\u00e1 integrada ao nosso curr\u00edculo, criando assim mentes curiosas e inspiradas em todas as idades e incentivando os pequenas a planejar, projetar, construir e desenvolver.<\/p>\n<div class=\"about_us\">\n<div id=\"mission\" class=\"about_box1\">\n<h3>Nossa Miss\u00e3o<\/h3>\n<p>Nossa miss\u00e3o \u00e9 fornecer um programa pr\u00e9-escolar totalmente integrado para promover o crescimento social e emocional da crian\u00e7a, bem como seu desenvolvimento f\u00edsico e mental.<\/p>\n<\/div>\n<div class=\"about_box2\">\n<h3>Nossa filosofia<\/h3>\n<p>A Academia de Aprendizagem de Puffin acredita que as habilidades essenciais necess\u00e1rias para uma vida produtiva e bem-sucedida s\u00e3o aprendidas e ampliadas antes dos 6 anos de idade. Habilidades de aprendizagem, comunica\u00e7\u00e3o, emocionais e interpessoais s\u00e3o desenvolvidas durante esses anos de forma\u00e7\u00e3o.<\/p>\n<\/div>\n<div class=\"about_box3\">\n<h3>Nosso objetivo<\/h3>\n<p>O objetivo da pr\u00e9-escola \u00e9 orientar cada crian\u00e7a no crescimento de sua personalidade como um todo. As \u00e1reas relacionadas ao desenvolvimento f\u00edsico, mental, emocional e social recebem a mesma aten\u00e7\u00e3o na prepara\u00e7\u00e3o de um curr\u00edculo que se adapte \u00e0s necessidades de cada crian\u00e7a. A auto-express\u00e3o, a criatividade e o pensamento anal\u00edtico de uma crian\u00e7a s\u00e3o trabalhadas e observadas a todo tempo.<\/p>\n<\/div>\n<div class=\"about_box4\">\n<h3>Curr\u00edculo de alto padr\u00e3o<\/h3>\n<p>Somos mantidos em padr\u00f5es mais rigorosos do que o seu centro de cuidados infantis m\u00e9dio, com base nas diretrizes de acredita\u00e7\u00e3o nacional e nos padr\u00f5es de contagem de qualidade. Nosso Curr\u00edculo Acad\u00eamico \u00e9 baseado na mais recente pesquisa em desenvolvimento infantil, juntamente com a instru\u00e7\u00e3o tradicional experimentada e verdadeira. Para saber mais sobre nosso curr\u00edculo, <a href=\"http:\/\/www.puffinlearningacademy.com\/preschool-programs\/our-curriculum\">clique aqui.<\/a>. <\/p>\n<\/div>\n<\/div>\n<p><img decoding=\"async\" src=\"http:\/\/www.puffinlearningacademy.com\/wp-content\/themes\/puffinla\/images\/thumbnails\/thumb_151905908.jpg\" class=\"thumb_right_dd\" alt=\"Retrato mi\u00fados novos primeiro dia da escola\"><\/p>\n<h3>KidReports App: Relat\u00f3rios di\u00e1rios e fotos instant\u00e2neas<\/h3>\n<p>Nosso aplicativo de pai de smartphone \u00e9 \u00fanico entre as escolas em nossa \u00e1rea. Estamos em contato constante com voc\u00ea sobre o dia do seu filho. Nosso aplicativo m\u00f3vel mant\u00e9m voc\u00ea conectado durante todo o dia do seu filho. Receba fotos e atualiza\u00e7\u00f5es em tempo real sobre cuidados, aprendizado e marcos e mantenha-se atualizado sobre notifica\u00e7\u00f5es importantes. KidReports \u00e9 mais do que relat\u00f3rios di\u00e1rios e dados. \u00c9 a sua solu\u00e7\u00e3o m\u00f3vel. KidReports revoluciona o envolvimento dos pais e gest\u00e3o de sala de aula.<\/p>\n<h3>Padr\u00e3o de seguran\u00e7a e limpeza<\/h3>\n<p>Nosso sistema de monitoramento de v\u00eddeo em todas as instala\u00e7\u00f5es internas e externas, e pol\u00edticas de seguran\u00e7a abrangentes garantem que seu filho esteja sempre nas melhores m\u00e3os. Temos tamb\u00e9m uma instala\u00e7\u00e3o clara limpae &#8211; &#8220;Mesmo o ar cheira limpo&#8221;!<\/p>\n<h3>100% Prepara\u00e7\u00e3o para o jardim de inf\u00e2ncia<\/h3>\n<p>Nossos graduados ganharam a nossa escola uma taxa de prontid\u00e3o jardim de inf\u00e2ncia de 100%, uma pontua\u00e7\u00e3o perfeita que destaca o registro acad\u00eamico de prest\u00edgio do nosso programa pr\u00e9-escolar. <\/p>\n<ul class=\"button\">\n<li><a href=\"http:\/\/www.puffinlearningacademy.com\/preschool-enrollment\">Inscreva-se agora!<\/a><\/li>\n<li><a style=\"line-height: inherit;\" href=\"http:\/\/www.puffinlearningacademy.com\/preschool-schedule-a-tour\">Liga agora para marcar uma visita!<\/a><\/li>\n<li><a href=\"http:\/\/www.puffinlearningacademy.com\/preschool-contact-us\">Entre em contato!<\/a><\/li>\n<\/ul>\n","protected":false},"excerpt":{"rendered":"<p>CUIDADOS INFANTIS EXCEPCIONAIS Quem somos Desde 1998, a Puffin&#8217;s Learning Academy tem servido em diferentes localidades, ajudando as crian\u00e7as a se tornarem futuras aprendizes ao longo da vida para programas apropriados para a idade e cheios de divers\u00e3o. Temos uma equipe amig\u00e1vel, amorosa e qualificada. Al\u00e9m disso, a S.T.E.A.M. est\u00e1 integrada ao nosso curr\u00edculo, criando &hellip; <a href=\"http:\/\/www.puffinlearningacademy.com\/pt\/preschool-about-us\">Continue reading <span class=\"meta-nav\">&rarr;<\/span><\/a><\/p>\n","protected":false},"author":1,"featured_media":202,"parent":0,"menu_order":0,"comment_status":"closed","ping_status":"closed","template":"","meta":{"footnotes":""},"yoast_head":"<!-- This site is optimized with the Yoast SEO plugin v15.5 - https:\/\/yoast.com\/wordpress\/plugins\/seo\/ -->\r\n<title>Sobre n\u00f3s | ACADEMIA DE APRENDIZAGEM DO PUFFIN<\/title>\r\n<meta name=\"robots\" content=\"index, follow, max-snippet:-1, max-image-preview:large, max-video-preview:-1\" \/>\r\n<link rel=\"canonical\" href=\"http:\/\/www.puffinlearningacademy.com\/pt\/preschool-about-us\" \/>\r\n<meta property=\"og:locale\" content=\"pt_PT\" \/>\r\n<meta property=\"og:type\" content=\"article\" \/>\r\n<meta property=\"og:title\" content=\"{:en}About Us{:}{:es}Sobre nosotros{:}{:pt}Sobre n\u00f3s{:} | ACADEMIA DE APRENDIZAGEM DO PUFFIN\" \/>\r\n<meta property=\"og:description\" content=\"CUIDADOS INFANTIS EXCEPCIONAIS Quem somos Desde 1998, a Puffin&#8217;s Learning Academy tem servido em diferentes localidades, ajudando as crian\u00e7as a se tornarem futuras aprendizes ao longo da vida para programas apropriados para a idade e cheios de divers\u00e3o. Temos uma equipe amig\u00e1vel, amorosa e qualificada. Al\u00e9m disso, a S.T.E.A.M. est\u00e1 integrada ao nosso curr\u00edculo, criando &hellip; Continue reading &rarr;\" \/>\r\n<meta property=\"og:url\" content=\"http:\/\/www.puffinlearningacademy.com\/pt\/preschool-about-us\" \/>\r\n<meta property=\"og:site_name\" content=\"ACADEMIA DE APRENDIZAGEM DO PUFFIN\" \/>\r\n<meta property=\"article:modified_time\" content=\"2025-03-19T11:28:47+00:00\" \/>\r\n<meta property=\"og:image\" content=\"http:\/\/www.puffinlearningacademy.com\/wp-content\/uploads\/2019\/10\/bnr-638200663.jpg\" \/>\r\n\t<meta property=\"og:image:width\" content=\"1920\" \/>\r\n\t<meta property=\"og:image:height\" content=\"500\" \/>\r\n<meta name=\"twitter:card\" content=\"summary_large_image\" \/>\r\n<meta name=\"twitter:label1\" content=\"Est. reading time\">\n\t<meta name=\"twitter:data1\" content=\"6 minutes\">\r\n<script type=\"application\/ld+json\" class=\"yoast-schema-graph\">{\"@context\":\"https:\/\/schema.org\",\"@graph\":[{\"@type\":\"WebSite\",\"@id\":\"http:\/\/www.puffinlearningacademy.com\/pt\/#website\",\"url\":\"http:\/\/www.puffinlearningacademy.com\/pt\/\",\"name\":\"ACADEMIA DE APRENDIZAGEM DO PUFFIN\",\"description\":\"Just another WordPress site\",\"potentialAction\":[{\"@type\":\"SearchAction\",\"target\":\"http:\/\/www.puffinlearningacademy.com\/pt\/?s={search_term_string}\",\"query-input\":\"required name=search_term_string\"}],\"inLanguage\":\"pt-PT\"},{\"@type\":\"ImageObject\",\"@id\":\"http:\/\/www.puffinlearningacademy.com\/pt\/preschool-about-us#primaryimage\",\"inLanguage\":\"pt-PT\",\"url\":\"http:\/\/www.puffinlearningacademy.com\/wp-content\/uploads\/2019\/10\/bnr-638200663.jpg\",\"width\":1920,\"height\":500,\"caption\":\"Group of Diverse Kids Reading Books Together Studio Portrait\"},{\"@type\":\"WebPage\",\"@id\":\"http:\/\/www.puffinlearningacademy.com\/pt\/preschool-about-us#webpage\",\"url\":\"http:\/\/www.puffinlearningacademy.com\/pt\/preschool-about-us\",\"name\":\"{:en}About Us{:}{:es}Sobre nosotros{:}{:pt}Sobre n\\u00f3s{:} | ACADEMIA DE APRENDIZAGEM DO PUFFIN\",\"isPartOf\":{\"@id\":\"http:\/\/www.puffinlearningacademy.com\/pt\/#website\"},\"primaryImageOfPage\":{\"@id\":\"http:\/\/www.puffinlearningacademy.com\/pt\/preschool-about-us#primaryimage\"},\"datePublished\":\"2019-10-22T09:07:33+00:00\",\"dateModified\":\"2025-03-19T11:28:47+00:00\",\"inLanguage\":\"pt-PT\",\"potentialAction\":[{\"@type\":\"ReadAction\",\"target\":[\"http:\/\/www.puffinlearningacademy.com\/pt\/preschool-about-us\"]}]}]}<\/script>\r\n<!-- \/ Yoast SEO plugin. -->","_links":{"self":[{"href":"http:\/\/www.puffinlearningacademy.com\/pt\/wp-json\/wp\/v2\/pages\/8"}],"collection":[{"href":"http:\/\/www.puffinlearningacademy.com\/pt\/wp-json\/wp\/v2\/pages"}],"about":[{"href":"http:\/\/www.puffinlearningacademy.com\/pt\/wp-json\/wp\/v2\/types\/page"}],"author":[{"embeddable":true,"href":"http:\/\/www.puffinlearningacademy.com\/pt\/wp-json\/wp\/v2\/users\/1"}],"replies":[{"embeddable":true,"href":"http:\/\/www.puffinlearningacademy.com\/pt\/wp-json\/wp\/v2\/comments?post=8"}],"version-history":[{"count":20,"href":"http:\/\/www.puffinlearningacademy.com\/pt\/wp-json\/wp\/v2\/pages\/8\/revisions"}],"predecessor-version":[{"id":363,"href":"http:\/\/www.puffinlearningacademy.com\/pt\/wp-json\/wp\/v2\/pages\/8\/revisions\/363"}],"wp:featuredmedia":[{"embeddable":true,"href":"http:\/\/www.puffinlearningacademy.com\/pt\/wp-json\/wp\/v2\/media\/202"}],"wp:attachment":[{"href":"http:\/\/www.puffinlearningacademy.com\/pt\/wp-json\/wp\/v2\/media?parent=8"}],"curies":[{"name":"wp","href":"https:\/\/api.w.org\/{rel}","templated":true}]}}