{"id":56,"date":"2019-10-23T04:57:55","date_gmt":"2019-10-23T04:57:55","guid":{"rendered":"http:\/\/localhost\/puffinsla\/?page_id=56"},"modified":"2020-02-24T21:41:09","modified_gmt":"2020-02-24T21:41:09","slug":"aftercare-program","status":"publish","type":"page","link":"http:\/\/www.puffinlearningacademy.com\/pt\/preschool-programs\/aftercare-program","title":{"rendered":"Programa de cuidados posteriors \u2013 K to 5 grade."},"content":{"rendered":"<div class=\"intro_txt\">APRENDIZAGEM CHEIA DE DIVERS\u00c3O CONTINUA MESMO DEPOIS DA ESCOLA.<\/div>\n<figure><img decoding=\"async\" src=\"http:\/\/www.puffinlearningacademy.com\/wp-content\/themes\/puffinla\/images\/thumbnails\/thumb-772922518.jpg\"  alt=\"crian\u00e7as jogando cabo de guerra em seu acampamento de ver\u00e3o\" class=\"thumb_right_dd\"\/><\/figure>\n<p>Nosso programa da idade escolar para sess\u00f5es p\u00f3s-escolares e f\u00e9rias escolares oferece \u00e0s crian\u00e7as um ambiente ideal para completar a li\u00e7\u00e3o de casa e se desenvolver com outras crian\u00e7as. Eles s\u00e3o expostos a atividades divertidas e criativas, incluindo ir em passeios extras nas sextas-feiras. Nossos professores qualificados est\u00e3o l\u00e1 para ajudar seu filho a completar sua li\u00e7\u00e3o de casa com sucesso. Eles tamb\u00e9m v\u00e3o envolver as crian\u00e7as em jogos de grupo, projetos de arte e exerc\u00edcio f\u00edsico ao ar livre. Nossa sala de idade escolar \u00e9 um lugar divertido para se estar, permitindo que as crian\u00e7as aprendem mais com uma extensao e variedades de Ensino extra do curriculo.<\/p>\n<div class=\"clearfix\"><\/div>\n<ul class=\"button\">\n<li><a href=\"http:\/\/www.puffinlearningacademy.com\/preschool-enrollment\">Inscreva-se agora!<\/a><\/li>\n<li><a style=\"line-height: inherit;\" href=\"http:\/\/www.puffinlearningacademy.com\/preschool-schedule-a-tour\">Venha nos fazer uma visita, marque um horario! <\/a><\/li>\n<li><a href=\"http:\/\/www.puffinlearningacademy.com\/preschool-contact-us\">Entre em contato conosco!<\/a><\/li>\n<\/ul>\n","protected":false},"excerpt":{"rendered":"<p>APRENDIZAGEM CHEIA DE DIVERS\u00c3O CONTINUA MESMO DEPOIS DA ESCOLA. Nosso programa da idade escolar para sess\u00f5es p\u00f3s-escolares e f\u00e9rias escolares oferece \u00e0s crian\u00e7as um ambiente ideal para completar a li\u00e7\u00e3o de casa e se desenvolver com outras crian\u00e7as. Eles s\u00e3o expostos a atividades divertidas e criativas, incluindo ir em passeios extras nas sextas-feiras. Nossos professores &hellip; <a href=\"http:\/\/www.puffinlearningacademy.com\/pt\/preschool-programs\/aftercare-program\">Continue reading <span class=\"meta-nav\">&rarr;<\/span><\/a><\/p>\n","protected":false},"author":1,"featured_media":0,"parent":9,"menu_order":0,"comment_status":"closed","ping_status":"closed","template":"","meta":{"footnotes":""},"yoast_head":"<!-- This site is optimized with the Yoast SEO plugin v15.5 - https:\/\/yoast.com\/wordpress\/plugins\/seo\/ -->\r\n<title>Programa de cuidados posteriors \u2013 K to 5 grade. | ACADEMIA DE APRENDIZAGEM DO PUFFIN<\/title>\r\n<meta name=\"robots\" content=\"index, follow, max-snippet:-1, max-image-preview:large, max-video-preview:-1\" \/>\r\n<link rel=\"canonical\" href=\"http:\/\/www.puffinlearningacademy.com\/pt\/preschool-programs\/aftercare-program\" \/>\r\n<meta property=\"og:locale\" content=\"pt_PT\" \/>\r\n<meta property=\"og:type\" content=\"article\" \/>\r\n<meta property=\"og:title\" content=\"{:en}Aftercare Program{:}{:es}Programa Aftercare{:}{:pt}Programa de cuidados posteriors \u2013 K to 5 grade.{:} | ACADEMIA DE APRENDIZAGEM DO PUFFIN\" \/>\r\n<meta property=\"og:description\" content=\"APRENDIZAGEM CHEIA DE DIVERS\u00c3O CONTINUA MESMO DEPOIS DA ESCOLA. Nosso programa da idade escolar para sess\u00f5es p\u00f3s-escolares e f\u00e9rias escolares oferece \u00e0s crian\u00e7as um ambiente ideal para completar a li\u00e7\u00e3o de casa e se desenvolver com outras crian\u00e7as. Eles s\u00e3o expostos a atividades divertidas e criativas, incluindo ir em passeios extras nas sextas-feiras. Nossos professores &hellip; Continue reading &rarr;\" \/>\r\n<meta property=\"og:url\" content=\"http:\/\/www.puffinlearningacademy.com\/pt\/preschool-programs\/aftercare-program\" \/>\r\n<meta property=\"og:site_name\" content=\"ACADEMIA DE APRENDIZAGEM DO PUFFIN\" \/>\r\n<meta property=\"article:modified_time\" content=\"2020-02-24T21:41:09+00:00\" \/>\r\n<meta property=\"og:image\" content=\"http:\/\/[contenturl%20type=templateurl]\/images\/thumbnails\/thumb-772922518.jpg\" \/>\r\n<meta name=\"twitter:card\" content=\"summary_large_image\" \/>\r\n<meta name=\"twitter:label1\" content=\"Est. reading time\">\n\t<meta name=\"twitter:data1\" content=\"2 minutes\">\r\n<script type=\"application\/ld+json\" class=\"yoast-schema-graph\">{\"@context\":\"https:\/\/schema.org\",\"@graph\":[{\"@type\":\"WebSite\",\"@id\":\"http:\/\/www.puffinlearningacademy.com\/pt\/#website\",\"url\":\"http:\/\/www.puffinlearningacademy.com\/pt\/\",\"name\":\"ACADEMIA DE APRENDIZAGEM DO PUFFIN\",\"description\":\"Just another WordPress site\",\"potentialAction\":[{\"@type\":\"SearchAction\",\"target\":\"http:\/\/www.puffinlearningacademy.com\/pt\/?s={search_term_string}\",\"query-input\":\"required name=search_term_string\"}],\"inLanguage\":\"pt-PT\"},{\"@type\":\"ImageObject\",\"@id\":\"http:\/\/www.puffinlearningacademy.com\/pt\/preschool-programs\/aftercare-program#primaryimage\",\"inLanguage\":\"pt-PT\",\"url\":\"[contenturl type=templateurl]\/images\/thumbnails\/thumb-772922518.jpg\"},{\"@type\":\"WebPage\",\"@id\":\"http:\/\/www.puffinlearningacademy.com\/pt\/preschool-programs\/aftercare-program#webpage\",\"url\":\"http:\/\/www.puffinlearningacademy.com\/pt\/preschool-programs\/aftercare-program\",\"name\":\"{:en}Aftercare Program{:}{:es}Programa Aftercare{:}{:pt}Programa de cuidados posteriors \\u2013 K to 5 grade.{:} | ACADEMIA DE APRENDIZAGEM DO PUFFIN\",\"isPartOf\":{\"@id\":\"http:\/\/www.puffinlearningacademy.com\/pt\/#website\"},\"primaryImageOfPage\":{\"@id\":\"http:\/\/www.puffinlearningacademy.com\/pt\/preschool-programs\/aftercare-program#primaryimage\"},\"datePublished\":\"2019-10-23T04:57:55+00:00\",\"dateModified\":\"2020-02-24T21:41:09+00:00\",\"inLanguage\":\"pt-PT\",\"potentialAction\":[{\"@type\":\"ReadAction\",\"target\":[\"http:\/\/www.puffinlearningacademy.com\/pt\/preschool-programs\/aftercare-program\"]}]}]}<\/script>\r\n<!-- \/ Yoast SEO plugin. -->","_links":{"self":[{"href":"http:\/\/www.puffinlearningacademy.com\/pt\/wp-json\/wp\/v2\/pages\/56"}],"collection":[{"href":"http:\/\/www.puffinlearningacademy.com\/pt\/wp-json\/wp\/v2\/pages"}],"about":[{"href":"http:\/\/www.puffinlearningacademy.com\/pt\/wp-json\/wp\/v2\/types\/page"}],"author":[{"embeddable":true,"href":"http:\/\/www.puffinlearningacademy.com\/pt\/wp-json\/wp\/v2\/users\/1"}],"replies":[{"embeddable":true,"href":"http:\/\/www.puffinlearningacademy.com\/pt\/wp-json\/wp\/v2\/comments?post=56"}],"version-history":[{"count":11,"href":"http:\/\/www.puffinlearningacademy.com\/pt\/wp-json\/wp\/v2\/pages\/56\/revisions"}],"predecessor-version":[{"id":335,"href":"http:\/\/www.puffinlearningacademy.com\/pt\/wp-json\/wp\/v2\/pages\/56\/revisions\/335"}],"up":[{"embeddable":true,"href":"http:\/\/www.puffinlearningacademy.com\/pt\/wp-json\/wp\/v2\/pages\/9"}],"wp:attachment":[{"href":"http:\/\/www.puffinlearningacademy.com\/pt\/wp-json\/wp\/v2\/media?parent=56"}],"curies":[{"name":"wp","href":"https:\/\/api.w.org\/{rel}","templated":true}]}}