{"id":54,"date":"2019-10-23T04:57:52","date_gmt":"2019-10-23T04:57:52","guid":{"rendered":"http:\/\/localhost\/puffinsla\/?page_id=54"},"modified":"2020-02-24T21:39:35","modified_gmt":"2020-02-24T21:39:35","slug":"preschool","status":"publish","type":"page","link":"http:\/\/www.puffinlearningacademy.com\/pt\/preschool-programs\/preschool","title":{"rendered":"Pr\u00e9-escolar (36 meses a 48 meses)"},"content":{"rendered":"<div class=\"intro_txt\">TRANSI\u00c7\u00c3O SUAVE PARA A PR\u00c9-ESCOLA<\/div>\n<figure><img decoding=\"async\" src=\"http:\/\/www.puffinlearningacademy.com\/wp-content\/themes\/puffinla\/images\/thumbnails\/thumb_707462947.jpg\" alt=\"Menino preto africano muito feliz que faz polegares acima do sinal\" class=\"thumb_right_dd\"><\/figure>\n<p>Nossos professores trabalham com seu filho, que vai passar pela transi\u00e7\u00e3o de ser uma crian\u00e7a para um jovem aprendiz, se preparando para a pr\u00e9-escola. Enquanto isso, a sala e o curr\u00edculo s\u00e3o projetados para permitir que seu filho torne esse processo f\u00e1cil. Nosso metodo de ensino e atividades tamb\u00e9m dar\u00e3o um passo em dia com seu n\u00edvel de aprendizagem. Voc\u00ea pode confiar em nossos professores para ajudar seu filho a desfrutar de sua experi\u00eancia de aprendizagem.<\/p>\n<div class=\"clearfix\"><\/div>\n<ul class=\"button\">\n<li><a href=\"http:\/\/www.puffinlearningacademy.com\/preschool-enrollment\">Inscreva-se agora!<\/a><\/li>\n<li><a style=\"line-height: inherit;\" href=\"http:\/\/www.puffinlearningacademy.com\/preschool-schedule-a-tour\">Venha nos fazer uma visita, marque um horario! <\/a><\/li>\n<li><a href=\"http:\/\/www.puffinlearningacademy.com\/preschool-contact-us\">Entre em contato conosco!<\/a><\/li>\n<\/ul>\n","protected":false},"excerpt":{"rendered":"<p>TRANSI\u00c7\u00c3O SUAVE PARA A PR\u00c9-ESCOLA Nossos professores trabalham com seu filho, que vai passar pela transi\u00e7\u00e3o de ser uma crian\u00e7a para um jovem aprendiz, se preparando para a pr\u00e9-escola. Enquanto isso, a sala e o curr\u00edculo s\u00e3o projetados para permitir que seu filho torne esse processo f\u00e1cil. Nosso metodo de ensino e atividades tamb\u00e9m dar\u00e3o &hellip; <a href=\"http:\/\/www.puffinlearningacademy.com\/pt\/preschool-programs\/preschool\">Continue reading <span class=\"meta-nav\">&rarr;<\/span><\/a><\/p>\n","protected":false},"author":1,"featured_media":0,"parent":9,"menu_order":0,"comment_status":"closed","ping_status":"closed","template":"","meta":{"footnotes":""},"yoast_head":"<!-- This site is optimized with the Yoast SEO plugin v15.5 - https:\/\/yoast.com\/wordpress\/plugins\/seo\/ -->\r\n<title>Pr\u00e9-escolar (36 meses a 48 meses) | ACADEMIA DE APRENDIZAGEM DO PUFFIN<\/title>\r\n<meta name=\"robots\" content=\"index, follow, max-snippet:-1, max-image-preview:large, max-video-preview:-1\" \/>\r\n<link rel=\"canonical\" href=\"http:\/\/www.puffinlearningacademy.com\/pt\/preschool-programs\/preschool\" \/>\r\n<meta property=\"og:locale\" content=\"pt_PT\" \/>\r\n<meta property=\"og:type\" content=\"article\" \/>\r\n<meta property=\"og:title\" content=\"{:en}Preschool (30 Months-38 Months){:}{:es}Pre-escolar (30 Meses-38 Meses{:}{:pt}Pr\u00e9-escolar (36 meses a 48 meses){:} | ACADEMIA DE APRENDIZAGEM DO PUFFIN\" \/>\r\n<meta property=\"og:description\" content=\"TRANSI\u00c7\u00c3O SUAVE PARA A PR\u00c9-ESCOLA Nossos professores trabalham com seu filho, que vai passar pela transi\u00e7\u00e3o de ser uma crian\u00e7a para um jovem aprendiz, se preparando para a pr\u00e9-escola. Enquanto isso, a sala e o curr\u00edculo s\u00e3o projetados para permitir que seu filho torne esse processo f\u00e1cil. Nosso metodo de ensino e atividades tamb\u00e9m dar\u00e3o &hellip; Continue reading &rarr;\" \/>\r\n<meta property=\"og:url\" content=\"http:\/\/www.puffinlearningacademy.com\/pt\/preschool-programs\/preschool\" \/>\r\n<meta property=\"og:site_name\" content=\"ACADEMIA DE APRENDIZAGEM DO PUFFIN\" \/>\r\n<meta property=\"article:modified_time\" content=\"2020-02-24T21:39:35+00:00\" \/>\r\n<meta property=\"og:image\" content=\"http:\/\/[contenturl%20type=&#039;templateurl&#039;%5D\/images\/thumbnails\/thumb_707462947.jpg\" \/>\r\n<meta name=\"twitter:card\" content=\"summary_large_image\" \/>\r\n<meta name=\"twitter:label1\" content=\"Est. reading time\">\n\t<meta name=\"twitter:data1\" content=\"1 minute\">\r\n<script type=\"application\/ld+json\" class=\"yoast-schema-graph\">{\"@context\":\"https:\/\/schema.org\",\"@graph\":[{\"@type\":\"WebSite\",\"@id\":\"http:\/\/www.puffinlearningacademy.com\/pt\/#website\",\"url\":\"http:\/\/www.puffinlearningacademy.com\/pt\/\",\"name\":\"ACADEMIA DE APRENDIZAGEM DO PUFFIN\",\"description\":\"Just another WordPress site\",\"potentialAction\":[{\"@type\":\"SearchAction\",\"target\":\"http:\/\/www.puffinlearningacademy.com\/pt\/?s={search_term_string}\",\"query-input\":\"required name=search_term_string\"}],\"inLanguage\":\"pt-PT\"},{\"@type\":\"ImageObject\",\"@id\":\"http:\/\/www.puffinlearningacademy.com\/pt\/preschool-programs\/preschool#primaryimage\",\"inLanguage\":\"pt-PT\",\"url\":\"[contenturl type='templateurl']\/images\/thumbnails\/thumb_707462947.jpg\"},{\"@type\":\"WebPage\",\"@id\":\"http:\/\/www.puffinlearningacademy.com\/pt\/preschool-programs\/preschool#webpage\",\"url\":\"http:\/\/www.puffinlearningacademy.com\/pt\/preschool-programs\/preschool\",\"name\":\"{:en}Preschool (30 Months-38 Months){:}{:es}Pre-escolar (30 Meses-38 Meses{:}{:pt}Pr\\u00e9-escolar (36 meses a 48 meses){:} | ACADEMIA DE APRENDIZAGEM DO PUFFIN\",\"isPartOf\":{\"@id\":\"http:\/\/www.puffinlearningacademy.com\/pt\/#website\"},\"primaryImageOfPage\":{\"@id\":\"http:\/\/www.puffinlearningacademy.com\/pt\/preschool-programs\/preschool#primaryimage\"},\"datePublished\":\"2019-10-23T04:57:52+00:00\",\"dateModified\":\"2020-02-24T21:39:35+00:00\",\"inLanguage\":\"pt-PT\",\"potentialAction\":[{\"@type\":\"ReadAction\",\"target\":[\"http:\/\/www.puffinlearningacademy.com\/pt\/preschool-programs\/preschool\"]}]}]}<\/script>\r\n<!-- \/ Yoast SEO plugin. -->","_links":{"self":[{"href":"http:\/\/www.puffinlearningacademy.com\/pt\/wp-json\/wp\/v2\/pages\/54"}],"collection":[{"href":"http:\/\/www.puffinlearningacademy.com\/pt\/wp-json\/wp\/v2\/pages"}],"about":[{"href":"http:\/\/www.puffinlearningacademy.com\/pt\/wp-json\/wp\/v2\/types\/page"}],"author":[{"embeddable":true,"href":"http:\/\/www.puffinlearningacademy.com\/pt\/wp-json\/wp\/v2\/users\/1"}],"replies":[{"embeddable":true,"href":"http:\/\/www.puffinlearningacademy.com\/pt\/wp-json\/wp\/v2\/comments?post=54"}],"version-history":[{"count":15,"href":"http:\/\/www.puffinlearningacademy.com\/pt\/wp-json\/wp\/v2\/pages\/54\/revisions"}],"predecessor-version":[{"id":334,"href":"http:\/\/www.puffinlearningacademy.com\/pt\/wp-json\/wp\/v2\/pages\/54\/revisions\/334"}],"up":[{"embeddable":true,"href":"http:\/\/www.puffinlearningacademy.com\/pt\/wp-json\/wp\/v2\/pages\/9"}],"wp:attachment":[{"href":"http:\/\/www.puffinlearningacademy.com\/pt\/wp-json\/wp\/v2\/media?parent=54"}],"curies":[{"name":"wp","href":"https:\/\/api.w.org\/{rel}","templated":true}]}}