{"id":53,"date":"2019-10-23T04:57:50","date_gmt":"2019-10-23T04:57:50","guid":{"rendered":"http:\/\/localhost\/puffinsla\/?page_id=53"},"modified":"2020-02-24T21:39:11","modified_gmt":"2020-02-24T21:39:11","slug":"twos","status":"publish","type":"page","link":"http:\/\/www.puffinlearningacademy.com\/pt\/preschool-programs\/twos","title":{"rendered":"Dois (24 meses-36 meses)"},"content":{"rendered":"<div class=\"intro_txt\">MAXIMIZANDO a independ\u00eancia das crian\u00e7as<\/div>\n<figure><img decoding=\"async\" src=\"http:\/\/www.puffinlearningacademy.com\/wp-content\/themes\/puffinla\/images\/thumbnails\/thumb-100656117.jpg\" alt=\"crian\u00e7as que jogam na tabela dentro do pr\u00e9-escolar\" class=\"thumb_right_dd\"\/><\/figure>\n<p>Nosso programa de dois anos de idade \u00e9 projetado para se concentrar na independ\u00eancia como as crian\u00e7as se tornam mais conscientes do mundo ao seu redor. Aumentar sua linguagem, habilidades sociais\/emocionais, cognitivas e f\u00edsicas permitem que eles sejam cada vez mais ativos em seu desenvolvimento. Assim, expomo-los a programas e atividades que os incentivar\u00e3o a interagir com seus colegas ao descobrirem e aprenderem coisas novas.<\/p>\n<div class=\"clearfix\"><\/div>\n<ul class=\"button\">\n<li><a href=\"http:\/\/www.puffinlearningacademy.com\/preschool-enrollment\">Inscreva-se agora!<\/a><\/li>\n<li><a style=\"line-height: inherit;\" href=\"http:\/\/www.puffinlearningacademy.com\/preschool-schedule-a-tour\">Venha nos fazer uma visita, marque um horario! <\/a><\/li>\n<li><a href=\"http:\/\/www.puffinlearningacademy.com\/preschool-contact-us\">Entre em contato conosco!<\/a><\/li>\n<\/ul>\n","protected":false},"excerpt":{"rendered":"<p>MAXIMIZANDO a independ\u00eancia das crian\u00e7as Nosso programa de dois anos de idade \u00e9 projetado para se concentrar na independ\u00eancia como as crian\u00e7as se tornam mais conscientes do mundo ao seu redor. Aumentar sua linguagem, habilidades sociais\/emocionais, cognitivas e f\u00edsicas permitem que eles sejam cada vez mais ativos em seu desenvolvimento. Assim, expomo-los a programas e &hellip; <a href=\"http:\/\/www.puffinlearningacademy.com\/pt\/preschool-programs\/twos\">Continue reading <span class=\"meta-nav\">&rarr;<\/span><\/a><\/p>\n","protected":false},"author":1,"featured_media":0,"parent":9,"menu_order":0,"comment_status":"closed","ping_status":"closed","template":"","meta":{"footnotes":""},"yoast_head":"<!-- This site is optimized with the Yoast SEO plugin v15.5 - https:\/\/yoast.com\/wordpress\/plugins\/seo\/ -->\r\n<title>Dois (24 meses-36 meses) | ACADEMIA DE APRENDIZAGEM DO PUFFIN<\/title>\r\n<meta name=\"robots\" content=\"index, follow, max-snippet:-1, max-image-preview:large, max-video-preview:-1\" \/>\r\n<link rel=\"canonical\" href=\"http:\/\/www.puffinlearningacademy.com\/pt\/preschool-programs\/twos\" \/>\r\n<meta property=\"og:locale\" content=\"pt_PT\" \/>\r\n<meta property=\"og:type\" content=\"article\" \/>\r\n<meta property=\"og:title\" content=\"{:en}Twos (24 Months-36 Months){:}{:es}Dos (24 Meses-36 Meses){:}{:pt}Dois (24 meses-36 meses){:} | ACADEMIA DE APRENDIZAGEM DO PUFFIN\" \/>\r\n<meta property=\"og:description\" content=\"MAXIMIZANDO a independ\u00eancia das crian\u00e7as Nosso programa de dois anos de idade \u00e9 projetado para se concentrar na independ\u00eancia como as crian\u00e7as se tornam mais conscientes do mundo ao seu redor. Aumentar sua linguagem, habilidades sociais\/emocionais, cognitivas e f\u00edsicas permitem que eles sejam cada vez mais ativos em seu desenvolvimento. Assim, expomo-los a programas e &hellip; Continue reading &rarr;\" \/>\r\n<meta property=\"og:url\" content=\"http:\/\/www.puffinlearningacademy.com\/pt\/preschool-programs\/twos\" \/>\r\n<meta property=\"og:site_name\" content=\"ACADEMIA DE APRENDIZAGEM DO PUFFIN\" \/>\r\n<meta property=\"article:modified_time\" content=\"2020-02-24T21:39:11+00:00\" \/>\r\n<meta property=\"og:image\" content=\"http:\/\/[contenturl%20type=templateurl]\/images\/thumbnails\/thumb-100656117.jpg\" \/>\r\n<meta name=\"twitter:card\" content=\"summary_large_image\" \/>\r\n<meta name=\"twitter:label1\" content=\"Est. reading time\">\n\t<meta name=\"twitter:data1\" content=\"1 minute\">\r\n<script type=\"application\/ld+json\" class=\"yoast-schema-graph\">{\"@context\":\"https:\/\/schema.org\",\"@graph\":[{\"@type\":\"WebSite\",\"@id\":\"http:\/\/www.puffinlearningacademy.com\/pt\/#website\",\"url\":\"http:\/\/www.puffinlearningacademy.com\/pt\/\",\"name\":\"ACADEMIA DE APRENDIZAGEM DO PUFFIN\",\"description\":\"Just another WordPress site\",\"potentialAction\":[{\"@type\":\"SearchAction\",\"target\":\"http:\/\/www.puffinlearningacademy.com\/pt\/?s={search_term_string}\",\"query-input\":\"required name=search_term_string\"}],\"inLanguage\":\"pt-PT\"},{\"@type\":\"ImageObject\",\"@id\":\"http:\/\/www.puffinlearningacademy.com\/pt\/preschool-programs\/twos#primaryimage\",\"inLanguage\":\"pt-PT\",\"url\":\"[contenturl type=templateurl]\/images\/thumbnails\/thumb-100656117.jpg\"},{\"@type\":\"WebPage\",\"@id\":\"http:\/\/www.puffinlearningacademy.com\/pt\/preschool-programs\/twos#webpage\",\"url\":\"http:\/\/www.puffinlearningacademy.com\/pt\/preschool-programs\/twos\",\"name\":\"{:en}Twos (24 Months-36 Months){:}{:es}Dos (24 Meses-36 Meses){:}{:pt}Dois (24 meses-36 meses){:} | ACADEMIA DE APRENDIZAGEM DO PUFFIN\",\"isPartOf\":{\"@id\":\"http:\/\/www.puffinlearningacademy.com\/pt\/#website\"},\"primaryImageOfPage\":{\"@id\":\"http:\/\/www.puffinlearningacademy.com\/pt\/preschool-programs\/twos#primaryimage\"},\"datePublished\":\"2019-10-23T04:57:50+00:00\",\"dateModified\":\"2020-02-24T21:39:11+00:00\",\"inLanguage\":\"pt-PT\",\"potentialAction\":[{\"@type\":\"ReadAction\",\"target\":[\"http:\/\/www.puffinlearningacademy.com\/pt\/preschool-programs\/twos\"]}]}]}<\/script>\r\n<!-- \/ Yoast SEO plugin. -->","_links":{"self":[{"href":"http:\/\/www.puffinlearningacademy.com\/pt\/wp-json\/wp\/v2\/pages\/53"}],"collection":[{"href":"http:\/\/www.puffinlearningacademy.com\/pt\/wp-json\/wp\/v2\/pages"}],"about":[{"href":"http:\/\/www.puffinlearningacademy.com\/pt\/wp-json\/wp\/v2\/types\/page"}],"author":[{"embeddable":true,"href":"http:\/\/www.puffinlearningacademy.com\/pt\/wp-json\/wp\/v2\/users\/1"}],"replies":[{"embeddable":true,"href":"http:\/\/www.puffinlearningacademy.com\/pt\/wp-json\/wp\/v2\/comments?post=53"}],"version-history":[{"count":10,"href":"http:\/\/www.puffinlearningacademy.com\/pt\/wp-json\/wp\/v2\/pages\/53\/revisions"}],"predecessor-version":[{"id":333,"href":"http:\/\/www.puffinlearningacademy.com\/pt\/wp-json\/wp\/v2\/pages\/53\/revisions\/333"}],"up":[{"embeddable":true,"href":"http:\/\/www.puffinlearningacademy.com\/pt\/wp-json\/wp\/v2\/pages\/9"}],"wp:attachment":[{"href":"http:\/\/www.puffinlearningacademy.com\/pt\/wp-json\/wp\/v2\/media?parent=53"}],"curies":[{"name":"wp","href":"https:\/\/api.w.org\/{rel}","templated":true}]}}