{"id":52,"date":"2019-10-23T04:57:50","date_gmt":"2019-10-23T04:57:50","guid":{"rendered":"http:\/\/localhost\/puffinsla\/?page_id=52"},"modified":"2020-02-24T21:37:18","modified_gmt":"2020-02-24T21:37:18","slug":"infants","status":"publish","type":"page","link":"http:\/\/www.puffinlearningacademy.com\/pt\/preschool-programs\/infants","title":{"rendered":"Beb\u00eas (6 semanas-12 meses)"},"content":{"rendered":"<div class=\"intro_txt\">CUIDADO AMOROSO PARA CRIAN\u00c7AS<\/div>\n<p><img decoding=\"async\" src=\"http:\/\/www.puffinlearningacademy.com\/wp-content\/themes\/puffinla\/images\/thumbnails\/thumb-357344255.jpg\" class=\"thumb_right_dd\" alt=\"menino brincando no playground\">Nosso Programa Infantil \u00e9 projetado para se concentrar no desenvolvimento da linguagem, social \/ emocional, f\u00edsica e cognitiva de crian\u00e7as com idades entre 6 semanas a 12 meses de idade. Com a ajuda de nossa equipe de carinho, as crian\u00e7as t\u00eam a oportunidade de explorar e aprender enquanto se sentem seguras em um ambiente caloroso e amoroso. Nossos quartos criam um ambiente que promova a aprendizagem e muitos cuidados individuais, garantindo assim cuidados de qualidade para os pequenos.<\/p>\n<div class=\"clearfix\"><\/div>\n<ul class=\"button\">\n<li><a href=\"http:\/\/www.puffinlearningacademy.com\/preschool-enrollment\">Inscreva-se agora!<\/a><\/li>\n<li><a style=\"line-height: inherit;\" href=\"http:\/\/www.puffinlearningacademy.com\/preschool-schedule-a-tour\">Venha nos fazer uma visita, marque um horario! <\/a><\/li>\n<li><a href=\"http:\/\/www.puffinlearningacademy.com\/preschool-contact-us\">Entre em contato conosco!<\/a><\/li>\n<\/ul>\n","protected":false},"excerpt":{"rendered":"<p>CUIDADO AMOROSO PARA CRIAN\u00c7AS Nosso Programa Infantil \u00e9 projetado para se concentrar no desenvolvimento da linguagem, social \/ emocional, f\u00edsica e cognitiva de crian\u00e7as com idades entre 6 semanas a 12 meses de idade. Com a ajuda de nossa equipe de carinho, as crian\u00e7as t\u00eam a oportunidade de explorar e aprender enquanto se sentem seguras &hellip; <a href=\"http:\/\/www.puffinlearningacademy.com\/pt\/preschool-programs\/infants\">Continue reading <span class=\"meta-nav\">&rarr;<\/span><\/a><\/p>\n","protected":false},"author":1,"featured_media":0,"parent":9,"menu_order":0,"comment_status":"closed","ping_status":"closed","template":"","meta":{"footnotes":""},"yoast_head":"<!-- This site is optimized with the Yoast SEO plugin v15.5 - https:\/\/yoast.com\/wordpress\/plugins\/seo\/ -->\r\n<title>Beb\u00eas (6 semanas-12 meses) | ACADEMIA DE APRENDIZAGEM DO PUFFIN<\/title>\r\n<meta name=\"robots\" content=\"index, follow, max-snippet:-1, max-image-preview:large, max-video-preview:-1\" \/>\r\n<link rel=\"canonical\" href=\"http:\/\/www.puffinlearningacademy.com\/pt\/preschool-programs\/infants\" \/>\r\n<meta property=\"og:locale\" content=\"pt_PT\" \/>\r\n<meta property=\"og:type\" content=\"article\" \/>\r\n<meta property=\"og:title\" content=\"{:en}Infants (6 weeks-12 Months){:}{:es}Beb\u00e9s (6 semanas-12 Meses){:}{:pt}Beb\u00eas (6 semanas-12 meses){:} | ACADEMIA DE APRENDIZAGEM DO PUFFIN\" \/>\r\n<meta property=\"og:description\" content=\"CUIDADO AMOROSO PARA CRIAN\u00c7AS Nosso Programa Infantil \u00e9 projetado para se concentrar no desenvolvimento da linguagem, social \/ emocional, f\u00edsica e cognitiva de crian\u00e7as com idades entre 6 semanas a 12 meses de idade. Com a ajuda de nossa equipe de carinho, as crian\u00e7as t\u00eam a oportunidade de explorar e aprender enquanto se sentem seguras &hellip; Continue reading &rarr;\" \/>\r\n<meta property=\"og:url\" content=\"http:\/\/www.puffinlearningacademy.com\/pt\/preschool-programs\/infants\" \/>\r\n<meta property=\"og:site_name\" content=\"ACADEMIA DE APRENDIZAGEM DO PUFFIN\" \/>\r\n<meta property=\"article:modified_time\" content=\"2020-02-24T21:37:18+00:00\" \/>\r\n<meta property=\"og:image\" content=\"http:\/\/[contenturl%20type=templateurl]\/images\/thumbnails\/thumb-357344255.jpg\" \/>\r\n<meta name=\"twitter:card\" content=\"summary_large_image\" \/>\r\n<meta name=\"twitter:label1\" content=\"Est. reading time\">\n\t<meta name=\"twitter:data1\" content=\"1 minute\">\r\n<script type=\"application\/ld+json\" class=\"yoast-schema-graph\">{\"@context\":\"https:\/\/schema.org\",\"@graph\":[{\"@type\":\"WebSite\",\"@id\":\"http:\/\/www.puffinlearningacademy.com\/pt\/#website\",\"url\":\"http:\/\/www.puffinlearningacademy.com\/pt\/\",\"name\":\"ACADEMIA DE APRENDIZAGEM DO PUFFIN\",\"description\":\"Just another WordPress site\",\"potentialAction\":[{\"@type\":\"SearchAction\",\"target\":\"http:\/\/www.puffinlearningacademy.com\/pt\/?s={search_term_string}\",\"query-input\":\"required name=search_term_string\"}],\"inLanguage\":\"pt-PT\"},{\"@type\":\"ImageObject\",\"@id\":\"http:\/\/www.puffinlearningacademy.com\/pt\/preschool-programs\/infants#primaryimage\",\"inLanguage\":\"pt-PT\",\"url\":\"[contenturl type=templateurl]\/images\/thumbnails\/thumb-357344255.jpg\"},{\"@type\":\"WebPage\",\"@id\":\"http:\/\/www.puffinlearningacademy.com\/pt\/preschool-programs\/infants#webpage\",\"url\":\"http:\/\/www.puffinlearningacademy.com\/pt\/preschool-programs\/infants\",\"name\":\"{:en}Infants (6 weeks-12 Months){:}{:es}Beb\\u00e9s (6 semanas-12 Meses){:}{:pt}Beb\\u00eas (6 semanas-12 meses){:} | ACADEMIA DE APRENDIZAGEM DO PUFFIN\",\"isPartOf\":{\"@id\":\"http:\/\/www.puffinlearningacademy.com\/pt\/#website\"},\"primaryImageOfPage\":{\"@id\":\"http:\/\/www.puffinlearningacademy.com\/pt\/preschool-programs\/infants#primaryimage\"},\"datePublished\":\"2019-10-23T04:57:50+00:00\",\"dateModified\":\"2020-02-24T21:37:18+00:00\",\"inLanguage\":\"pt-PT\",\"potentialAction\":[{\"@type\":\"ReadAction\",\"target\":[\"http:\/\/www.puffinlearningacademy.com\/pt\/preschool-programs\/infants\"]}]}]}<\/script>\r\n<!-- \/ Yoast SEO plugin. -->","_links":{"self":[{"href":"http:\/\/www.puffinlearningacademy.com\/pt\/wp-json\/wp\/v2\/pages\/52"}],"collection":[{"href":"http:\/\/www.puffinlearningacademy.com\/pt\/wp-json\/wp\/v2\/pages"}],"about":[{"href":"http:\/\/www.puffinlearningacademy.com\/pt\/wp-json\/wp\/v2\/types\/page"}],"author":[{"embeddable":true,"href":"http:\/\/www.puffinlearningacademy.com\/pt\/wp-json\/wp\/v2\/users\/1"}],"replies":[{"embeddable":true,"href":"http:\/\/www.puffinlearningacademy.com\/pt\/wp-json\/wp\/v2\/comments?post=52"}],"version-history":[{"count":8,"href":"http:\/\/www.puffinlearningacademy.com\/pt\/wp-json\/wp\/v2\/pages\/52\/revisions"}],"predecessor-version":[{"id":331,"href":"http:\/\/www.puffinlearningacademy.com\/pt\/wp-json\/wp\/v2\/pages\/52\/revisions\/331"}],"up":[{"embeddable":true,"href":"http:\/\/www.puffinlearningacademy.com\/pt\/wp-json\/wp\/v2\/pages\/9"}],"wp:attachment":[{"href":"http:\/\/www.puffinlearningacademy.com\/pt\/wp-json\/wp\/v2\/media?parent=52"}],"curies":[{"name":"wp","href":"https:\/\/api.w.org\/{rel}","templated":true}]}}