{"id":14,"date":"2019-10-22T09:07:14","date_gmt":"2019-10-22T09:07:14","guid":{"rendered":"http:\/\/localhost\/puffinsla\/?page_id=14"},"modified":"2020-03-10T02:17:24","modified_gmt":"2020-03-10T02:17:24","slug":"preschool-contact-us","status":"publish","type":"page","link":"http:\/\/www.puffinlearningacademy.com\/pt\/preschool-contact-us","title":{"rendered":"Contate-nos"},"content":{"rendered":"<p>Se voc\u00ea tiver quaisquer d\u00favidas, preocupa\u00e7\u00f5es, coment\u00e1rios ou sugest\u00f5es, por favor, n\u00e3o hesite em preencher o formul\u00e1rio abaixo. Vamos voltar para voc\u00ea com uma resposta o mais r\u00e1pido poss\u00edvel.<\/p>\n<p><iframe id=\"myframe\" class=\"\" src=\"http:\/\/www.puffinlearningacademy.com\/wp-content\/themes\/puffinla\/forms\/contactForm.php\"><\/iframe><\/p>\n","protected":false},"excerpt":{"rendered":"<p>Se voc\u00ea tiver quaisquer d\u00favidas, preocupa\u00e7\u00f5es, coment\u00e1rios ou sugest\u00f5es, por favor, n\u00e3o hesite em preencher o formul\u00e1rio abaixo. Vamos voltar para voc\u00ea com uma resposta o mais r\u00e1pido poss\u00edvel.<\/p>\n","protected":false},"author":1,"featured_media":251,"parent":0,"menu_order":0,"comment_status":"closed","ping_status":"closed","template":"","meta":{"footnotes":""},"yoast_head":"<!-- This site is optimized with the Yoast SEO plugin v15.5 - https:\/\/yoast.com\/wordpress\/plugins\/seo\/ -->\r\n<title>Contate-nos | ACADEMIA DE APRENDIZAGEM DO PUFFIN<\/title>\r\n<meta name=\"robots\" content=\"index, follow, max-snippet:-1, max-image-preview:large, max-video-preview:-1\" \/>\r\n<link rel=\"canonical\" href=\"http:\/\/www.puffinlearningacademy.com\/pt\/preschool-contact-us\" \/>\r\n<meta property=\"og:locale\" content=\"pt_PT\" \/>\r\n<meta property=\"og:type\" content=\"article\" \/>\r\n<meta property=\"og:title\" content=\"{:en}Contact Us{:}{:es}Cont\u00e1ctenos{:}{:pt}Contate-nos{:} | ACADEMIA DE APRENDIZAGEM DO PUFFIN\" \/>\r\n<meta property=\"og:description\" content=\"Se voc\u00ea tiver quaisquer d\u00favidas, preocupa\u00e7\u00f5es, coment\u00e1rios ou sugest\u00f5es, por favor, n\u00e3o hesite em preencher o formul\u00e1rio abaixo. Vamos voltar para voc\u00ea com uma resposta o mais r\u00e1pido poss\u00edvel.\" \/>\r\n<meta property=\"og:url\" content=\"http:\/\/www.puffinlearningacademy.com\/pt\/preschool-contact-us\" \/>\r\n<meta property=\"og:site_name\" content=\"ACADEMIA DE APRENDIZAGEM DO PUFFIN\" \/>\r\n<meta property=\"article:modified_time\" content=\"2020-03-10T02:17:24+00:00\" \/>\r\n<meta property=\"og:image\" content=\"http:\/\/www.puffinlearningacademy.com\/wp-content\/uploads\/2019\/11\/thumb-76529066-1.jpg\" \/>\r\n\t<meta property=\"og:image:width\" content=\"1920\" \/>\r\n\t<meta property=\"og:image:height\" content=\"500\" \/>\r\n<meta name=\"twitter:card\" content=\"summary_large_image\" \/>\r\n<meta name=\"twitter:label1\" content=\"Est. reading time\">\n\t<meta name=\"twitter:data1\" content=\"0 minutes\">\r\n<script type=\"application\/ld+json\" class=\"yoast-schema-graph\">{\"@context\":\"https:\/\/schema.org\",\"@graph\":[{\"@type\":\"WebSite\",\"@id\":\"http:\/\/www.puffinlearningacademy.com\/pt\/#website\",\"url\":\"http:\/\/www.puffinlearningacademy.com\/pt\/\",\"name\":\"ACADEMIA DE APRENDIZAGEM DO PUFFIN\",\"description\":\"Just another WordPress site\",\"potentialAction\":[{\"@type\":\"SearchAction\",\"target\":\"http:\/\/www.puffinlearningacademy.com\/pt\/?s={search_term_string}\",\"query-input\":\"required name=search_term_string\"}],\"inLanguage\":\"pt-PT\"},{\"@type\":\"ImageObject\",\"@id\":\"http:\/\/www.puffinlearningacademy.com\/pt\/preschool-contact-us#primaryimage\",\"inLanguage\":\"pt-PT\",\"url\":\"http:\/\/www.puffinlearningacademy.com\/wp-content\/uploads\/2019\/11\/thumb-76529066-1.jpg\",\"width\":1920,\"height\":500,\"caption\":\"little boy writing\"},{\"@type\":\"WebPage\",\"@id\":\"http:\/\/www.puffinlearningacademy.com\/pt\/preschool-contact-us#webpage\",\"url\":\"http:\/\/www.puffinlearningacademy.com\/pt\/preschool-contact-us\",\"name\":\"{:en}Contact Us{:}{:es}Cont\\u00e1ctenos{:}{:pt}Contate-nos{:} | ACADEMIA DE APRENDIZAGEM DO PUFFIN\",\"isPartOf\":{\"@id\":\"http:\/\/www.puffinlearningacademy.com\/pt\/#website\"},\"primaryImageOfPage\":{\"@id\":\"http:\/\/www.puffinlearningacademy.com\/pt\/preschool-contact-us#primaryimage\"},\"datePublished\":\"2019-10-22T09:07:14+00:00\",\"dateModified\":\"2020-03-10T02:17:24+00:00\",\"inLanguage\":\"pt-PT\",\"potentialAction\":[{\"@type\":\"ReadAction\",\"target\":[\"http:\/\/www.puffinlearningacademy.com\/pt\/preschool-contact-us\"]}]}]}<\/script>\r\n<!-- \/ Yoast SEO plugin. -->","_links":{"self":[{"href":"http:\/\/www.puffinlearningacademy.com\/pt\/wp-json\/wp\/v2\/pages\/14"}],"collection":[{"href":"http:\/\/www.puffinlearningacademy.com\/pt\/wp-json\/wp\/v2\/pages"}],"about":[{"href":"http:\/\/www.puffinlearningacademy.com\/pt\/wp-json\/wp\/v2\/types\/page"}],"author":[{"embeddable":true,"href":"http:\/\/www.puffinlearningacademy.com\/pt\/wp-json\/wp\/v2\/users\/1"}],"replies":[{"embeddable":true,"href":"http:\/\/www.puffinlearningacademy.com\/pt\/wp-json\/wp\/v2\/comments?post=14"}],"version-history":[{"count":11,"href":"http:\/\/www.puffinlearningacademy.com\/pt\/wp-json\/wp\/v2\/pages\/14\/revisions"}],"predecessor-version":[{"id":356,"href":"http:\/\/www.puffinlearningacademy.com\/pt\/wp-json\/wp\/v2\/pages\/14\/revisions\/356"}],"wp:featuredmedia":[{"embeddable":true,"href":"http:\/\/www.puffinlearningacademy.com\/pt\/wp-json\/wp\/v2\/media\/251"}],"wp:attachment":[{"href":"http:\/\/www.puffinlearningacademy.com\/pt\/wp-json\/wp\/v2\/media?parent=14"}],"curies":[{"name":"wp","href":"https:\/\/api.w.org\/{rel}","templated":true}]}}