{"id":13,"date":"2019-10-22T09:07:22","date_gmt":"2019-10-22T09:07:22","guid":{"rendered":"http:\/\/localhost\/puffinsla\/?page_id=13"},"modified":"2025-03-19T11:36:24","modified_gmt":"2025-03-19T11:36:24","slug":"preschool-faq","status":"publish","type":"page","link":"http:\/\/www.puffinlearningacademy.com\/pt\/preschool-faq","title":{"rendered":"Perguntas Freq\u00fcentes"},"content":{"rendered":"<p>Reunimos algumas perguntas frequentes e respondemos a cada uma. Se voc\u00ea n\u00e3o encontrar as respostas que voc\u00ea est\u00e1 procurando nesta p\u00e1gina, por favor, n\u00e3o hesite em entrar em <a href=\"http:\/\/www.puffinlearningacademy.com\/preschool-contact-us\">contato conosco<\/a>.<\/p>\n<div class=\"faq\">\n<h6>Qual \u00e9 o processo de Puffin de verificar o hist\u00f3rico de seus funcion\u00e1rios?<\/h6>\n<div>A Academia de Aprendizagem do Puffin realiza uma verifica\u00e7\u00e3o de antecedentes criminais abrangindo em todos os potenciais funcion\u00e1rios e visitantes frequentes. A verifica\u00e7\u00e3o de antecedentes consiste em uma verifica\u00e7\u00e3o de antecedentes criminais do condado de broward e\/ou Palm Beach nos \u00faltimos sete anos realizada em todos os munic\u00edpios que uma pessoa viveu, trabalhou ou frequentou a escola. Al\u00e9m da busca criminal do condado, uma busca do agressor sexual, a busca de OFAC, e um tra\u00e7o da verifica\u00e7\u00e3o da seguran\u00e7a social s\u00e3o conduzidos igualmente. Para todos os funcion\u00e1rios de localiza\u00e7\u00e3o, as verifica\u00e7\u00f5es de antecedentes de licenciamento de programas exigidas pelo estado tamb\u00e9m s\u00e3o realizadas.<\/div>\n<h6>Posso visitar meu filho no centro sempre que quiser?<\/h6>\n<div>Sim, a Academia de Aprendizagem de Puffin tem uma pol\u00edtica de portas abertas. Voc\u00ea \u00e9 encorajado a visitar seu filho a qualquer momento.<\/div>\n<h6>Qual \u00e9 o curr\u00edculo de Puffin?<\/h6>\n<div>Nosso curr\u00edculo, Creative Curriculum, \u00e9 projetado para envolver as crian\u00e7as na aprendizagem ativa que os prepara para a escola, ajudando-os a alcan\u00e7ar seu potencial individual e promover um esp\u00edrito de comunidade. Inclui elementos curriculares como Linguagem, Matem\u00e1tica, Ci\u00eancia, Arte nosso mundo e bem conscientes que atravessam todas as faixas et\u00e1rias. Leia mais sobre informa\u00e7\u00f5es sobre o nosso curr\u00edculo.<\/div>\n<h6>Todos os funcion\u00e1rios s\u00e3o treinados em CPR e Primeiros Socorros?<\/h6>\n<div>Todos os funcion\u00e1rios do Puffin s\u00e3o treinados regularmente em CPR, mesmo que n\u00e3o seja exigido pelo Estado. Os primeiros socorros s\u00e3o ensinados conforme exigido pela ag\u00eancia estadual de licenciamento\/regulamentos para que voc\u00ea possa se sentir confiante de que seu filho est\u00e1 seguro e recebendo os melhores cuidados poss\u00edveis em nosso centro.<\/div>\n<h6>Estou interessado em me candidatar a um emprego neste centro. H\u00e1 algu\u00e9m que eu possa entrar em contato?<\/h6>\n<div>Para an\u00fancios de emprego e para concluir o processo de inscri\u00e7\u00e3o, <a href=\"http:\/\/www.puffinlearningacademy.com\/preschool-careers\">inscreva-se aqui!<\/a><\/li>\n<\/div>\n<h6>Eu n\u00e3o estou completamente pronto para se inscrever no centro, mas estou interessado em continuar a ouvir sobre o que est\u00e1 acontecendo no centro. Como posso obter informa\u00e7\u00f5es com mais regularidade?<\/h6>\n<div>Incentivamos qualquer fam\u00edlia interessada em informa\u00e7\u00f5es do centro, atualiza\u00e7\u00f5es regulares e convites para os muitos eventos que estamos planejando, a entrar em <a href=\"http:\/\/www.puffinlearningacademy.com\/preschool-contact-us\">contato conosco<\/a>.<\/div>\n<h6>O que \u00e9 acredita\u00e7\u00e3o NAC?<\/h6>\n<div>A Comiss\u00e3o Nacional de Acredita\u00e7\u00e3o desenvolveu padr\u00f5es para definir e reconhecer programas de cuidados infantis de qualidade. Para ser credenciado, um programa de puericultura deve atender a uma variedade de crit\u00e9rios rigorosos, incluindo ter um corpo docente bem treinado, boas rela\u00e7\u00f5es entre funcion\u00e1rios e filhos e tamanhos de grupo, e um curr\u00edculo abrangente, bem como atender \u00e0s rigorosas normas de sa\u00fade e seguran\u00e7a. O programa tamb\u00e9m deve oferecer oportunidades significativas para o envolvimento da fam\u00edlia.<\/div>\n<\/div>\n<ul class=\"button\">\n<li><a href=\"http:\/\/www.puffinlearningacademy.com\/preschool-enrollment\">Inscreva-se agora!<\/a><\/li>\n<li><a style=\"line-height: inherit;\" href=\"http:\/\/www.puffinlearningacademy.com\/preschool-schedule-a-tour\">Venha nos fazer uma visita, marque um horario! <\/a><\/li>\n<li><a href=\"http:\/\/www.puffinlearningacademy.com\/preschool-contact-us\">Entre em contato conosco!<\/a><\/li>\n<\/ul>\n","protected":false},"excerpt":{"rendered":"<p>Reunimos algumas perguntas frequentes e respondemos a cada uma. Se voc\u00ea n\u00e3o encontrar as respostas que voc\u00ea est\u00e1 procurando nesta p\u00e1gina, por favor, n\u00e3o hesite em entrar em contato conosco. Qual \u00e9 o processo de Puffin de verificar o hist\u00f3rico de seus funcion\u00e1rios? A Academia de Aprendizagem do Puffin realiza uma verifica\u00e7\u00e3o de antecedentes criminais &hellip; <a href=\"http:\/\/www.puffinlearningacademy.com\/pt\/preschool-faq\">Continue reading <span class=\"meta-nav\">&rarr;<\/span><\/a><\/p>\n","protected":false},"author":1,"featured_media":44,"parent":0,"menu_order":0,"comment_status":"closed","ping_status":"closed","template":"","meta":{"footnotes":""},"yoast_head":"<!-- This site is optimized with the Yoast SEO plugin v15.5 - https:\/\/yoast.com\/wordpress\/plugins\/seo\/ -->\r\n<title>Perguntas Freq\u00fcentes | ACADEMIA DE APRENDIZAGEM DO PUFFIN<\/title>\r\n<meta name=\"robots\" content=\"index, follow, max-snippet:-1, max-image-preview:large, max-video-preview:-1\" \/>\r\n<link rel=\"canonical\" href=\"http:\/\/www.puffinlearningacademy.com\/pt\/preschool-faq\" \/>\r\n<meta property=\"og:locale\" content=\"pt_PT\" \/>\r\n<meta property=\"og:type\" content=\"article\" \/>\r\n<meta property=\"og:title\" content=\"{:en}FAQ{:}{:es}Preguntas m\u00e1s frecuentes{:}{:pt}Perguntas Freq\u00fcentes{:} | ACADEMIA DE APRENDIZAGEM DO PUFFIN\" \/>\r\n<meta property=\"og:description\" content=\"Reunimos algumas perguntas frequentes e respondemos a cada uma. Se voc\u00ea n\u00e3o encontrar as respostas que voc\u00ea est\u00e1 procurando nesta p\u00e1gina, por favor, n\u00e3o hesite em entrar em contato conosco. Qual \u00e9 o processo de Puffin de verificar o hist\u00f3rico de seus funcion\u00e1rios? A Academia de Aprendizagem do Puffin realiza uma verifica\u00e7\u00e3o de antecedentes criminais &hellip; Continue reading &rarr;\" \/>\r\n<meta property=\"og:url\" content=\"http:\/\/www.puffinlearningacademy.com\/pt\/preschool-faq\" \/>\r\n<meta property=\"og:site_name\" content=\"ACADEMIA DE APRENDIZAGEM DO PUFFIN\" \/>\r\n<meta property=\"article:modified_time\" content=\"2025-03-19T11:36:24+00:00\" \/>\r\n<meta property=\"og:image\" content=\"http:\/\/www.puffinlearningacademy.com\/wp-content\/uploads\/2019\/10\/nonhome-3201537.jpg\" \/>\r\n\t<meta property=\"og:image:width\" content=\"1920\" \/>\r\n\t<meta property=\"og:image:height\" content=\"500\" \/>\r\n<meta name=\"twitter:card\" content=\"summary_large_image\" \/>\r\n<meta name=\"twitter:label1\" content=\"Est. reading time\">\n\t<meta name=\"twitter:data1\" content=\"6 minutes\">\r\n<script type=\"application\/ld+json\" class=\"yoast-schema-graph\">{\"@context\":\"https:\/\/schema.org\",\"@graph\":[{\"@type\":\"WebSite\",\"@id\":\"http:\/\/www.puffinlearningacademy.com\/pt\/#website\",\"url\":\"http:\/\/www.puffinlearningacademy.com\/pt\/\",\"name\":\"ACADEMIA DE APRENDIZAGEM DO PUFFIN\",\"description\":\"Just another WordPress site\",\"potentialAction\":[{\"@type\":\"SearchAction\",\"target\":\"http:\/\/www.puffinlearningacademy.com\/pt\/?s={search_term_string}\",\"query-input\":\"required name=search_term_string\"}],\"inLanguage\":\"pt-PT\"},{\"@type\":\"ImageObject\",\"@id\":\"http:\/\/www.puffinlearningacademy.com\/pt\/preschool-faq#primaryimage\",\"inLanguage\":\"pt-PT\",\"url\":\"http:\/\/www.puffinlearningacademy.com\/wp-content\/uploads\/2019\/10\/nonhome-3201537.jpg\",\"width\":1920,\"height\":500,\"caption\":\"cute female kid smiling\"},{\"@type\":\"WebPage\",\"@id\":\"http:\/\/www.puffinlearningacademy.com\/pt\/preschool-faq#webpage\",\"url\":\"http:\/\/www.puffinlearningacademy.com\/pt\/preschool-faq\",\"name\":\"{:en}FAQ{:}{:es}Preguntas m\\u00e1s frecuentes{:}{:pt}Perguntas Freq\\u00fcentes{:} | ACADEMIA DE APRENDIZAGEM DO PUFFIN\",\"isPartOf\":{\"@id\":\"http:\/\/www.puffinlearningacademy.com\/pt\/#website\"},\"primaryImageOfPage\":{\"@id\":\"http:\/\/www.puffinlearningacademy.com\/pt\/preschool-faq#primaryimage\"},\"datePublished\":\"2019-10-22T09:07:22+00:00\",\"dateModified\":\"2025-03-19T11:36:24+00:00\",\"inLanguage\":\"pt-PT\",\"potentialAction\":[{\"@type\":\"ReadAction\",\"target\":[\"http:\/\/www.puffinlearningacademy.com\/pt\/preschool-faq\"]}]}]}<\/script>\r\n<!-- \/ Yoast SEO plugin. -->","_links":{"self":[{"href":"http:\/\/www.puffinlearningacademy.com\/pt\/wp-json\/wp\/v2\/pages\/13"}],"collection":[{"href":"http:\/\/www.puffinlearningacademy.com\/pt\/wp-json\/wp\/v2\/pages"}],"about":[{"href":"http:\/\/www.puffinlearningacademy.com\/pt\/wp-json\/wp\/v2\/types\/page"}],"author":[{"embeddable":true,"href":"http:\/\/www.puffinlearningacademy.com\/pt\/wp-json\/wp\/v2\/users\/1"}],"replies":[{"embeddable":true,"href":"http:\/\/www.puffinlearningacademy.com\/pt\/wp-json\/wp\/v2\/comments?post=13"}],"version-history":[{"count":10,"href":"http:\/\/www.puffinlearningacademy.com\/pt\/wp-json\/wp\/v2\/pages\/13\/revisions"}],"predecessor-version":[{"id":366,"href":"http:\/\/www.puffinlearningacademy.com\/pt\/wp-json\/wp\/v2\/pages\/13\/revisions\/366"}],"wp:featuredmedia":[{"embeddable":true,"href":"http:\/\/www.puffinlearningacademy.com\/pt\/wp-json\/wp\/v2\/media\/44"}],"wp:attachment":[{"href":"http:\/\/www.puffinlearningacademy.com\/pt\/wp-json\/wp\/v2\/media?parent=13"}],"curies":[{"name":"wp","href":"https:\/\/api.w.org\/{rel}","templated":true}]}}