{"id":12,"date":"2019-10-22T09:07:27","date_gmt":"2019-10-22T09:07:27","guid":{"rendered":"http:\/\/localhost\/puffinsla\/?page_id=12"},"modified":"2019-11-27T10:40:15","modified_gmt":"2019-11-27T10:40:15","slug":"preschool-parent-resources","status":"publish","type":"page","link":"http:\/\/www.puffinlearningacademy.com\/pt\/preschool-parent-resources","title":{"rendered":"Recursos dos pais"},"content":{"rendered":"<div class=\"resources\">\n<ul>\n<li><a href=\"https:\/\/www.earlylearningleaders.org\/accreditation\/accreditation_standards\/\" target=\"_blank\" rel=\"noopener noreferrer\">Nossa acredita\u00e7\u00e3o:<\/a><span>www.earlylearningleaders.org<\/span><\/li>\n<li><a href=\"https:\/\/familyservices.floridaearlylearning.com\/\" target=\"_blank\" rel=\"noopener noreferrer\">Bolsas de prepara\u00e7\u00e3o para a escola:<\/a><span>www.familyservices.floridaearlylearning.com<\/span><\/li>\n<li><a href=\"https:\/\/familyservices.floridaearlylearning.com\/\" target=\"_blank\" rel=\"noopener noreferrer\">Candidatar-se a VPK (Programa Gratuito para crian\u00e7as de 4 anos): <\/a><span>www.familyservices.floridaearlylearning.com<\/span><\/li>\n<li><a href=\"https:\/\/www.starfall.com\/h\/\" target=\"_blank\" rel=\"noopener noreferrer\">Programa de Leitura sem fins lucrativos:<\/a><span>www.starfall.com<\/span><\/li>\n<li><a href=\"https:\/\/www.cdc.gov\/\" target=\"_blank\" rel=\"noopener noreferrer\">Informa\u00e7\u00f5es de sa\u00fade: <\/a><span>www.cdc.gov<\/span><\/li>\n<\/ul>\n<\/div>\n","protected":false},"excerpt":{"rendered":"<p>Nossa acredita\u00e7\u00e3o:www.earlylearningleaders.org Bolsas de prepara\u00e7\u00e3o para a escola:www.familyservices.floridaearlylearning.com Candidatar-se a VPK (Programa Gratuito para crian\u00e7as de 4 anos): www.familyservices.floridaearlylearning.com Programa de Leitura sem fins lucrativos:www.starfall.com Informa\u00e7\u00f5es de sa\u00fade: www.cdc.gov<\/p>\n","protected":false},"author":1,"featured_media":48,"parent":0,"menu_order":0,"comment_status":"closed","ping_status":"closed","template":"","meta":{"footnotes":""},"yoast_head":"<!-- This site is optimized with the Yoast SEO plugin v15.5 - https:\/\/yoast.com\/wordpress\/plugins\/seo\/ -->\r\n<title>Recursos dos pais | ACADEMIA DE APRENDIZAGEM DO PUFFIN<\/title>\r\n<meta name=\"robots\" content=\"index, follow, max-snippet:-1, max-image-preview:large, max-video-preview:-1\" \/>\r\n<link rel=\"canonical\" href=\"http:\/\/www.puffinlearningacademy.com\/pt\/preschool-parent-resources\" \/>\r\n<meta property=\"og:locale\" content=\"pt_PT\" \/>\r\n<meta property=\"og:type\" content=\"article\" \/>\r\n<meta property=\"og:title\" content=\"{:en}Parent Resources{:}{:es}Recursos de padres{:}{:pt}Recursos dos pais{:} | ACADEMIA DE APRENDIZAGEM DO PUFFIN\" \/>\r\n<meta property=\"og:description\" content=\"Nossa acredita\u00e7\u00e3o:www.earlylearningleaders.org Bolsas de prepara\u00e7\u00e3o para a escola:www.familyservices.floridaearlylearning.com Candidatar-se a VPK (Programa Gratuito para crian\u00e7as de 4 anos): www.familyservices.floridaearlylearning.com Programa de Leitura sem fins lucrativos:www.starfall.com Informa\u00e7\u00f5es de sa\u00fade: www.cdc.gov\" \/>\r\n<meta property=\"og:url\" content=\"http:\/\/www.puffinlearningacademy.com\/pt\/preschool-parent-resources\" \/>\r\n<meta property=\"og:site_name\" content=\"ACADEMIA DE APRENDIZAGEM DO PUFFIN\" \/>\r\n<meta property=\"article:modified_time\" content=\"2019-11-27T10:40:15+00:00\" \/>\r\n<meta property=\"og:image\" content=\"http:\/\/www.puffinlearningacademy.com\/wp-content\/uploads\/2019\/10\/nonhome-41769031.jpg\" \/>\r\n\t<meta property=\"og:image:width\" content=\"1920\" \/>\r\n\t<meta property=\"og:image:height\" content=\"500\" \/>\r\n<meta name=\"twitter:card\" content=\"summary_large_image\" \/>\r\n<meta name=\"twitter:label1\" content=\"Est. reading time\">\n\t<meta name=\"twitter:data1\" content=\"1 minute\">\r\n<script type=\"application\/ld+json\" class=\"yoast-schema-graph\">{\"@context\":\"https:\/\/schema.org\",\"@graph\":[{\"@type\":\"WebSite\",\"@id\":\"http:\/\/www.puffinlearningacademy.com\/pt\/#website\",\"url\":\"http:\/\/www.puffinlearningacademy.com\/pt\/\",\"name\":\"ACADEMIA DE APRENDIZAGEM DO PUFFIN\",\"description\":\"Just another WordPress site\",\"potentialAction\":[{\"@type\":\"SearchAction\",\"target\":\"http:\/\/www.puffinlearningacademy.com\/pt\/?s={search_term_string}\",\"query-input\":\"required name=search_term_string\"}],\"inLanguage\":\"pt-PT\"},{\"@type\":\"ImageObject\",\"@id\":\"http:\/\/www.puffinlearningacademy.com\/pt\/preschool-parent-resources#primaryimage\",\"inLanguage\":\"pt-PT\",\"url\":\"http:\/\/www.puffinlearningacademy.com\/wp-content\/uploads\/2019\/10\/nonhome-41769031.jpg\",\"width\":1920,\"height\":500,\"caption\":\"cute female kid smiling\"},{\"@type\":\"WebPage\",\"@id\":\"http:\/\/www.puffinlearningacademy.com\/pt\/preschool-parent-resources#webpage\",\"url\":\"http:\/\/www.puffinlearningacademy.com\/pt\/preschool-parent-resources\",\"name\":\"{:en}Parent Resources{:}{:es}Recursos de padres{:}{:pt}Recursos dos pais{:} | ACADEMIA DE APRENDIZAGEM DO PUFFIN\",\"isPartOf\":{\"@id\":\"http:\/\/www.puffinlearningacademy.com\/pt\/#website\"},\"primaryImageOfPage\":{\"@id\":\"http:\/\/www.puffinlearningacademy.com\/pt\/preschool-parent-resources#primaryimage\"},\"datePublished\":\"2019-10-22T09:07:27+00:00\",\"dateModified\":\"2019-11-27T10:40:15+00:00\",\"inLanguage\":\"pt-PT\",\"potentialAction\":[{\"@type\":\"ReadAction\",\"target\":[\"http:\/\/www.puffinlearningacademy.com\/pt\/preschool-parent-resources\"]}]}]}<\/script>\r\n<!-- \/ Yoast SEO plugin. -->","_links":{"self":[{"href":"http:\/\/www.puffinlearningacademy.com\/pt\/wp-json\/wp\/v2\/pages\/12"}],"collection":[{"href":"http:\/\/www.puffinlearningacademy.com\/pt\/wp-json\/wp\/v2\/pages"}],"about":[{"href":"http:\/\/www.puffinlearningacademy.com\/pt\/wp-json\/wp\/v2\/types\/page"}],"author":[{"embeddable":true,"href":"http:\/\/www.puffinlearningacademy.com\/pt\/wp-json\/wp\/v2\/users\/1"}],"replies":[{"embeddable":true,"href":"http:\/\/www.puffinlearningacademy.com\/pt\/wp-json\/wp\/v2\/comments?post=12"}],"version-history":[{"count":6,"href":"http:\/\/www.puffinlearningacademy.com\/pt\/wp-json\/wp\/v2\/pages\/12\/revisions"}],"predecessor-version":[{"id":309,"href":"http:\/\/www.puffinlearningacademy.com\/pt\/wp-json\/wp\/v2\/pages\/12\/revisions\/309"}],"wp:featuredmedia":[{"embeddable":true,"href":"http:\/\/www.puffinlearningacademy.com\/pt\/wp-json\/wp\/v2\/media\/48"}],"wp:attachment":[{"href":"http:\/\/www.puffinlearningacademy.com\/pt\/wp-json\/wp\/v2\/media?parent=12"}],"curies":[{"name":"wp","href":"https:\/\/api.w.org\/{rel}","templated":true}]}}