{"id":11,"date":"2019-10-22T09:07:30","date_gmt":"2019-10-22T09:07:30","guid":{"rendered":"http:\/\/localhost\/puffinsla\/?page_id=11"},"modified":"2025-03-19T11:34:12","modified_gmt":"2025-03-19T11:34:12","slug":"preschool-enrollment","status":"publish","type":"page","link":"http:\/\/www.puffinlearningacademy.com\/pt\/preschool-enrollment","title":{"rendered":"Inscri\u00e7\u00e3o"},"content":{"rendered":"<p>Matricule seu filho na Academia de Aprendizagem de Puffin! Para come\u00e7ar com uma educa\u00e7\u00e3o de qualidade, por favor, n\u00e3o hesite em preencher o formul\u00e1rio abaixo.<\/p>\n<p><iframe id=\"myframe\" class=\"\" src=\"http:\/\/www.puffinlearningacademy.com\/wp-content\/themes\/puffinla\/forms\/admissionPreschool.php\"><\/iframe><\/p>\n","protected":false},"excerpt":{"rendered":"<p>Matricule seu filho na Academia de Aprendizagem de Puffin! Para come\u00e7ar com uma educa\u00e7\u00e3o de qualidade, por favor, n\u00e3o hesite em preencher o formul\u00e1rio abaixo.<\/p>\n","protected":false},"author":1,"featured_media":253,"parent":0,"menu_order":0,"comment_status":"closed","ping_status":"closed","template":"","meta":{"footnotes":""},"yoast_head":"<!-- This site is optimized with the Yoast SEO plugin v15.5 - https:\/\/yoast.com\/wordpress\/plugins\/seo\/ -->\r\n<title>Inscri\u00e7\u00e3o | ACADEMIA DE APRENDIZAGEM DO PUFFIN<\/title>\r\n<meta name=\"robots\" content=\"index, follow, max-snippet:-1, max-image-preview:large, max-video-preview:-1\" \/>\r\n<link rel=\"canonical\" href=\"http:\/\/www.puffinlearningacademy.com\/pt\/preschool-enrollment\" \/>\r\n<meta property=\"og:locale\" content=\"pt_PT\" \/>\r\n<meta property=\"og:type\" content=\"article\" \/>\r\n<meta property=\"og:title\" content=\"{:en}Enrollment{:}{:es}Inscripci\u00f3n{:}{:pt}Inscri\u00e7\u00e3o{:} | ACADEMIA DE APRENDIZAGEM DO PUFFIN\" \/>\r\n<meta property=\"og:description\" content=\"Matricule seu filho na Academia de Aprendizagem de Puffin! Para come\u00e7ar com uma educa\u00e7\u00e3o de qualidade, por favor, n\u00e3o hesite em preencher o formul\u00e1rio abaixo.\" \/>\r\n<meta property=\"og:url\" content=\"http:\/\/www.puffinlearningacademy.com\/pt\/preschool-enrollment\" \/>\r\n<meta property=\"og:site_name\" content=\"ACADEMIA DE APRENDIZAGEM DO PUFFIN\" \/>\r\n<meta property=\"article:modified_time\" content=\"2025-03-19T11:34:12+00:00\" \/>\r\n<meta property=\"og:image\" content=\"http:\/\/www.puffinlearningacademy.com\/wp-content\/uploads\/2019\/11\/thumb-154423352-1.jpg\" \/>\r\n\t<meta property=\"og:image:width\" content=\"1920\" \/>\r\n\t<meta property=\"og:image:height\" content=\"500\" \/>\r\n<meta name=\"twitter:card\" content=\"summary_large_image\" \/>\r\n<meta name=\"twitter:label1\" content=\"Est. reading time\">\n\t<meta name=\"twitter:data1\" content=\"0 minutes\">\r\n<script type=\"application\/ld+json\" class=\"yoast-schema-graph\">{\"@context\":\"https:\/\/schema.org\",\"@graph\":[{\"@type\":\"WebSite\",\"@id\":\"http:\/\/www.puffinlearningacademy.com\/pt\/#website\",\"url\":\"http:\/\/www.puffinlearningacademy.com\/pt\/\",\"name\":\"ACADEMIA DE APRENDIZAGEM DO PUFFIN\",\"description\":\"Just another WordPress site\",\"potentialAction\":[{\"@type\":\"SearchAction\",\"target\":\"http:\/\/www.puffinlearningacademy.com\/pt\/?s={search_term_string}\",\"query-input\":\"required name=search_term_string\"}],\"inLanguage\":\"pt-PT\"},{\"@type\":\"ImageObject\",\"@id\":\"http:\/\/www.puffinlearningacademy.com\/pt\/preschool-enrollment#primaryimage\",\"inLanguage\":\"pt-PT\",\"url\":\"http:\/\/www.puffinlearningacademy.com\/wp-content\/uploads\/2019\/11\/thumb-154423352-1.jpg\",\"width\":1920,\"height\":500,\"caption\":\"mother and child smiling\"},{\"@type\":\"WebPage\",\"@id\":\"http:\/\/www.puffinlearningacademy.com\/pt\/preschool-enrollment#webpage\",\"url\":\"http:\/\/www.puffinlearningacademy.com\/pt\/preschool-enrollment\",\"name\":\"{:en}Enrollment{:}{:es}Inscripci\\u00f3n{:}{:pt}Inscri\\u00e7\\u00e3o{:} | ACADEMIA DE APRENDIZAGEM DO PUFFIN\",\"isPartOf\":{\"@id\":\"http:\/\/www.puffinlearningacademy.com\/pt\/#website\"},\"primaryImageOfPage\":{\"@id\":\"http:\/\/www.puffinlearningacademy.com\/pt\/preschool-enrollment#primaryimage\"},\"datePublished\":\"2019-10-22T09:07:30+00:00\",\"dateModified\":\"2025-03-19T11:34:12+00:00\",\"inLanguage\":\"pt-PT\",\"potentialAction\":[{\"@type\":\"ReadAction\",\"target\":[\"http:\/\/www.puffinlearningacademy.com\/pt\/preschool-enrollment\"]}]}]}<\/script>\r\n<!-- \/ Yoast SEO plugin. -->","_links":{"self":[{"href":"http:\/\/www.puffinlearningacademy.com\/pt\/wp-json\/wp\/v2\/pages\/11"}],"collection":[{"href":"http:\/\/www.puffinlearningacademy.com\/pt\/wp-json\/wp\/v2\/pages"}],"about":[{"href":"http:\/\/www.puffinlearningacademy.com\/pt\/wp-json\/wp\/v2\/types\/page"}],"author":[{"embeddable":true,"href":"http:\/\/www.puffinlearningacademy.com\/pt\/wp-json\/wp\/v2\/users\/1"}],"replies":[{"embeddable":true,"href":"http:\/\/www.puffinlearningacademy.com\/pt\/wp-json\/wp\/v2\/comments?post=11"}],"version-history":[{"count":9,"href":"http:\/\/www.puffinlearningacademy.com\/pt\/wp-json\/wp\/v2\/pages\/11\/revisions"}],"predecessor-version":[{"id":365,"href":"http:\/\/www.puffinlearningacademy.com\/pt\/wp-json\/wp\/v2\/pages\/11\/revisions\/365"}],"wp:featuredmedia":[{"embeddable":true,"href":"http:\/\/www.puffinlearningacademy.com\/pt\/wp-json\/wp\/v2\/media\/253"}],"wp:attachment":[{"href":"http:\/\/www.puffinlearningacademy.com\/pt\/wp-json\/wp\/v2\/media?parent=11"}],"curies":[{"name":"wp","href":"https:\/\/api.w.org\/{rel}","templated":true}]}}