{"id":106,"date":"2019-10-24T08:14:38","date_gmt":"2019-10-24T08:14:38","guid":{"rendered":"https:\/\/web4.proweaverlinks.com\/puffinsla\/?page_id=106"},"modified":"2020-02-24T21:45:50","modified_gmt":"2020-02-24T21:45:50","slug":"spanish-and-me","status":"publish","type":"page","link":"http:\/\/www.puffinlearningacademy.com\/pt\/preschool-programs\/spanish-and-me","title":{"rendered":"Espanhol e Portugues"},"content":{"rendered":"<div class=\"intro_txt\">PORTUGUES E ESPANHOL &#8211; SEJA UM PEQUENO MESTRE DE L\u00cdNGUAS<\/div>\n<figure><img decoding=\"async\" src=\"http:\/\/www.puffinlearningacademy.com\/wp-content\/themes\/puffinla\/images\/thumbnails\/thumb_217386097.jpg\" alt=\"Grupo de crian\u00e7as que trabalham no computador na escola\" class=\"thumb_right_dd\"><\/figure>\n<p>Nosso programa de idiomas  \u00e9 oferecido a crian\u00e7as de 2 a 12 anos. Nossos professores s\u00e3o selecionados por sua flu\u00eancia nas l\u00ednguas que ensinam, bem como sua capacidade de envolver as crian\u00e7as no processo de aprendizagem. As crian\u00e7as que aprendem dois ou mais idiomas est\u00e3o constantemente interagindo entre eles e enquanto ouvem as pessoas falando ou lendo livros. Isso significa que eles s\u00e3o melhores em multitarefa, tendo o controle de uma habilidade que \u00e9 ben\u00e9fica educacionalmente. \u00c0 medida que a crian\u00e7a come\u00e7a a traduzir o ingl\u00eas para o espanhol ou portugues, ela desenvolver\u00e1 habilidades de linguagem natural e multitarefa que podem beneficiar seu desenvolvimento acad\u00eamico.<\/p>\n<div class=\"clearfix\"><\/div>\n<ul class=\"button\">\n<li><a href=\"http:\/\/www.puffinlearningacademy.com\/preschool-enrollment\">Inscreva-se agora!<\/a><\/li>\n<li><a style=\"line-height: inherit;\" href=\"http:\/\/www.puffinlearningacademy.com\/preschool-schedule-a-tour\">Venha nos fazer uma visita, marque um horario! <\/a><\/li>\n<li><a href=\"http:\/\/www.puffinlearningacademy.com\/preschool-contact-us\">Entre em contato conosco!<\/a><\/li>\n<\/ul>\n","protected":false},"excerpt":{"rendered":"<p>PORTUGUES E ESPANHOL &#8211; SEJA UM PEQUENO MESTRE DE L\u00cdNGUAS Nosso programa de idiomas \u00e9 oferecido a crian\u00e7as de 2 a 12 anos. Nossos professores s\u00e3o selecionados por sua flu\u00eancia nas l\u00ednguas que ensinam, bem como sua capacidade de envolver as crian\u00e7as no processo de aprendizagem. As crian\u00e7as que aprendem dois ou mais idiomas est\u00e3o &hellip; <a href=\"http:\/\/www.puffinlearningacademy.com\/pt\/preschool-programs\/spanish-and-me\">Continue reading <span class=\"meta-nav\">&rarr;<\/span><\/a><\/p>\n","protected":false},"author":1,"featured_media":0,"parent":9,"menu_order":0,"comment_status":"closed","ping_status":"closed","template":"","meta":{"footnotes":""},"yoast_head":"<!-- This site is optimized with the Yoast SEO plugin v15.5 - https:\/\/yoast.com\/wordpress\/plugins\/seo\/ -->\r\n<title>Espanhol e Portugues | ACADEMIA DE APRENDIZAGEM DO PUFFIN<\/title>\r\n<meta name=\"robots\" content=\"index, follow, max-snippet:-1, max-image-preview:large, max-video-preview:-1\" \/>\r\n<link rel=\"canonical\" href=\"http:\/\/www.puffinlearningacademy.com\/pt\/preschool-programs\/spanish-and-me\" \/>\r\n<meta property=\"og:locale\" content=\"pt_PT\" \/>\r\n<meta property=\"og:type\" content=\"article\" \/>\r\n<meta property=\"og:title\" content=\"{:en}Spanish &amp; Me{:}{:es}Espa\u00f1ol &amp; Me{:}{:pt}Espanhol e Portugues{:} | ACADEMIA DE APRENDIZAGEM DO PUFFIN\" \/>\r\n<meta property=\"og:description\" content=\"PORTUGUES E ESPANHOL &#8211; SEJA UM PEQUENO MESTRE DE L\u00cdNGUAS Nosso programa de idiomas \u00e9 oferecido a crian\u00e7as de 2 a 12 anos. Nossos professores s\u00e3o selecionados por sua flu\u00eancia nas l\u00ednguas que ensinam, bem como sua capacidade de envolver as crian\u00e7as no processo de aprendizagem. As crian\u00e7as que aprendem dois ou mais idiomas est\u00e3o &hellip; Continue reading &rarr;\" \/>\r\n<meta property=\"og:url\" content=\"http:\/\/www.puffinlearningacademy.com\/pt\/preschool-programs\/spanish-and-me\" \/>\r\n<meta property=\"og:site_name\" content=\"ACADEMIA DE APRENDIZAGEM DO PUFFIN\" \/>\r\n<meta property=\"article:modified_time\" content=\"2020-02-24T21:45:50+00:00\" \/>\r\n<meta property=\"og:image\" content=\"http:\/\/[contenturl%20type=&#039;templateurl&#039;%5D\/images\/thumbnails\/thumb_217386097.jpg\" \/>\r\n<meta name=\"twitter:card\" content=\"summary_large_image\" \/>\r\n<meta name=\"twitter:label1\" content=\"Est. reading time\">\n\t<meta name=\"twitter:data1\" content=\"1 minute\">\r\n<script type=\"application\/ld+json\" class=\"yoast-schema-graph\">{\"@context\":\"https:\/\/schema.org\",\"@graph\":[{\"@type\":\"WebSite\",\"@id\":\"http:\/\/www.puffinlearningacademy.com\/pt\/#website\",\"url\":\"http:\/\/www.puffinlearningacademy.com\/pt\/\",\"name\":\"ACADEMIA DE APRENDIZAGEM DO PUFFIN\",\"description\":\"Just another WordPress site\",\"potentialAction\":[{\"@type\":\"SearchAction\",\"target\":\"http:\/\/www.puffinlearningacademy.com\/pt\/?s={search_term_string}\",\"query-input\":\"required name=search_term_string\"}],\"inLanguage\":\"pt-PT\"},{\"@type\":\"ImageObject\",\"@id\":\"http:\/\/www.puffinlearningacademy.com\/pt\/preschool-programs\/spanish-and-me#primaryimage\",\"inLanguage\":\"pt-PT\",\"url\":\"[contenturl type='templateurl']\/images\/thumbnails\/thumb_217386097.jpg\"},{\"@type\":\"WebPage\",\"@id\":\"http:\/\/www.puffinlearningacademy.com\/pt\/preschool-programs\/spanish-and-me#webpage\",\"url\":\"http:\/\/www.puffinlearningacademy.com\/pt\/preschool-programs\/spanish-and-me\",\"name\":\"{:en}Spanish & Me{:}{:es}Espa\\u00f1ol & Me{:}{:pt}Espanhol e Portugues{:} | ACADEMIA DE APRENDIZAGEM DO PUFFIN\",\"isPartOf\":{\"@id\":\"http:\/\/www.puffinlearningacademy.com\/pt\/#website\"},\"primaryImageOfPage\":{\"@id\":\"http:\/\/www.puffinlearningacademy.com\/pt\/preschool-programs\/spanish-and-me#primaryimage\"},\"datePublished\":\"2019-10-24T08:14:38+00:00\",\"dateModified\":\"2020-02-24T21:45:50+00:00\",\"inLanguage\":\"pt-PT\",\"potentialAction\":[{\"@type\":\"ReadAction\",\"target\":[\"http:\/\/www.puffinlearningacademy.com\/pt\/preschool-programs\/spanish-and-me\"]}]}]}<\/script>\r\n<!-- \/ Yoast SEO plugin. -->","_links":{"self":[{"href":"http:\/\/www.puffinlearningacademy.com\/pt\/wp-json\/wp\/v2\/pages\/106"}],"collection":[{"href":"http:\/\/www.puffinlearningacademy.com\/pt\/wp-json\/wp\/v2\/pages"}],"about":[{"href":"http:\/\/www.puffinlearningacademy.com\/pt\/wp-json\/wp\/v2\/types\/page"}],"author":[{"embeddable":true,"href":"http:\/\/www.puffinlearningacademy.com\/pt\/wp-json\/wp\/v2\/users\/1"}],"replies":[{"embeddable":true,"href":"http:\/\/www.puffinlearningacademy.com\/pt\/wp-json\/wp\/v2\/comments?post=106"}],"version-history":[{"count":11,"href":"http:\/\/www.puffinlearningacademy.com\/pt\/wp-json\/wp\/v2\/pages\/106\/revisions"}],"predecessor-version":[{"id":340,"href":"http:\/\/www.puffinlearningacademy.com\/pt\/wp-json\/wp\/v2\/pages\/106\/revisions\/340"}],"up":[{"embeddable":true,"href":"http:\/\/www.puffinlearningacademy.com\/pt\/wp-json\/wp\/v2\/pages\/9"}],"wp:attachment":[{"href":"http:\/\/www.puffinlearningacademy.com\/pt\/wp-json\/wp\/v2\/media?parent=106"}],"curies":[{"name":"wp","href":"https:\/\/api.w.org\/{rel}","templated":true}]}}