{"id":101,"date":"2019-10-24T08:08:59","date_gmt":"2019-10-24T08:08:59","guid":{"rendered":"https:\/\/web4.proweaverlinks.com\/puffinsla\/?page_id=101"},"modified":"2020-02-24T21:46:18","modified_gmt":"2020-02-24T21:46:18","slug":"character-development","status":"publish","type":"page","link":"http:\/\/www.puffinlearningacademy.com\/pt\/preschool-programs\/character-development","title":{"rendered":"Desenvolvimento do car\u00e1ter"},"content":{"rendered":"<div class=\"intro_txt\">DESENVOLVER o CAR\u00c1TER DAS CRIAN\u00c7AS<\/div>\n<figure><img decoding=\"async\" src=\"http:\/\/www.puffinlearningacademy.com\/wp-content\/themes\/puffinla\/images\/thumbnails\/thumb_15865333.jpg\" alt=\"Quatro amigos diversos felizes do preschool que abra\u00e7am em um c\u00edrculo na sala de aula\" class=\"thumb_right_dd\"><\/figure>\n<p>Nosso curr\u00edculo de desenvolvimento de car\u00e1ter se concentra em oito tra\u00e7os de car\u00e1ter central, incluindo honestidade, paci\u00eancia, felicidade, respeito e sinceridade, al\u00e9m de ser amoroso, gentil e carinhoso. Ensinamos as crian\u00e7as a confiar em princ\u00edpios fortes e \u00e9tica na tomada de decis\u00f5es e orientando seu comportamento. Isso os prepara para realizar seus objetivos, interagir com os outros e ter sucesso na vida.<\/p>\n<div class=\"clearfix\"><\/div>\n<ul class=\"button\">\n<li><a href=\"http:\/\/www.puffinlearningacademy.com\/preschool-enrollment\">Inscreva-se agora!<\/a><\/li>\n<li><a style=\"line-height: inherit;\" href=\"http:\/\/www.puffinlearningacademy.com\/preschool-schedule-a-tour\">Venha nos fazer uma visita, marque um horario! <\/a><\/li>\n<li><a href=\"http:\/\/www.puffinlearningacademy.com\/preschool-contact-us\">Entre em contato conosco!<\/a><\/li>\n<\/ul>\n","protected":false},"excerpt":{"rendered":"<p>DESENVOLVER o CAR\u00c1TER DAS CRIAN\u00c7AS Nosso curr\u00edculo de desenvolvimento de car\u00e1ter se concentra em oito tra\u00e7os de car\u00e1ter central, incluindo honestidade, paci\u00eancia, felicidade, respeito e sinceridade, al\u00e9m de ser amoroso, gentil e carinhoso. Ensinamos as crian\u00e7as a confiar em princ\u00edpios fortes e \u00e9tica na tomada de decis\u00f5es e orientando seu comportamento. Isso os prepara para &hellip; <a href=\"http:\/\/www.puffinlearningacademy.com\/pt\/preschool-programs\/character-development\">Continue reading <span class=\"meta-nav\">&rarr;<\/span><\/a><\/p>\n","protected":false},"author":1,"featured_media":0,"parent":9,"menu_order":0,"comment_status":"closed","ping_status":"closed","template":"","meta":{"footnotes":""},"yoast_head":"<!-- This site is optimized with the Yoast SEO plugin v15.5 - https:\/\/yoast.com\/wordpress\/plugins\/seo\/ -->\r\n<title>Desenvolvimento do car\u00e1ter | ACADEMIA DE APRENDIZAGEM DO PUFFIN<\/title>\r\n<meta name=\"robots\" content=\"index, follow, max-snippet:-1, max-image-preview:large, max-video-preview:-1\" \/>\r\n<link rel=\"canonical\" href=\"http:\/\/www.puffinlearningacademy.com\/pt\/preschool-programs\/character-development\" \/>\r\n<meta property=\"og:locale\" content=\"pt_PT\" \/>\r\n<meta property=\"og:type\" content=\"article\" \/>\r\n<meta property=\"og:title\" content=\"{:en}Character Development{:}{:es}Desarrollo de personaje{:}{:pt}Desenvolvimento do car\u00e1ter{:} | ACADEMIA DE APRENDIZAGEM DO PUFFIN\" \/>\r\n<meta property=\"og:description\" content=\"DESENVOLVER o CAR\u00c1TER DAS CRIAN\u00c7AS Nosso curr\u00edculo de desenvolvimento de car\u00e1ter se concentra em oito tra\u00e7os de car\u00e1ter central, incluindo honestidade, paci\u00eancia, felicidade, respeito e sinceridade, al\u00e9m de ser amoroso, gentil e carinhoso. Ensinamos as crian\u00e7as a confiar em princ\u00edpios fortes e \u00e9tica na tomada de decis\u00f5es e orientando seu comportamento. Isso os prepara para &hellip; Continue reading &rarr;\" \/>\r\n<meta property=\"og:url\" content=\"http:\/\/www.puffinlearningacademy.com\/pt\/preschool-programs\/character-development\" \/>\r\n<meta property=\"og:site_name\" content=\"ACADEMIA DE APRENDIZAGEM DO PUFFIN\" \/>\r\n<meta property=\"article:modified_time\" content=\"2020-02-24T21:46:18+00:00\" \/>\r\n<meta property=\"og:image\" content=\"http:\/\/[contenturl%20type=&#039;templateurl&#039;%5D\/images\/thumbnails\/thumb_15865333.jpg\" \/>\r\n<meta name=\"twitter:card\" content=\"summary_large_image\" \/>\r\n<meta name=\"twitter:label1\" content=\"Est. reading time\">\n\t<meta name=\"twitter:data1\" content=\"1 minute\">\r\n<script type=\"application\/ld+json\" class=\"yoast-schema-graph\">{\"@context\":\"https:\/\/schema.org\",\"@graph\":[{\"@type\":\"WebSite\",\"@id\":\"http:\/\/www.puffinlearningacademy.com\/pt\/#website\",\"url\":\"http:\/\/www.puffinlearningacademy.com\/pt\/\",\"name\":\"ACADEMIA DE APRENDIZAGEM DO PUFFIN\",\"description\":\"Just another WordPress site\",\"potentialAction\":[{\"@type\":\"SearchAction\",\"target\":\"http:\/\/www.puffinlearningacademy.com\/pt\/?s={search_term_string}\",\"query-input\":\"required name=search_term_string\"}],\"inLanguage\":\"pt-PT\"},{\"@type\":\"ImageObject\",\"@id\":\"http:\/\/www.puffinlearningacademy.com\/pt\/preschool-programs\/character-development#primaryimage\",\"inLanguage\":\"pt-PT\",\"url\":\"[contenturl type='templateurl']\/images\/thumbnails\/thumb_15865333.jpg\"},{\"@type\":\"WebPage\",\"@id\":\"http:\/\/www.puffinlearningacademy.com\/pt\/preschool-programs\/character-development#webpage\",\"url\":\"http:\/\/www.puffinlearningacademy.com\/pt\/preschool-programs\/character-development\",\"name\":\"{:en}Character Development{:}{:es}Desarrollo de personaje{:}{:pt}Desenvolvimento do car\\u00e1ter{:} | ACADEMIA DE APRENDIZAGEM DO PUFFIN\",\"isPartOf\":{\"@id\":\"http:\/\/www.puffinlearningacademy.com\/pt\/#website\"},\"primaryImageOfPage\":{\"@id\":\"http:\/\/www.puffinlearningacademy.com\/pt\/preschool-programs\/character-development#primaryimage\"},\"datePublished\":\"2019-10-24T08:08:59+00:00\",\"dateModified\":\"2020-02-24T21:46:18+00:00\",\"inLanguage\":\"pt-PT\",\"potentialAction\":[{\"@type\":\"ReadAction\",\"target\":[\"http:\/\/www.puffinlearningacademy.com\/pt\/preschool-programs\/character-development\"]}]}]}<\/script>\r\n<!-- \/ Yoast SEO plugin. -->","_links":{"self":[{"href":"http:\/\/www.puffinlearningacademy.com\/pt\/wp-json\/wp\/v2\/pages\/101"}],"collection":[{"href":"http:\/\/www.puffinlearningacademy.com\/pt\/wp-json\/wp\/v2\/pages"}],"about":[{"href":"http:\/\/www.puffinlearningacademy.com\/pt\/wp-json\/wp\/v2\/types\/page"}],"author":[{"embeddable":true,"href":"http:\/\/www.puffinlearningacademy.com\/pt\/wp-json\/wp\/v2\/users\/1"}],"replies":[{"embeddable":true,"href":"http:\/\/www.puffinlearningacademy.com\/pt\/wp-json\/wp\/v2\/comments?post=101"}],"version-history":[{"count":12,"href":"http:\/\/www.puffinlearningacademy.com\/pt\/wp-json\/wp\/v2\/pages\/101\/revisions"}],"predecessor-version":[{"id":341,"href":"http:\/\/www.puffinlearningacademy.com\/pt\/wp-json\/wp\/v2\/pages\/101\/revisions\/341"}],"up":[{"embeddable":true,"href":"http:\/\/www.puffinlearningacademy.com\/pt\/wp-json\/wp\/v2\/pages\/9"}],"wp:attachment":[{"href":"http:\/\/www.puffinlearningacademy.com\/pt\/wp-json\/wp\/v2\/media?parent=101"}],"curies":[{"name":"wp","href":"https:\/\/api.w.org\/{rel}","templated":true}]}}