{"id":10,"date":"2019-10-22T09:07:31","date_gmt":"2019-10-22T09:07:31","guid":{"rendered":"http:\/\/localhost\/puffinsla\/?page_id=10"},"modified":"2025-03-21T08:11:00","modified_gmt":"2025-03-21T08:11:00","slug":"preschool-our-staff","status":"publish","type":"page","link":"http:\/\/www.puffinlearningacademy.com\/pt\/preschool-our-staff","title":{"rendered":"Nossa equipe"},"content":{"rendered":"<div class=\"intro_txt\">EQUIPE SIMP\u00c1TICA, AMOROSA E QUALIFICADA<\/div>\n<p><img decoding=\"async\" src=\"http:\/\/www.puffinlearningacademy.com\/wp-content\/themes\/puffinla\/images\/thumbnails\/thumb_33200016.jpg\" class=\"thumb_right_dd\" alt=\"Retrato de feliz Professor Africano americano do sexo feminino e alunos juntos na mesa na sala de aula\">N\u00f3s mantemos nossos altos padr\u00f5es de cuidados e educa\u00e7\u00e3o, mantendo uma equipe bem-informada e competente. \u00c9 por isso que garantimos que cada funcionario, caso seja, professor(a) ou assistente, seja submetido a uma verifica\u00e7\u00e3o de antecedentes abrangente, que inclui o seguinte:<\/p>\n<ul class=\"bullet\">\n<li>Pesquisa de agressores sexuais\n<li>Rastreamento de verifica\u00e7\u00e3o da seguran\u00e7a social\n<li>Programa de licenciamento de verifica\u00e7\u00f5es de antecedentes exigidas pelo Estado da Florida.\n<li>Verifica\u00e7\u00e3o de antecedentes criminais do condado de broward ou Palm Beach, nos \u00faltimos sete anos realizada em todos os munic\u00edpios que uma pessoa viveu, trabalhou ou frequentou a escola.\n<\/ul>\n<p>Tenha certeza, seus pequeninos estar\u00e3o seguros e bem cuidados \u00e0 medida que aprendem e se desenvolvem com a ajuda de nossa equipe confi\u00e1vel.<\/p>\n<ul class=\"button\">\n<li><a href=\"http:\/\/www.puffinlearningacademy.com\/preschool-enrollment\">Inscreva-se agora!<\/a><\/li>\n<li><a href=\"http:\/\/www.puffinlearningacademy.com\/preschool-schedule-a-tour\">Marque uma visita!<\/a><\/li>\n<li><a href=\"http:\/\/www.puffinlearningacademy.com\/preschool-contact-us\">Entre em contato!<\/a><\/li>\n<\/ul>\n","protected":false},"excerpt":{"rendered":"<p>EQUIPE SIMP\u00c1TICA, AMOROSA E QUALIFICADA N\u00f3s mantemos nossos altos padr\u00f5es de cuidados e educa\u00e7\u00e3o, mantendo uma equipe bem-informada e competente. \u00c9 por isso que garantimos que cada funcionario, caso seja, professor(a) ou assistente, seja submetido a uma verifica\u00e7\u00e3o de antecedentes abrangente, que inclui o seguinte: Pesquisa de agressores sexuais Rastreamento de verifica\u00e7\u00e3o da seguran\u00e7a social &hellip; <a href=\"http:\/\/www.puffinlearningacademy.com\/pt\/preschool-our-staff\">Continue reading <span class=\"meta-nav\">&rarr;<\/span><\/a><\/p>\n","protected":false},"author":1,"featured_media":255,"parent":0,"menu_order":0,"comment_status":"closed","ping_status":"closed","template":"","meta":{"footnotes":""},"yoast_head":"<!-- This site is optimized with the Yoast SEO plugin v15.5 - https:\/\/yoast.com\/wordpress\/plugins\/seo\/ -->\r\n<title>Nossa equipe | ACADEMIA DE APRENDIZAGEM DO PUFFIN<\/title>\r\n<meta name=\"robots\" content=\"index, follow, max-snippet:-1, max-image-preview:large, max-video-preview:-1\" \/>\r\n<link rel=\"canonical\" href=\"http:\/\/www.puffinlearningacademy.com\/pt\/preschool-our-staff\" \/>\r\n<meta property=\"og:locale\" content=\"pt_PT\" \/>\r\n<meta property=\"og:type\" content=\"article\" \/>\r\n<meta property=\"og:title\" content=\"{:en}Our Staff{:}{:es}Nuestro personal{:}{:pt}Nossa equipe{:} | ACADEMIA DE APRENDIZAGEM DO PUFFIN\" \/>\r\n<meta property=\"og:description\" content=\"EQUIPE SIMP\u00c1TICA, AMOROSA E QUALIFICADA N\u00f3s mantemos nossos altos padr\u00f5es de cuidados e educa\u00e7\u00e3o, mantendo uma equipe bem-informada e competente. \u00c9 por isso que garantimos que cada funcionario, caso seja, professor(a) ou assistente, seja submetido a uma verifica\u00e7\u00e3o de antecedentes abrangente, que inclui o seguinte: Pesquisa de agressores sexuais Rastreamento de verifica\u00e7\u00e3o da seguran\u00e7a social &hellip; Continue reading &rarr;\" \/>\r\n<meta property=\"og:url\" content=\"http:\/\/www.puffinlearningacademy.com\/pt\/preschool-our-staff\" \/>\r\n<meta property=\"og:site_name\" content=\"ACADEMIA DE APRENDIZAGEM DO PUFFIN\" \/>\r\n<meta property=\"article:modified_time\" content=\"2025-03-21T08:11:00+00:00\" \/>\r\n<meta property=\"og:image\" content=\"http:\/\/www.puffinlearningacademy.com\/wp-content\/uploads\/2019\/11\/thumb-641732992-1.jpg\" \/>\r\n\t<meta property=\"og:image:width\" content=\"1920\" \/>\r\n\t<meta property=\"og:image:height\" content=\"500\" \/>\r\n<meta name=\"twitter:card\" content=\"summary_large_image\" \/>\r\n<meta name=\"twitter:label1\" content=\"Est. reading time\">\n\t<meta name=\"twitter:data1\" content=\"2 minutes\">\r\n<script type=\"application\/ld+json\" class=\"yoast-schema-graph\">{\"@context\":\"https:\/\/schema.org\",\"@graph\":[{\"@type\":\"WebSite\",\"@id\":\"http:\/\/www.puffinlearningacademy.com\/pt\/#website\",\"url\":\"http:\/\/www.puffinlearningacademy.com\/pt\/\",\"name\":\"ACADEMIA DE APRENDIZAGEM DO PUFFIN\",\"description\":\"Just another WordPress site\",\"potentialAction\":[{\"@type\":\"SearchAction\",\"target\":\"http:\/\/www.puffinlearningacademy.com\/pt\/?s={search_term_string}\",\"query-input\":\"required name=search_term_string\"}],\"inLanguage\":\"pt-PT\"},{\"@type\":\"ImageObject\",\"@id\":\"http:\/\/www.puffinlearningacademy.com\/pt\/preschool-our-staff#primaryimage\",\"inLanguage\":\"pt-PT\",\"url\":\"http:\/\/www.puffinlearningacademy.com\/wp-content\/uploads\/2019\/11\/thumb-641732992-1.jpg\",\"width\":1920,\"height\":500,\"caption\":\"teacher teaching children\"},{\"@type\":\"WebPage\",\"@id\":\"http:\/\/www.puffinlearningacademy.com\/pt\/preschool-our-staff#webpage\",\"url\":\"http:\/\/www.puffinlearningacademy.com\/pt\/preschool-our-staff\",\"name\":\"{:en}Our Staff{:}{:es}Nuestro personal{:}{:pt}Nossa equipe{:} | ACADEMIA DE APRENDIZAGEM DO PUFFIN\",\"isPartOf\":{\"@id\":\"http:\/\/www.puffinlearningacademy.com\/pt\/#website\"},\"primaryImageOfPage\":{\"@id\":\"http:\/\/www.puffinlearningacademy.com\/pt\/preschool-our-staff#primaryimage\"},\"datePublished\":\"2019-10-22T09:07:31+00:00\",\"dateModified\":\"2025-03-21T08:11:00+00:00\",\"inLanguage\":\"pt-PT\",\"potentialAction\":[{\"@type\":\"ReadAction\",\"target\":[\"http:\/\/www.puffinlearningacademy.com\/pt\/preschool-our-staff\"]}]}]}<\/script>\r\n<!-- \/ Yoast SEO plugin. -->","_links":{"self":[{"href":"http:\/\/www.puffinlearningacademy.com\/pt\/wp-json\/wp\/v2\/pages\/10"}],"collection":[{"href":"http:\/\/www.puffinlearningacademy.com\/pt\/wp-json\/wp\/v2\/pages"}],"about":[{"href":"http:\/\/www.puffinlearningacademy.com\/pt\/wp-json\/wp\/v2\/types\/page"}],"author":[{"embeddable":true,"href":"http:\/\/www.puffinlearningacademy.com\/pt\/wp-json\/wp\/v2\/users\/1"}],"replies":[{"embeddable":true,"href":"http:\/\/www.puffinlearningacademy.com\/pt\/wp-json\/wp\/v2\/comments?post=10"}],"version-history":[{"count":11,"href":"http:\/\/www.puffinlearningacademy.com\/pt\/wp-json\/wp\/v2\/pages\/10\/revisions"}],"predecessor-version":[{"id":344,"href":"http:\/\/www.puffinlearningacademy.com\/pt\/wp-json\/wp\/v2\/pages\/10\/revisions\/344"}],"wp:featuredmedia":[{"embeddable":true,"href":"http:\/\/www.puffinlearningacademy.com\/pt\/wp-json\/wp\/v2\/media\/255"}],"wp:attachment":[{"href":"http:\/\/www.puffinlearningacademy.com\/pt\/wp-json\/wp\/v2\/media?parent=10"}],"curies":[{"name":"wp","href":"https:\/\/api.w.org\/{rel}","templated":true}]}}