{"id":91,"date":"2019-10-24T08:01:42","date_gmt":"2019-10-24T08:01:42","guid":{"rendered":"https:\/\/web4.proweaverlinks.com\/puffinsla\/?page_id=91"},"modified":"2020-02-24T21:41:32","modified_gmt":"2020-02-24T21:41:32","slug":"pre-k","status":"publish","type":"page","link":"http:\/\/www.puffinlearningacademy.com\/es\/preschool-programs\/pre-k","title":{"rendered":"Pre-K (VPK)"},"content":{"rendered":"<div class=\"intro_txt\">PREPARACI\u00d3N PARA EL JARD\u00cdN DE INFANTES<\/div>\n<figure><img decoding=\"async\" src=\"http:\/\/www.puffinlearningacademy.com\/wp-content\/themes\/puffinla\/images\/thumbnails\/thumb-90711517.jpg\" alt=\"dos ni\u00f1as est\u00e1n jugando\" class=\"thumb_right_dd\"\/><\/figure>\n<p>Nuestro programa Pre-K (VPK) ofrece a los ni\u00f1os una amplia variedad de oportunidades de aprendizaje. El plan de estudios permite a los ni\u00f1os explorar el mundo en el que viven con la seguridad y el apoyo de grandes maestros. Desde la lectura hasta las matem\u00e1ticas y la vida en el hogar, estar\u00e1n expuestos a actividades que promover\u00e1n la curiosidad, el aprendizaje y la creatividad, as\u00ed como las habilidades que necesitar\u00e1n para prepararse para el jard\u00edn de infantes.<\/p>\n<div class=\"clearfix\"><\/div>\n<ul class=\"button1\">\n<li><a href=\"https:\/\/familyservices.floridaearlylearning.com\/\" target=\"_blank\" rel=\"noopener noreferrer\">Solicitar VPK!<\/a><\/li>\n<li><a href=\"http:\/\/www.puffinlearningacademy.com\/preschool-enrollment\">Inscr\u00edbase ahora!<\/a><\/li>\n<li><a href=\"http:\/\/www.puffinlearningacademy.com\/preschool-schedule-a-tour\">\u00a1Programa un tour!<\/a><\/li>\n<li><a href=\"http:\/\/www.puffinlearningacademy.com\/preschool-contact-us\">\u00a1Ponte en contacto!<\/a><\/li>\n<\/ul>\n","protected":false},"excerpt":{"rendered":"<p>PREPARACI\u00d3N PARA EL JARD\u00cdN DE INFANTES Nuestro programa Pre-K (VPK) ofrece a los ni\u00f1os una amplia variedad de oportunidades de aprendizaje. El plan de estudios permite a los ni\u00f1os explorar el mundo en el que viven con la seguridad y el apoyo de grandes maestros. Desde la lectura hasta las matem\u00e1ticas y la vida en &hellip; <a href=\"http:\/\/www.puffinlearningacademy.com\/es\/preschool-programs\/pre-k\">Continue reading <span class=\"meta-nav\">&rarr;<\/span><\/a><\/p>\n","protected":false},"author":1,"featured_media":0,"parent":9,"menu_order":0,"comment_status":"closed","ping_status":"closed","template":"","meta":{"footnotes":""},"yoast_head":"<!-- This site is optimized with the Yoast SEO plugin v15.5 - https:\/\/yoast.com\/wordpress\/plugins\/seo\/ -->\r\n<title>Pre-K (VPK) | LA ACADEMIA DE APRENDIZAJE DE PUFFIN<\/title>\r\n<meta name=\"robots\" content=\"index, follow, max-snippet:-1, max-image-preview:large, max-video-preview:-1\" \/>\r\n<link rel=\"canonical\" href=\"http:\/\/www.puffinlearningacademy.com\/es\/preschool-programs\/pre-k\" \/>\r\n<meta property=\"og:locale\" content=\"es_ES\" \/>\r\n<meta property=\"og:type\" content=\"article\" \/>\r\n<meta property=\"og:title\" content=\"{:en}Pre-K (VPK){:}{:es}Pre-K (VPK){:}{:pt}Pr\u00e9-K (VPK){:} | LA ACADEMIA DE APRENDIZAJE DE PUFFIN\" \/>\r\n<meta property=\"og:description\" content=\"PREPARACI\u00d3N PARA EL JARD\u00cdN DE INFANTES Nuestro programa Pre-K (VPK) ofrece a los ni\u00f1os una amplia variedad de oportunidades de aprendizaje. El plan de estudios permite a los ni\u00f1os explorar el mundo en el que viven con la seguridad y el apoyo de grandes maestros. Desde la lectura hasta las matem\u00e1ticas y la vida en &hellip; Continue reading &rarr;\" \/>\r\n<meta property=\"og:url\" content=\"http:\/\/www.puffinlearningacademy.com\/es\/preschool-programs\/pre-k\" \/>\r\n<meta property=\"og:site_name\" content=\"LA ACADEMIA DE APRENDIZAJE DE PUFFIN\" \/>\r\n<meta property=\"article:modified_time\" content=\"2020-02-24T21:41:32+00:00\" \/>\r\n<meta property=\"og:image\" content=\"http:\/\/[contenturl%20type=templateurl]\/images\/thumbnails\/thumb-90711517.jpg\" \/>\r\n<meta name=\"twitter:card\" content=\"summary_large_image\" \/>\r\n<meta name=\"twitter:label1\" content=\"Est. reading time\">\n\t<meta name=\"twitter:data1\" content=\"1 minute\">\r\n<script type=\"application\/ld+json\" class=\"yoast-schema-graph\">{\"@context\":\"https:\/\/schema.org\",\"@graph\":[{\"@type\":\"WebSite\",\"@id\":\"http:\/\/www.puffinlearningacademy.com\/es\/#website\",\"url\":\"http:\/\/www.puffinlearningacademy.com\/es\/\",\"name\":\"LA ACADEMIA DE APRENDIZAJE DE PUFFIN\",\"description\":\"Just another WordPress site\",\"potentialAction\":[{\"@type\":\"SearchAction\",\"target\":\"http:\/\/www.puffinlearningacademy.com\/es\/?s={search_term_string}\",\"query-input\":\"required name=search_term_string\"}],\"inLanguage\":\"es-ES\"},{\"@type\":\"ImageObject\",\"@id\":\"http:\/\/www.puffinlearningacademy.com\/es\/preschool-programs\/pre-k#primaryimage\",\"inLanguage\":\"es-ES\",\"url\":\"[contenturl type=templateurl]\/images\/thumbnails\/thumb-90711517.jpg\"},{\"@type\":\"WebPage\",\"@id\":\"http:\/\/www.puffinlearningacademy.com\/es\/preschool-programs\/pre-k#webpage\",\"url\":\"http:\/\/www.puffinlearningacademy.com\/es\/preschool-programs\/pre-k\",\"name\":\"{:en}Pre-K (VPK){:}{:es}Pre-K (VPK){:}{:pt}Pr\\u00e9-K (VPK){:} | LA ACADEMIA DE APRENDIZAJE DE PUFFIN\",\"isPartOf\":{\"@id\":\"http:\/\/www.puffinlearningacademy.com\/es\/#website\"},\"primaryImageOfPage\":{\"@id\":\"http:\/\/www.puffinlearningacademy.com\/es\/preschool-programs\/pre-k#primaryimage\"},\"datePublished\":\"2019-10-24T08:01:42+00:00\",\"dateModified\":\"2020-02-24T21:41:32+00:00\",\"inLanguage\":\"es-ES\",\"potentialAction\":[{\"@type\":\"ReadAction\",\"target\":[\"http:\/\/www.puffinlearningacademy.com\/es\/preschool-programs\/pre-k\"]}]}]}<\/script>\r\n<!-- \/ Yoast SEO plugin. -->","_links":{"self":[{"href":"http:\/\/www.puffinlearningacademy.com\/es\/wp-json\/wp\/v2\/pages\/91"}],"collection":[{"href":"http:\/\/www.puffinlearningacademy.com\/es\/wp-json\/wp\/v2\/pages"}],"about":[{"href":"http:\/\/www.puffinlearningacademy.com\/es\/wp-json\/wp\/v2\/types\/page"}],"author":[{"embeddable":true,"href":"http:\/\/www.puffinlearningacademy.com\/es\/wp-json\/wp\/v2\/users\/1"}],"replies":[{"embeddable":true,"href":"http:\/\/www.puffinlearningacademy.com\/es\/wp-json\/wp\/v2\/comments?post=91"}],"version-history":[{"count":13,"href":"http:\/\/www.puffinlearningacademy.com\/es\/wp-json\/wp\/v2\/pages\/91\/revisions"}],"predecessor-version":[{"id":336,"href":"http:\/\/www.puffinlearningacademy.com\/es\/wp-json\/wp\/v2\/pages\/91\/revisions\/336"}],"up":[{"embeddable":true,"href":"http:\/\/www.puffinlearningacademy.com\/es\/wp-json\/wp\/v2\/pages\/9"}],"wp:attachment":[{"href":"http:\/\/www.puffinlearningacademy.com\/es\/wp-json\/wp\/v2\/media?parent=91"}],"curies":[{"name":"wp","href":"https:\/\/api.w.org\/{rel}","templated":true}]}}