{"id":9,"date":"2019-10-22T09:07:32","date_gmt":"2019-10-22T09:07:32","guid":{"rendered":"http:\/\/localhost\/puffinsla\/?page_id=9"},"modified":"2026-01-28T09:01:58","modified_gmt":"2026-01-28T09:01:58","slug":"preschool-programs","status":"publish","type":"page","link":"http:\/\/www.puffinlearningacademy.com\/es\/preschool-programs","title":{"rendered":"Programas"},"content":{"rendered":"<div class=\"intro_txt\">&#8220;EL SECRETO EN LA EDUCACION SE BASA EN EL RESPETO AL ESTUDIANTE.&#8221; &#8211; RALPH WALDO EMERSON<\/div>\n<p>La primera etapa pre-escolar es un momento importante de vasto aprendizaje, crecimiento y desarrollo. Durante este tiempo, los ni\u00f1os adquieren la capacidad de independizarse de las figuras adultas y ganar el deseo de formar parte de los grupos sociales. Al convertirse en su propio individuo, toman pasos y se vuelven independientes en su aprendizaje. Los ni\u00f1os deben poder participar a su propio ritmo y nivel de habilidad personal. Por lo tanto, al crear un enfoque individual en lugar de un enfoque de todo el grupo, los ni\u00f1os se sentir\u00e1n exitosos y realizados, lo que inculcar\u00e1 amor por el aprendizaje y la escuela.<\/p>\n<p>Los ni\u00f1os aprenden&#8230;<\/p>\n<ul class=\"bullet\">\n<li>Construir conocimiento\n<li>A trav\u00e9s del juego\n<li>A trav\u00e9s de la interacci\u00f3n social con otros adultos y otros ni\u00f1os\n<li>Mejor cuando est\u00e1 motivado\n<li>Mejor cuando se satisfacen sus necesidades f\u00edsicas y se sienten psicol\u00f3gicamente seguros\n<li>Mejor cuando el desarrollo y el aprendizaje se caracterizan por la variaci\u00f3n individual\n<\/ul>\n<p>Ofrecemos los siguientes programas:<\/p>\n<h3>Programas Acad\u00e9micos<\/h3>\n<div class=\"services\">\n<figure class=\"serv red\"><a href=\"preschool-programs\/infants\"><img decoding=\"async\" src=\"http:\/\/www.puffinlearningacademy.com\/wp-content\/themes\/puffinla\/images\/thumbnails\/thumb-357344255.jpg\" alt=\"ni\u00f1o jugando en el patio de recreo\" class=\"img-responsive\"><strong><span><small>INFANTES (6 SEMANAS-12 MESES)<\/small><\/span><\/strong><\/a><\/figure>\n<figure class=\"serv red\"><a href=\"preschool-programs\/toddlers\"><img decoding=\"async\" src=\"http:\/\/www.puffinlearningacademy.com\/wp-content\/themes\/puffinla\/images\/thumbnails\/thumb-1255309270.jpg\" alt=\"dos ni\u00f1os peque\u00f1os est\u00e1n jugando\" class=\"img-responsive\"><strong><span><small>TODDLERS (12 MESES-24 MESES)<\/small><\/span><\/strong><\/a><\/figure>\n<figure class=\"serv red\"><a href=\"preschool-programs\/twos\"><img decoding=\"async\" src=\"http:\/\/www.puffinlearningacademy.com\/wp-content\/themes\/puffinla\/images\/thumbnails\/thumb-100656117.jpg\" alt=\"ni\u00f1os jugando en la mesa dentro de preescolar\" class=\"img-responsive\"><strong><span><small>DOS (24 MESES-36 MESES)<\/small><\/span><\/strong><\/a><\/figure>\n<figure class=\"serv red\"><a href=\"preschool-programs\/preschool\"><img decoding=\"async\" src=\"http:\/\/www.puffinlearningacademy.com\/wp-content\/themes\/puffinla\/images\/thumbnails\/thumb_707462947.jpg\" alt=\"Muy feliz ni\u00f1o negro africano haciendo pulgares hacia arriba signo\" class=\"img-responsive\"><strong><span><small>PRE-ESCOLAR (30 MES-38 MESES)<\/small><\/span><\/strong><\/a><\/figure>\n<figure class=\"serv red\"><a href=\"preschool-programs\/aftercare-program\"><img decoding=\"async\" src=\"http:\/\/www.puffinlearningacademy.com\/wp-content\/themes\/puffinla\/images\/thumbnails\/thumb-772922518.jpg\" alt=\"Ni\u00f1os jugando tira y afloja en su campamento de verano\" class=\"img-responsive\"><strong><span><small>Aftercare Programa<\/small><\/span><\/strong><\/a><\/figure>\n<figure class=\"serv red\"><a href=\"preschool-programs\/pre-k\"><img decoding=\"async\" src=\"http:\/\/www.puffinlearningacademy.com\/wp-content\/themes\/puffinla\/images\/thumbnails\/thumb-305457077.jpg\" alt=\"Clase de preescolar en el municipio de Sud\u00e1frica\" class=\"img-responsive\"><strong><span><small>PRE-K (VPK)<\/small><\/span><\/strong><\/a><\/figure>\n<\/div>\n<h3>Actividades extracurriculares<\/h3>\n<div class=\"services1\">\n<figure class=\"serv red\"><a href=\"preschool-programs\/music-program\"><img decoding=\"async\" src=\"http:\/\/www.puffinlearningacademy.com\/wp-content\/themes\/puffinla\/images\/thumbnails\/thumb-87580952.jpg\" alt=\"dos ni\u00f1os jugando piano\" class=\"img-responsive\"><strong><span><small>MUSIC PROGRAMA<\/small><\/span><\/strong><\/a><\/figure>\n<figure class=\"serv red\"><a href=\"preschool-programs\/lil-chefs\"><img decoding=\"async\" src=\"http:\/\/www.puffinlearningacademy.com\/wp-content\/themes\/puffinla\/images\/thumbnails\/thumb-43031002.jpg\" alt=\"ni\u00f1os usando un uniforme de chefs blancos sonriendo\" class=\"img-responsive\"><strong><span><small>LIL CHEFS<\/small><\/span><\/strong><\/a><\/figure>\n<figure class=\"serv red\"><a href=\"preschool-programs\/spanish-and-me\"><img decoding=\"async\" src=\"http:\/\/www.puffinlearningacademy.com\/wp-content\/themes\/puffinla\/images\/thumbnails\/thumb_217386097.jpg\" alt=\"Grupo de ni\u00f1os que trabajan en la computadora en la escuela\" class=\"img-responsive\"><strong><span><small>SPANISH &#038; ME<\/small><\/span><\/strong><\/a><\/figure>\n<figure class=\"serv red\"><a href=\"preschool-programs\/character-development\"><img decoding=\"async\" src=\"http:\/\/www.puffinlearningacademy.com\/wp-content\/themes\/puffinla\/images\/thumbnails\/thumb_15865333.jpg\" alt=\"Cuatro felices diversos amigos preescolares abrazando en un c\u00edrculo en aula\" class=\"img-responsive\"><strong><span><small>CHARACTER DESARROLLO<\/small><\/span><\/strong><\/a><\/figure>\n<figure class=\"serv red\"><a href=\"preschool-programs\/summer-camp\"><img decoding=\"async\" src=\"http:\/\/www.puffinlearningacademy.com\/wp-content\/themes\/puffinla\/images\/thumbnails\/thumb_124493070.jpg\" alt=\"Desarrollo juego de campamento de verano chica con mapa del tesoro\" class=\"img-responsive\"><strong><span><small>SUMMER CAMP<\/small><\/span><\/strong><\/a><\/figure>\n<\/div>\n<ul class=\"button\">\n<li><a href=\"http:\/\/www.puffinlearningacademy.com\/preschool-enrollment\">Inscr\u00edbase ahora!<\/a><\/li>\n<li><a href=\"http:\/\/www.puffinlearningacademy.com\/preschool-schedule-a-tour\">\u00a1Programa un tour!<\/a><\/li>\n<li><a href=\"http:\/\/www.puffinlearningacademy.com\/preschool-contact-us\">\u00a1Ponte en contacto!<\/a><\/li>\n<\/ul>\n","protected":false},"excerpt":{"rendered":"<p>&#8220;EL SECRETO EN LA EDUCACION SE BASA EN EL RESPETO AL ESTUDIANTE.&#8221; &#8211; RALPH WALDO EMERSON La primera etapa pre-escolar es un momento importante de vasto aprendizaje, crecimiento y desarrollo. Durante este tiempo, los ni\u00f1os adquieren la capacidad de independizarse de las figuras adultas y ganar el deseo de formar parte de los grupos sociales. &hellip; <a href=\"http:\/\/www.puffinlearningacademy.com\/es\/preschool-programs\">Continue reading <span class=\"meta-nav\">&rarr;<\/span><\/a><\/p>\n","protected":false},"author":1,"featured_media":0,"parent":0,"menu_order":0,"comment_status":"closed","ping_status":"closed","template":"","meta":{"footnotes":""},"yoast_head":"<!-- This site is optimized with the Yoast SEO plugin v15.5 - https:\/\/yoast.com\/wordpress\/plugins\/seo\/ -->\r\n<title>Programas | LA ACADEMIA DE APRENDIZAJE DE PUFFIN<\/title>\r\n<meta name=\"robots\" content=\"index, follow, max-snippet:-1, max-image-preview:large, max-video-preview:-1\" \/>\r\n<link rel=\"canonical\" href=\"http:\/\/www.puffinlearningacademy.com\/es\/preschool-programs\" \/>\r\n<meta property=\"og:locale\" content=\"es_ES\" \/>\r\n<meta property=\"og:type\" content=\"article\" \/>\r\n<meta property=\"og:title\" content=\"{:en}Programs{:}{:es}Programas{:}{:pt}Programas{:} | LA ACADEMIA DE APRENDIZAJE DE PUFFIN\" \/>\r\n<meta property=\"og:description\" content=\"&#8220;EL SECRETO EN LA EDUCACION SE BASA EN EL RESPETO AL ESTUDIANTE.&#8221; &#8211; RALPH WALDO EMERSON La primera etapa pre-escolar es un momento importante de vasto aprendizaje, crecimiento y desarrollo. Durante este tiempo, los ni\u00f1os adquieren la capacidad de independizarse de las figuras adultas y ganar el deseo de formar parte de los grupos sociales. &hellip; Continue reading &rarr;\" \/>\r\n<meta property=\"og:url\" content=\"http:\/\/www.puffinlearningacademy.com\/es\/preschool-programs\" \/>\r\n<meta property=\"og:site_name\" content=\"LA ACADEMIA DE APRENDIZAJE DE PUFFIN\" \/>\r\n<meta property=\"article:modified_time\" content=\"2026-01-28T09:01:58+00:00\" \/>\r\n<meta property=\"og:image\" content=\"http:\/\/[contenturl%20type=templateurl]\/images\/thumbnails\/thumb-357344255.jpg\" \/>\r\n<meta name=\"twitter:card\" content=\"summary_large_image\" \/>\r\n<meta name=\"twitter:label1\" content=\"Est. reading time\">\n\t<meta name=\"twitter:data1\" content=\"3 minutes\">\r\n<script type=\"application\/ld+json\" class=\"yoast-schema-graph\">{\"@context\":\"https:\/\/schema.org\",\"@graph\":[{\"@type\":\"WebSite\",\"@id\":\"http:\/\/www.puffinlearningacademy.com\/es\/#website\",\"url\":\"http:\/\/www.puffinlearningacademy.com\/es\/\",\"name\":\"LA ACADEMIA DE APRENDIZAJE DE PUFFIN\",\"description\":\"Just another WordPress site\",\"potentialAction\":[{\"@type\":\"SearchAction\",\"target\":\"http:\/\/www.puffinlearningacademy.com\/es\/?s={search_term_string}\",\"query-input\":\"required name=search_term_string\"}],\"inLanguage\":\"es-ES\"},{\"@type\":\"ImageObject\",\"@id\":\"http:\/\/www.puffinlearningacademy.com\/es\/preschool-programs#primaryimage\",\"inLanguage\":\"es-ES\",\"url\":\"[contenturl type=templateurl]\/images\/thumbnails\/thumb-357344255.jpg\"},{\"@type\":\"WebPage\",\"@id\":\"http:\/\/www.puffinlearningacademy.com\/es\/preschool-programs#webpage\",\"url\":\"http:\/\/www.puffinlearningacademy.com\/es\/preschool-programs\",\"name\":\"{:en}Programs{:}{:es}Programas{:}{:pt}Programas{:} | LA ACADEMIA DE APRENDIZAJE DE PUFFIN\",\"isPartOf\":{\"@id\":\"http:\/\/www.puffinlearningacademy.com\/es\/#website\"},\"primaryImageOfPage\":{\"@id\":\"http:\/\/www.puffinlearningacademy.com\/es\/preschool-programs#primaryimage\"},\"datePublished\":\"2019-10-22T09:07:32+00:00\",\"dateModified\":\"2026-01-28T09:01:58+00:00\",\"inLanguage\":\"es-ES\",\"potentialAction\":[{\"@type\":\"ReadAction\",\"target\":[\"http:\/\/www.puffinlearningacademy.com\/es\/preschool-programs\"]}]}]}<\/script>\r\n<!-- \/ Yoast SEO plugin. -->","_links":{"self":[{"href":"http:\/\/www.puffinlearningacademy.com\/es\/wp-json\/wp\/v2\/pages\/9"}],"collection":[{"href":"http:\/\/www.puffinlearningacademy.com\/es\/wp-json\/wp\/v2\/pages"}],"about":[{"href":"http:\/\/www.puffinlearningacademy.com\/es\/wp-json\/wp\/v2\/types\/page"}],"author":[{"embeddable":true,"href":"http:\/\/www.puffinlearningacademy.com\/es\/wp-json\/wp\/v2\/users\/1"}],"replies":[{"embeddable":true,"href":"http:\/\/www.puffinlearningacademy.com\/es\/wp-json\/wp\/v2\/comments?post=9"}],"version-history":[{"count":30,"href":"http:\/\/www.puffinlearningacademy.com\/es\/wp-json\/wp\/v2\/pages\/9\/revisions"}],"predecessor-version":[{"id":417,"href":"http:\/\/www.puffinlearningacademy.com\/es\/wp-json\/wp\/v2\/pages\/9\/revisions\/417"}],"wp:attachment":[{"href":"http:\/\/www.puffinlearningacademy.com\/es\/wp-json\/wp\/v2\/media?parent=9"}],"curies":[{"name":"wp","href":"https:\/\/api.w.org\/{rel}","templated":true}]}}