{"id":82,"date":"2019-10-24T07:53:57","date_gmt":"2019-10-24T07:53:57","guid":{"rendered":"https:\/\/web4.proweaverlinks.com\/puffinsla\/?page_id=82"},"modified":"2020-02-24T21:52:33","modified_gmt":"2020-02-24T21:52:33","slug":"our-curriculum","status":"publish","type":"page","link":"http:\/\/www.puffinlearningacademy.com\/es\/preschool-programs\/our-curriculum","title":{"rendered":"Nuestro curr\u00edculo"},"content":{"rendered":"<div class=\"intro_txt\">EDUCACI\u00d3N DE ALTO NIVEL Y CALIDAD<\/div>\n<p>Los ni\u00f1os est\u00e1n aprendiendo constantemente a trav\u00e9s de experiencias cotidianas y est\u00e1n construyendo su propio conocimiento y comprensi\u00f3n del mundo. Es importante ser consciente de todo el entorno de aprendizaje, como el tiempo, la utilizaci\u00f3n del espacio en el aula (centros de aprendizaje), los recursos y las ideas.<\/p>\n<p>El preescolar es un momento importante para aprender y desarrollar habilidades para la vida. A esta edad, los ni\u00f1os est\u00e1n aprendiendo a ser un individuo, as\u00ed como a alcanzar habilidades sociales para ser una parte exitosa de un entorno grupal. Es importante mostrar un plan de estudios diverso para fomentar experiencias no estereotipadas para que los ni\u00f1os obtengan una apreciaci\u00f3n de nuestra sociedad.<\/p>\n<p>La base de nuestro plan de estudios es ense\u00f1ar a los ni\u00f1os la moral cotidiana, como el respeto por s\u00ed mismos y los dem\u00e1s, la resoluci\u00f3n de conflictos, la toma de decisiones y el mantenimiento de relaciones saludables. Para lograr este objetivo, tenemos varios componentes principales para nuestro plan de estudios, que se enumeran a continuaci\u00f3n:<\/p>\n<figure><img decoding=\"async\" src=\"http:\/\/www.puffinlearningacademy.com\/wp-content\/themes\/puffinla\/images\/thumbnails\/thumb-90714896.jpg\" alt=\"ni\u00f1a jugando\" class=\"thumb_right_dd\"><\/figure>\n<h3>ZONAS DE DESARROLLO<\/h3>\n<ul class=\"bullet\">\n<li><span>Desarrollo f\u00edsico:<\/span>\n<p>Los ni\u00f1os en edad preescolar est\u00e1n constantemente en movimiento desarrollando sus habilidades motoras grandes y peque\u00f1as.<\/p>\n<li><span>Desarrollo emocional:<\/span>\n<p>Los ni\u00f1os en edad preescolar est\u00e1n tomando conciencia de sus sentimientos hacia los dem\u00e1s y los sentimientos de otras personas hacia s\u00ed mismos. Est\u00e1n desarrollando un sentido de pertenencia a la familia, amigos y su comunidad.<\/p>\n<li><span>Desarrollo cognitivo:<\/span>\n<p>Los ni\u00f1os en edad preescolar se est\u00e1n convirtiendo en estudiantes activos que aprenden mejor a trav\u00e9s del juego y las experiencias de primera mano. Se vuelven curiosos sobre el mundo que les rodea y sus habilidades de lenguaje y resoluci\u00f3n de problemas comienzan a florecer inmensamente.<\/p>\n<li><span>Desarrollo Social:<\/span>\n<p>Los ni\u00f1os en edad preescolar est\u00e1n empezando a entender el concepto de que sus compa\u00f1eros tienen sentimientos y a menudo muestran compasi\u00f3n el uno hacia el otro. Est\u00e1n aprendiendo a compartir y se turnan para desarrollar amistades.<\/p>\n<\/ul>\n<h3>OBJETIVOS DE APRENDIZAJE<\/h3>\n<ul class=\"bullet\">\n<li><span>Idioma<\/span>\n<p>Durante la primera infancia, los ni\u00f1os comienzan a hablar y entender el lenguaje. Empiezan a participar en conversaciones y a formar oraciones. Las preguntas se hacen m\u00e1s evidentes en su b\u00fasqueda de idiomas de aprendizaje. Los ni\u00f1os podr\u00e1n seguir instrucciones, transmitir pensamientos, contar historias, cantar canciones y comenzar a entender el concepto del alfabeto y la escritura. Con el fin de captar un idioma, es importante desarrollar habilidades de escucha; introducirlos en vocabulario, reconocimiento de letras, rimas, canciones, sonidos de letras (fon\u00e9tica), lenguaje entero (aulas etiquetadas); y lo m\u00e1s importante, para promover la interacci\u00f3n social.<\/p>\n<li><span>Lectura<\/span>\n<p>Es la llave, prodigiosa de la informacion de la cultura de el mundo de la ficcion y de la fantasia.<\/p>\n<li><span>Escritura<\/span>\n<p>La escritura es una habilidad que se aprende principalmente a trav\u00e9s de peque\u00f1as actividades motoras. Actividades en el aula como, crayones, marcadores, l\u00e1pices, pinceles, play-doh, desgarro, tijeras, rompecabezas, pinzas, etc., se desarrollan para que los ni\u00f1os puedan mejorar sus habilidades motoras finas.<\/p>\n<li><span>Matem\u00e1ticas<\/span>\n<p>Las matem\u00e1ticas se ense\u00f1an a trav\u00e9s del juego y se ven diariamente en los centros de aprendizaje. Las actividades consisten en: clasificaci\u00f3n, clasificaci\u00f3n comparativa, gr\u00e1ficos, diferencias, medici\u00f3n, construcci\u00f3n, formas, trazado, gran tama\u00f1o, reconocimiento y significado de n\u00fameros, mismo y opuesto, patrones, construcci\u00f3n, conteo y concepto de tiempo.<\/p>\n<li><span>Ciencia<\/span>\n<p>Aunque los ni\u00f1os se preguntan, exploran y cuestionan nuestro entorno, a\u00fan no pueden pensar abstractamente; por lo tanto, los ni\u00f1os necesitan experiencia pr\u00e1ctica para que comprendan el concepto de ciencia. Cuando a los ni\u00f1os se les ense\u00f1a ciencia a trav\u00e9s de los cinco sentidos, comienzan a hacer preguntas, observar, desarrollar habilidades de pensamiento cr\u00edtico, hacer predicciones y experimentar.<\/p>\n<li><span>Cocina<\/span>\n<p>Cocinar con ni\u00f1os es una forma divertida de que los ni\u00f1os prueben alimentos que normalmente no estar\u00edan interesados y tambi\u00e9n para ense\u00f1ar sobre nutrici\u00f3n. Cocinar tambi\u00e9n puede ayudar a desarrollar habilidades esenciales como matem\u00e1ticas, lenguaje, medici\u00f3n, conteo, seguir instrucciones, vocabulario, secuencia, resoluci\u00f3n de problemas y ciencia.<\/p>\n<li><span>Artes y oficios<\/span>\n<p>El arte anima a los ni\u00f1os a explorar y usar su imaginaci\u00f3n. Es importante darse cuenta de que todo el proceso que contin\u00faa al crear arte es m\u00e1s importante que el producto. El arte desarrolla a los ni\u00f1os en todas las \u00e1reas principales. Los ni\u00f1os aprenden de experiencias creativas: ser un individuo, sensorial, motor fino, coordinaci\u00f3n ojo-mano, color, tama\u00f1o, formaci\u00f3n, compartir, resolver problemas y tomar decisiones<\/p>\n<li><span>M\u00fasica<\/span>\n<p>La m\u00fasica desarrolla el bienestar f\u00edsico, cognitivo y emocional de un ni\u00f1o. A trav\u00e9s de la canci\u00f3n, los ni\u00f1os peque\u00f1os se desarrollan vocalmente. La m\u00fasica tambi\u00e9n desarrolla las habilidades auditivas de los ni\u00f1os y pueden diferenciar entre diferentes g\u00e9neros, tonos, ritmos, instrumentos, etc. La m\u00fasica tambi\u00e9n alienta a un ni\u00f1o a moverse, creando as\u00ed conciencia corporal y movimiento expresivo.<\/p>\n<li><span>Teatro<\/span>\n<p>La familia, la escuela y la vida en el hogar de un ni\u00f1o son una parte muy importante de su vida, lo que hace que sea natural que un ni\u00f1o imite lo que sabe. Los ni\u00f1os act\u00faan en el mundo que los rodea y exploran a las personas actuando su trabajo, sus sentimientos y sus palabras. Al jugar dram\u00e1ticamente, los ni\u00f1os son capaces de encontrar situaciones que tal vez no entiendan y sean capaces de desarrollar sus habilidades para resolver problemas y adquirir nuevos conocimientos.<\/p>\n<li><span>Habilidades motoras grandes y finas<\/span>\n<p>Las habilidades motoras son las habilidades f\u00edsicas que los ni\u00f1os desarrollan que les ayudan a controlar los movimientos de sus cuerpos. Ambas habilidades se fomentan dentro del aula y al aire libre en la escuela. Hay muchas oportunidades para que los ni\u00f1os desarrollen sus grandes m\u00fasculos como llegar, gatear, caminar, escalar, lanzar, correr, saltar, galopar, etc. Hay muchas oportunidades para que los ni\u00f1os desarrollen sus habilidades motoras finas, como la coordinaci\u00f3n ojo-mano, la autoalimentaci\u00f3n, el abrochaje, el compresi\u00f3n, el zipping, los juguetes manipuladores, etc.<\/p>\n<\/ul>\n<figure><img decoding=\"async\" src=\"http:\/\/www.puffinlearningacademy.com\/wp-content\/themes\/puffinla\/images\/thumbnails\/thumb-40220190.jpg\" alt=\"ni\u00f1o jugando\" class=\"thumb_right_dd\"><\/figure>\n<h3>IMPORTANCIA DEL JUEGO<\/h3>\n<p>El juego mejora el desarrollo del lenguaje, el comportamiento social, la creatividad, la imaginaci\u00f3n y las habilidades de pensamiento. Durante el juego, los ni\u00f1os tienen la oportunidad de practicar lo que ya saben y el tiempo para desarrollar nuevas habilidades.<\/p>\n<h3>Cinco tipos de juego:<\/h3>\n<ul class=\"bullet\">\n<li><span>Comportamiento del espectador:<\/span>\n<p>Jugar pasivamente viendo o conversando con otros ni\u00f1os que participan en actividades l\u00fadicas.<\/p>\n<li><span>Independiente Solitario:<\/span>\n<p>Jugando solo<\/p>\n<li><span>Paralelo<\/span>\n<p>Jugando, incluso en medio de un grupo, mientras permanece absorto en la propia actividad. Los ni\u00f1os que juegan paralelos entre s\u00ed a veces usan los juguetes del otro, pero siempre mantienen su independencia.<\/p>\n<li><span>Asociativa:<\/span>\n<p>Cuando los ni\u00f1os comparten materiales y hablan entre s\u00ed, pero no coordinan los objetivos o el inter\u00e9s del juego.<\/p>\n<li><span>Cooperativa:<\/span>\n<p>Cuando los ni\u00f1os se organizan en roles con metas espec\u00edficas en mente (funciones de m\u00e9dico, enfermera, etc.).<\/p>\n<\/ul>\n<figure><img decoding=\"async\" src=\"http:\/\/www.puffinlearningacademy.com\/wp-content\/themes\/puffinla\/images\/thumbnails\/thumb-288364628.jpg\" alt=\"ni\u00f1os aplaudiendo\" class=\"thumb_left_dd\"><\/figure>\n<h3>ASOCIACI\u00d3N ENTRE PADRES Y PROFESORES<\/h3>\n<p>En Puffin creemos que es nuestra responsabilidad complementar el papel de los padres, que son los primeros maestros del ni\u00f1o en el cuidado del beb\u00e9 para sus hijos. Fomentamos la comunicaci\u00f3n abierta entre padres, maestros y administradores mediante informes diarios, conferencias entre padres y maestros, evaluaciones de desarrollo y nuestra aplicaci\u00f3n KidReports.<\/p>\n<p>Puffin tiene una pol\u00edtica de puertas abiertas. Por favor, si\u00e9ntase libre de visitar nuestros centros durante el d\u00eda o llame en cualquier momento para discutir c\u00f3mo su hijo est\u00e1 haciendo en preescolar. Entendemos lo especial que es su hijo y lo valioso que es su tiempo juntos. Alentamos la participaci\u00f3n de los padres y damos la bienvenida a su participaci\u00f3n en las actividades en el sal\u00f3n de clases.<\/p>\n<ul class=\"bullet\">\n<li><span>Participaci\u00f3n de los padres<\/span>\n<p>Cuando los padres participan activamente en la experiencia educativa de su preescolar, no s\u00f3lo los ni\u00f1os se benefician enormemente, sino que los maestros tambi\u00e9n lo hacen. Ya sea que se ofrezca como voluntario para leer un libro a una clase, asistir a una casa abierta o programa especial, o incluso ofrecer consejos y consejos para los nuevos padres de preescolar, la participaci\u00f3n activa de las madres y los padres puede proporcionar un excelente sistema de apoyo para los maestros, mientras que tambi\u00e9n ofrece consejos y consejos para los nuevos padres de preescolar, la participaci\u00f3n activa de las madres y los padres puede proporcionar un excelente sistema de apoyo para los maestros, mientras que tambi\u00e9n ofrece alent\u00e1ndolos en su trabajo.<\/p>\n<li><span>Comentarios de los padres<\/span>\n<p>La retroalimentaci\u00f3n de los padres es importante para los maestros. A medida que los maestros aprendan acerca de los problemas espec\u00edficos o cualquier necesidad o circunstancia \u00fanica que los padres o sus hijos puedan tener, ayudar\u00e1 a los maestros y miembros del personal de la escuela a trabajar diligentemente para proporcionar soluciones y crear una experiencia general positiva para todos.<\/p>\n<\/ul>\n<ul class=\"button\">\n<li><a href=\"http:\/\/www.puffinlearningacademy.com\/preschool-enrollment\">Inscr\u00edbase ahora!<\/a><\/li>\n<li><a href=\"http:\/\/www.puffinlearningacademy.com\/preschool-schedule-a-tour\">\u00a1Programa un tour!<\/a><\/li>\n<li><a href=\"http:\/\/www.puffinlearningacademy.com\/preschool-contact-us\">\u00a1Ponte en contacto!<\/a><\/li>\n<\/ul>\n","protected":false},"excerpt":{"rendered":"<p>EDUCACI\u00d3N DE ALTO NIVEL Y CALIDAD Los ni\u00f1os est\u00e1n aprendiendo constantemente a trav\u00e9s de experiencias cotidianas y est\u00e1n construyendo su propio conocimiento y comprensi\u00f3n del mundo. Es importante ser consciente de todo el entorno de aprendizaje, como el tiempo, la utilizaci\u00f3n del espacio en el aula (centros de aprendizaje), los recursos y las ideas. El &hellip; <a href=\"http:\/\/www.puffinlearningacademy.com\/es\/preschool-programs\/our-curriculum\">Continue reading <span class=\"meta-nav\">&rarr;<\/span><\/a><\/p>\n","protected":false},"author":1,"featured_media":0,"parent":9,"menu_order":0,"comment_status":"closed","ping_status":"closed","template":"","meta":{"footnotes":""},"yoast_head":"<!-- This site is optimized with the Yoast SEO plugin v15.5 - https:\/\/yoast.com\/wordpress\/plugins\/seo\/ -->\r\n<title>Nuestro curr\u00edculo | LA ACADEMIA DE APRENDIZAJE DE PUFFIN<\/title>\r\n<meta name=\"robots\" content=\"index, follow, max-snippet:-1, max-image-preview:large, max-video-preview:-1\" \/>\r\n<link rel=\"canonical\" href=\"http:\/\/www.puffinlearningacademy.com\/es\/preschool-programs\/our-curriculum\" \/>\r\n<meta property=\"og:locale\" content=\"es_ES\" \/>\r\n<meta property=\"og:type\" content=\"article\" \/>\r\n<meta property=\"og:title\" content=\"{:en}Our Curriculum{:}{:es}Nuestro curr\u00edculo{:}{:pt}Nosso curr\u00edculo{:} | LA ACADEMIA DE APRENDIZAJE DE PUFFIN\" \/>\r\n<meta property=\"og:description\" content=\"EDUCACI\u00d3N DE ALTO NIVEL Y CALIDAD Los ni\u00f1os est\u00e1n aprendiendo constantemente a trav\u00e9s de experiencias cotidianas y est\u00e1n construyendo su propio conocimiento y comprensi\u00f3n del mundo. Es importante ser consciente de todo el entorno de aprendizaje, como el tiempo, la utilizaci\u00f3n del espacio en el aula (centros de aprendizaje), los recursos y las ideas. El &hellip; Continue reading &rarr;\" \/>\r\n<meta property=\"og:url\" content=\"http:\/\/www.puffinlearningacademy.com\/es\/preschool-programs\/our-curriculum\" \/>\r\n<meta property=\"og:site_name\" content=\"LA ACADEMIA DE APRENDIZAJE DE PUFFIN\" \/>\r\n<meta property=\"article:modified_time\" content=\"2020-02-24T21:52:33+00:00\" \/>\r\n<meta property=\"og:image\" content=\"http:\/\/[contenturl%20type=&#039;templateurl&#039;%5D\/images\/thumbnails\/thumb-90714896.jpg\" \/>\r\n<meta name=\"twitter:card\" content=\"summary_large_image\" \/>\r\n<meta name=\"twitter:label1\" content=\"Est. reading time\">\n\t<meta name=\"twitter:data1\" content=\"18 minutes\">\r\n<script type=\"application\/ld+json\" class=\"yoast-schema-graph\">{\"@context\":\"https:\/\/schema.org\",\"@graph\":[{\"@type\":\"WebSite\",\"@id\":\"http:\/\/www.puffinlearningacademy.com\/es\/#website\",\"url\":\"http:\/\/www.puffinlearningacademy.com\/es\/\",\"name\":\"LA ACADEMIA DE APRENDIZAJE DE PUFFIN\",\"description\":\"Just another WordPress site\",\"potentialAction\":[{\"@type\":\"SearchAction\",\"target\":\"http:\/\/www.puffinlearningacademy.com\/es\/?s={search_term_string}\",\"query-input\":\"required name=search_term_string\"}],\"inLanguage\":\"es-ES\"},{\"@type\":\"ImageObject\",\"@id\":\"http:\/\/www.puffinlearningacademy.com\/es\/preschool-programs\/our-curriculum#primaryimage\",\"inLanguage\":\"es-ES\",\"url\":\"[contenturl type='templateurl']\/images\/thumbnails\/thumb-90714896.jpg\"},{\"@type\":\"WebPage\",\"@id\":\"http:\/\/www.puffinlearningacademy.com\/es\/preschool-programs\/our-curriculum#webpage\",\"url\":\"http:\/\/www.puffinlearningacademy.com\/es\/preschool-programs\/our-curriculum\",\"name\":\"{:en}Our Curriculum{:}{:es}Nuestro curr\\u00edculo{:}{:pt}Nosso curr\\u00edculo{:} | LA ACADEMIA DE APRENDIZAJE DE PUFFIN\",\"isPartOf\":{\"@id\":\"http:\/\/www.puffinlearningacademy.com\/es\/#website\"},\"primaryImageOfPage\":{\"@id\":\"http:\/\/www.puffinlearningacademy.com\/es\/preschool-programs\/our-curriculum#primaryimage\"},\"datePublished\":\"2019-10-24T07:53:57+00:00\",\"dateModified\":\"2020-02-24T21:52:33+00:00\",\"inLanguage\":\"es-ES\",\"potentialAction\":[{\"@type\":\"ReadAction\",\"target\":[\"http:\/\/www.puffinlearningacademy.com\/es\/preschool-programs\/our-curriculum\"]}]}]}<\/script>\r\n<!-- \/ Yoast SEO plugin. -->","_links":{"self":[{"href":"http:\/\/www.puffinlearningacademy.com\/es\/wp-json\/wp\/v2\/pages\/82"}],"collection":[{"href":"http:\/\/www.puffinlearningacademy.com\/es\/wp-json\/wp\/v2\/pages"}],"about":[{"href":"http:\/\/www.puffinlearningacademy.com\/es\/wp-json\/wp\/v2\/types\/page"}],"author":[{"embeddable":true,"href":"http:\/\/www.puffinlearningacademy.com\/es\/wp-json\/wp\/v2\/users\/1"}],"replies":[{"embeddable":true,"href":"http:\/\/www.puffinlearningacademy.com\/es\/wp-json\/wp\/v2\/comments?post=82"}],"version-history":[{"count":14,"href":"http:\/\/www.puffinlearningacademy.com\/es\/wp-json\/wp\/v2\/pages\/82\/revisions"}],"predecessor-version":[{"id":343,"href":"http:\/\/www.puffinlearningacademy.com\/es\/wp-json\/wp\/v2\/pages\/82\/revisions\/343"}],"up":[{"embeddable":true,"href":"http:\/\/www.puffinlearningacademy.com\/es\/wp-json\/wp\/v2\/pages\/9"}],"wp:attachment":[{"href":"http:\/\/www.puffinlearningacademy.com\/es\/wp-json\/wp\/v2\/media?parent=82"}],"curies":[{"name":"wp","href":"https:\/\/api.w.org\/{rel}","templated":true}]}}