{"id":81,"date":"2019-10-24T07:54:08","date_gmt":"2019-10-24T07:54:08","guid":{"rendered":"https:\/\/web4.proweaverlinks.com\/puffinsla\/?page_id=81"},"modified":"2020-02-24T21:43:54","modified_gmt":"2020-02-24T21:43:54","slug":"lil-chefs","status":"publish","type":"page","link":"http:\/\/www.puffinlearningacademy.com\/es\/preschool-programs\/lil-chefs","title":{"rendered":"Lil Chefs"},"content":{"rendered":"<div class=\"intro_txt\">APRENDIZAJE COMO PEQUE\u00d1OS CHEFS<\/div>\n<figure><img decoding=\"async\" src=\"http:\/\/www.puffinlearningacademy.com\/wp-content\/themes\/puffinla\/images\/thumbnails\/thumb-43031002.jpg\"  alt=\"ni\u00f1os con un uniforme de chefs blancos sonriendo\" class=\"thumb_right_dd\"\/><\/figure>\n<p>Lil Chefs es un programa de cocina una vez a la semana donde los ni\u00f1os participan en una experiencia culinaria especial. Los ni\u00f1os se familiarizan con opciones de alimentaci\u00f3n saludables, desarrollan habilidades motoras finas con preparaci\u00f3n pr\u00e1ctica y trabajan con matem\u00e1ticas mientras miden para la deliciosa receta de esa semana. Permita que sus hijos est\u00e9n expuestos a matem\u00e1ticas hermosas y sencillas, as\u00ed como recetas deliciosas y nutritivas, a medida que aprenden a convertirse en Lil Chefs.<\/p>\n<div class=\"clearfix\"><\/div>\n<ul class=\"button\">\n<li><a href=\"http:\/\/www.puffinlearningacademy.com\/preschool-enrollment\">Inscr\u00edbase ahora!<\/a><\/li>\n<li><a href=\"http:\/\/www.puffinlearningacademy.com\/preschool-schedule-a-tour\">\u00a1Programa un tour!<\/a><\/li>\n<li><a href=\"http:\/\/www.puffinlearningacademy.com\/preschool-contact-us\">\u00a1Ponte en contacto!<\/a><\/li>\n<\/ul>\n","protected":false},"excerpt":{"rendered":"<p>APRENDIZAJE COMO PEQUE\u00d1OS CHEFS Lil Chefs es un programa de cocina una vez a la semana donde los ni\u00f1os participan en una experiencia culinaria especial. Los ni\u00f1os se familiarizan con opciones de alimentaci\u00f3n saludables, desarrollan habilidades motoras finas con preparaci\u00f3n pr\u00e1ctica y trabajan con matem\u00e1ticas mientras miden para la deliciosa receta de esa semana. Permita &hellip; <a href=\"http:\/\/www.puffinlearningacademy.com\/es\/preschool-programs\/lil-chefs\">Continue reading <span class=\"meta-nav\">&rarr;<\/span><\/a><\/p>\n","protected":false},"author":1,"featured_media":0,"parent":9,"menu_order":0,"comment_status":"closed","ping_status":"closed","template":"","meta":{"footnotes":""},"yoast_head":"<!-- This site is optimized with the Yoast SEO plugin v15.5 - https:\/\/yoast.com\/wordpress\/plugins\/seo\/ -->\r\n<title>Lil Chefs | LA ACADEMIA DE APRENDIZAJE DE PUFFIN<\/title>\r\n<meta name=\"robots\" content=\"index, follow, max-snippet:-1, max-image-preview:large, max-video-preview:-1\" \/>\r\n<link rel=\"canonical\" href=\"http:\/\/www.puffinlearningacademy.com\/es\/preschool-programs\/lil-chefs\" \/>\r\n<meta property=\"og:locale\" content=\"es_ES\" \/>\r\n<meta property=\"og:type\" content=\"article\" \/>\r\n<meta property=\"og:title\" content=\"{:en}Lil Chefs{:}{:es}Lil Chefs{:}{:pt}Pequenos Chefes de culinaria{:} | LA ACADEMIA DE APRENDIZAJE DE PUFFIN\" \/>\r\n<meta property=\"og:description\" content=\"APRENDIZAJE COMO PEQUE\u00d1OS CHEFS Lil Chefs es un programa de cocina una vez a la semana donde los ni\u00f1os participan en una experiencia culinaria especial. Los ni\u00f1os se familiarizan con opciones de alimentaci\u00f3n saludables, desarrollan habilidades motoras finas con preparaci\u00f3n pr\u00e1ctica y trabajan con matem\u00e1ticas mientras miden para la deliciosa receta de esa semana. Permita &hellip; Continue reading &rarr;\" \/>\r\n<meta property=\"og:url\" content=\"http:\/\/www.puffinlearningacademy.com\/es\/preschool-programs\/lil-chefs\" \/>\r\n<meta property=\"og:site_name\" content=\"LA ACADEMIA DE APRENDIZAJE DE PUFFIN\" \/>\r\n<meta property=\"article:modified_time\" content=\"2020-02-24T21:43:54+00:00\" \/>\r\n<meta property=\"og:image\" content=\"http:\/\/[contenturl%20type=templateurl]\/images\/thumbnails\/thumb-43031002.jpg\" \/>\r\n<meta name=\"twitter:card\" content=\"summary_large_image\" \/>\r\n<meta name=\"twitter:label1\" content=\"Est. reading time\">\n\t<meta name=\"twitter:data1\" content=\"1 minute\">\r\n<script type=\"application\/ld+json\" class=\"yoast-schema-graph\">{\"@context\":\"https:\/\/schema.org\",\"@graph\":[{\"@type\":\"WebSite\",\"@id\":\"http:\/\/www.puffinlearningacademy.com\/es\/#website\",\"url\":\"http:\/\/www.puffinlearningacademy.com\/es\/\",\"name\":\"LA ACADEMIA DE APRENDIZAJE DE PUFFIN\",\"description\":\"Just another WordPress site\",\"potentialAction\":[{\"@type\":\"SearchAction\",\"target\":\"http:\/\/www.puffinlearningacademy.com\/es\/?s={search_term_string}\",\"query-input\":\"required name=search_term_string\"}],\"inLanguage\":\"es-ES\"},{\"@type\":\"ImageObject\",\"@id\":\"http:\/\/www.puffinlearningacademy.com\/es\/preschool-programs\/lil-chefs#primaryimage\",\"inLanguage\":\"es-ES\",\"url\":\"[contenturl type=templateurl]\/images\/thumbnails\/thumb-43031002.jpg\"},{\"@type\":\"WebPage\",\"@id\":\"http:\/\/www.puffinlearningacademy.com\/es\/preschool-programs\/lil-chefs#webpage\",\"url\":\"http:\/\/www.puffinlearningacademy.com\/es\/preschool-programs\/lil-chefs\",\"name\":\"{:en}Lil Chefs{:}{:es}Lil Chefs{:}{:pt}Pequenos Chefes de culinaria{:} | LA ACADEMIA DE APRENDIZAJE DE PUFFIN\",\"isPartOf\":{\"@id\":\"http:\/\/www.puffinlearningacademy.com\/es\/#website\"},\"primaryImageOfPage\":{\"@id\":\"http:\/\/www.puffinlearningacademy.com\/es\/preschool-programs\/lil-chefs#primaryimage\"},\"datePublished\":\"2019-10-24T07:54:08+00:00\",\"dateModified\":\"2020-02-24T21:43:54+00:00\",\"inLanguage\":\"es-ES\",\"potentialAction\":[{\"@type\":\"ReadAction\",\"target\":[\"http:\/\/www.puffinlearningacademy.com\/es\/preschool-programs\/lil-chefs\"]}]}]}<\/script>\r\n<!-- \/ Yoast SEO plugin. -->","_links":{"self":[{"href":"http:\/\/www.puffinlearningacademy.com\/es\/wp-json\/wp\/v2\/pages\/81"}],"collection":[{"href":"http:\/\/www.puffinlearningacademy.com\/es\/wp-json\/wp\/v2\/pages"}],"about":[{"href":"http:\/\/www.puffinlearningacademy.com\/es\/wp-json\/wp\/v2\/types\/page"}],"author":[{"embeddable":true,"href":"http:\/\/www.puffinlearningacademy.com\/es\/wp-json\/wp\/v2\/users\/1"}],"replies":[{"embeddable":true,"href":"http:\/\/www.puffinlearningacademy.com\/es\/wp-json\/wp\/v2\/comments?post=81"}],"version-history":[{"count":9,"href":"http:\/\/www.puffinlearningacademy.com\/es\/wp-json\/wp\/v2\/pages\/81\/revisions"}],"predecessor-version":[{"id":339,"href":"http:\/\/www.puffinlearningacademy.com\/es\/wp-json\/wp\/v2\/pages\/81\/revisions\/339"}],"up":[{"embeddable":true,"href":"http:\/\/www.puffinlearningacademy.com\/es\/wp-json\/wp\/v2\/pages\/9"}],"wp:attachment":[{"href":"http:\/\/www.puffinlearningacademy.com\/es\/wp-json\/wp\/v2\/media?parent=81"}],"curies":[{"name":"wp","href":"https:\/\/api.w.org\/{rel}","templated":true}]}}