{"id":8,"date":"2019-10-22T09:07:33","date_gmt":"2019-10-22T09:07:33","guid":{"rendered":"http:\/\/localhost\/puffinsla\/?page_id=8"},"modified":"2025-03-19T11:28:47","modified_gmt":"2025-03-19T11:28:47","slug":"preschool-about-us","status":"publish","type":"page","link":"http:\/\/www.puffinlearningacademy.com\/es\/preschool-about-us","title":{"rendered":"Sobre nosotros"},"content":{"rendered":"<div class=\"intro_txt\">CUIDADO PRE-ESCOLAR EXCEPCIONAL<\/div>\n<h3>\u00bfQui\u00e9nes somos?<\/h3>\n<p>Desde 1998, la Academia de Aprendizaje de Puffin ha estado sirviendo en diferentes lugares, ayudando a los ni\u00f1os a convertirse en futuros estudiantes de toda la vida a programas apropiados para la edad y llenos de diversi\u00f3n. Tenemos un personal amable, amoroso y calificado. Adem\u00e1s, S.T.E.A.M. est\u00e1 integrado en nuestro plan de estudios, creando as\u00ed mentes curiosas e inspiradas a todas las edades y animando a los m\u00e1s peque\u00f1os a planificar, dise\u00f1ar, construir e crear.<\/p>\n<div class=\"about_us\">\n<div id=\"mission\" class=\"about_box1\">\n<h3>Nuestra misi\u00f3n<\/h3>\n<p>Nuestra misi\u00f3n es proveer un programa preescolar totalmente integrado para fomentar el crecimiento social y emocional del ni\u00f1o, as\u00ed como su desarrollo f\u00edsico y mental.<\/p>\n<\/div>\n<div class=\"about_box2\">\n<h3>Nuestra filosof\u00eda<\/h3>\n<p>Puffin&#8217;s Learning Academy cree que las habilidades b\u00e1sicas necesarias para una vida exitosa y productiva se aprenden y se ampl\u00edan antes de los 6 a\u00f1os de edad. Durante estos a\u00f1os de formaci\u00f3n se desarrollan habilidades de aprendizaje, comunicaci\u00f3n, emocionales e interpersonales. <\/p>\n<\/div>\n<div class=\"about_box3\">\n<h3>Nuestro objetivo<\/h3>\n<p>El objetivo del preescolar es guiar a cada ni\u00f1o en el crecimiento de su personalidad total. Las \u00e1reas relacionadas con el desarrollo f\u00edsico, mental, emocional y social reciben la misma atenci\u00f3n al preparar un plan de estudios que se adapte a las necesidades de cada ni\u00f1o. La autoexpresi\u00f3n, la creatividad y el pensamiento anal\u00edtico de un ni\u00f1o se elaboran en el juego.<\/p>\n<\/div>\n<div class=\"about_box4\">\n<h3>Curr\u00edculo de alto nivel<\/h3>\n<p>Estamos sujetos a est\u00e1ndares m\u00e1s rigurosos que su centro de cuidado infantil promedio, basados en las pautas de Acreditaci\u00f3n Nacional y los est\u00e1ndares de Conteos de Calidad. Nuestro Curr\u00edculo Acad\u00e9mico se basa en las \u00faltimas investigaciones en desarrollo infantil, junto con la instrucci\u00f3n tradicional probada y verdadera. Para obtener m\u00e1s informaci\u00f3n sobre nuestro plan de estudios, <a href=\"http:\/\/www.puffinlearningacademy.com\/preschool-programs\/our-curriculum\">haga clic aqu\u00ed.<\/a>. <\/p>\n<\/div>\n<\/div>\n<p><img decoding=\"async\" src=\"http:\/\/www.puffinlearningacademy.com\/wp-content\/themes\/puffinla\/images\/thumbnails\/thumb_151905908.jpg\" class=\"thumb_right_dd\" alt=\"Retrato de los ni\u00f1os peque\u00f1os primer d\u00eda de la escuela\"><\/p>\n<h3>KidReports app: Daily reports and instant photos<\/h3>\n<p>Nuestra aplicaci\u00f3n para padres de tel\u00e9fonos inteligentes es \u00fanica entre las escuelas de nuestra \u00e1rea. Estamos en contacto constante con usted sobre el d\u00eda de su hijo. Nuestra aplicaci\u00f3n m\u00f3vil te mantiene conectado durante todo el d\u00eda de tu hijo. Obtenga fotos y actualizaciones en tiempo real sobre la atenci\u00f3n, el aprendizaje, y mant\u00e9ngase al d\u00eda sobre las notificaciones importantes. KidReports es m\u00e1s que informes diarios y correo electr\u00f3nico. Es tu soluci\u00f3n m\u00f3vil. KidReports revoluciona la participaci\u00f3n de los padres y la gesti\u00f3n del aula.<\/p>\n<h3>Est\u00e1ndar de seguridad y limpieza<\/h3>\n<p>Nuestro sistema de monitoreo de video en todas las instalaciones interiores y exteriores, y pol\u00edticas de seguridad integrales aseguran que su hijo est\u00e9 siempre en las mejores manos. Tambi\u00e9n tenemos una instalaci\u00f3n s\u00faper limpia &#8211; &#8220;Incluso el aire huele limpio&#8221;!<\/p>\n<h3>100% Preparaci\u00f3n para El Jard\u00edn de Infantes<\/h3>\n<p>Nuestros graduados han ganado a nuestra escuela una tasa de preparaci\u00f3n para Kindergarten del 100%, una puntuaci\u00f3n perfecta que destaca el prestigioso expediente acad\u00e9mico de nuestro programa preescolar.<\/p>\n<ul class=\"button\">\n<li><a href=\"http:\/\/www.puffinlearningacademy.com\/preschool-enrollment\">Inscr\u00edbase ahora!<\/a><\/li>\n<li><a href=\"http:\/\/www.puffinlearningacademy.com\/preschool-schedule-a-tour\">\u00a1Programa un tour!<\/a><\/li>\n<li><a href=\"http:\/\/www.puffinlearningacademy.com\/preschool-contact-us\">\u00a1Ponte en contacto!<\/a><\/li>\n<\/ul>\n","protected":false},"excerpt":{"rendered":"<p>CUIDADO PRE-ESCOLAR EXCEPCIONAL \u00bfQui\u00e9nes somos? Desde 1998, la Academia de Aprendizaje de Puffin ha estado sirviendo en diferentes lugares, ayudando a los ni\u00f1os a convertirse en futuros estudiantes de toda la vida a programas apropiados para la edad y llenos de diversi\u00f3n. Tenemos un personal amable, amoroso y calificado. Adem\u00e1s, S.T.E.A.M. est\u00e1 integrado en nuestro &hellip; <a href=\"http:\/\/www.puffinlearningacademy.com\/es\/preschool-about-us\">Continue reading <span class=\"meta-nav\">&rarr;<\/span><\/a><\/p>\n","protected":false},"author":1,"featured_media":202,"parent":0,"menu_order":0,"comment_status":"closed","ping_status":"closed","template":"","meta":{"footnotes":""},"yoast_head":"<!-- This site is optimized with the Yoast SEO plugin v15.5 - https:\/\/yoast.com\/wordpress\/plugins\/seo\/ -->\r\n<title>Sobre nosotros | LA ACADEMIA DE APRENDIZAJE DE PUFFIN<\/title>\r\n<meta name=\"robots\" content=\"index, follow, max-snippet:-1, max-image-preview:large, max-video-preview:-1\" \/>\r\n<link rel=\"canonical\" href=\"http:\/\/www.puffinlearningacademy.com\/es\/preschool-about-us\" \/>\r\n<meta property=\"og:locale\" content=\"es_ES\" \/>\r\n<meta property=\"og:type\" content=\"article\" \/>\r\n<meta property=\"og:title\" content=\"{:en}About Us{:}{:es}Sobre nosotros{:}{:pt}Sobre n\u00f3s{:} | LA ACADEMIA DE APRENDIZAJE DE PUFFIN\" \/>\r\n<meta property=\"og:description\" content=\"CUIDADO PRE-ESCOLAR EXCEPCIONAL \u00bfQui\u00e9nes somos? Desde 1998, la Academia de Aprendizaje de Puffin ha estado sirviendo en diferentes lugares, ayudando a los ni\u00f1os a convertirse en futuros estudiantes de toda la vida a programas apropiados para la edad y llenos de diversi\u00f3n. Tenemos un personal amable, amoroso y calificado. Adem\u00e1s, S.T.E.A.M. est\u00e1 integrado en nuestro &hellip; Continue reading &rarr;\" \/>\r\n<meta property=\"og:url\" content=\"http:\/\/www.puffinlearningacademy.com\/es\/preschool-about-us\" \/>\r\n<meta property=\"og:site_name\" content=\"LA ACADEMIA DE APRENDIZAJE DE PUFFIN\" \/>\r\n<meta property=\"article:modified_time\" content=\"2025-03-19T11:28:47+00:00\" \/>\r\n<meta property=\"og:image\" content=\"http:\/\/www.puffinlearningacademy.com\/wp-content\/uploads\/2019\/10\/bnr-638200663.jpg\" \/>\r\n\t<meta property=\"og:image:width\" content=\"1920\" \/>\r\n\t<meta property=\"og:image:height\" content=\"500\" \/>\r\n<meta name=\"twitter:card\" content=\"summary_large_image\" \/>\r\n<meta name=\"twitter:label1\" content=\"Est. reading time\">\n\t<meta name=\"twitter:data1\" content=\"6 minutes\">\r\n<script type=\"application\/ld+json\" class=\"yoast-schema-graph\">{\"@context\":\"https:\/\/schema.org\",\"@graph\":[{\"@type\":\"WebSite\",\"@id\":\"http:\/\/www.puffinlearningacademy.com\/es\/#website\",\"url\":\"http:\/\/www.puffinlearningacademy.com\/es\/\",\"name\":\"LA ACADEMIA DE APRENDIZAJE DE PUFFIN\",\"description\":\"Just another WordPress site\",\"potentialAction\":[{\"@type\":\"SearchAction\",\"target\":\"http:\/\/www.puffinlearningacademy.com\/es\/?s={search_term_string}\",\"query-input\":\"required name=search_term_string\"}],\"inLanguage\":\"es-ES\"},{\"@type\":\"ImageObject\",\"@id\":\"http:\/\/www.puffinlearningacademy.com\/es\/preschool-about-us#primaryimage\",\"inLanguage\":\"es-ES\",\"url\":\"http:\/\/www.puffinlearningacademy.com\/wp-content\/uploads\/2019\/10\/bnr-638200663.jpg\",\"width\":1920,\"height\":500,\"caption\":\"Group of Diverse Kids Reading Books Together Studio Portrait\"},{\"@type\":\"WebPage\",\"@id\":\"http:\/\/www.puffinlearningacademy.com\/es\/preschool-about-us#webpage\",\"url\":\"http:\/\/www.puffinlearningacademy.com\/es\/preschool-about-us\",\"name\":\"{:en}About Us{:}{:es}Sobre nosotros{:}{:pt}Sobre n\\u00f3s{:} | LA ACADEMIA DE APRENDIZAJE DE PUFFIN\",\"isPartOf\":{\"@id\":\"http:\/\/www.puffinlearningacademy.com\/es\/#website\"},\"primaryImageOfPage\":{\"@id\":\"http:\/\/www.puffinlearningacademy.com\/es\/preschool-about-us#primaryimage\"},\"datePublished\":\"2019-10-22T09:07:33+00:00\",\"dateModified\":\"2025-03-19T11:28:47+00:00\",\"inLanguage\":\"es-ES\",\"potentialAction\":[{\"@type\":\"ReadAction\",\"target\":[\"http:\/\/www.puffinlearningacademy.com\/es\/preschool-about-us\"]}]}]}<\/script>\r\n<!-- \/ Yoast SEO plugin. -->","_links":{"self":[{"href":"http:\/\/www.puffinlearningacademy.com\/es\/wp-json\/wp\/v2\/pages\/8"}],"collection":[{"href":"http:\/\/www.puffinlearningacademy.com\/es\/wp-json\/wp\/v2\/pages"}],"about":[{"href":"http:\/\/www.puffinlearningacademy.com\/es\/wp-json\/wp\/v2\/types\/page"}],"author":[{"embeddable":true,"href":"http:\/\/www.puffinlearningacademy.com\/es\/wp-json\/wp\/v2\/users\/1"}],"replies":[{"embeddable":true,"href":"http:\/\/www.puffinlearningacademy.com\/es\/wp-json\/wp\/v2\/comments?post=8"}],"version-history":[{"count":20,"href":"http:\/\/www.puffinlearningacademy.com\/es\/wp-json\/wp\/v2\/pages\/8\/revisions"}],"predecessor-version":[{"id":363,"href":"http:\/\/www.puffinlearningacademy.com\/es\/wp-json\/wp\/v2\/pages\/8\/revisions\/363"}],"wp:featuredmedia":[{"embeddable":true,"href":"http:\/\/www.puffinlearningacademy.com\/es\/wp-json\/wp\/v2\/media\/202"}],"wp:attachment":[{"href":"http:\/\/www.puffinlearningacademy.com\/es\/wp-json\/wp\/v2\/media?parent=8"}],"curies":[{"name":"wp","href":"https:\/\/api.w.org\/{rel}","templated":true}]}}