{"id":56,"date":"2019-10-23T04:57:55","date_gmt":"2019-10-23T04:57:55","guid":{"rendered":"http:\/\/localhost\/puffinsla\/?page_id=56"},"modified":"2020-02-24T21:41:09","modified_gmt":"2020-02-24T21:41:09","slug":"aftercare-program","status":"publish","type":"page","link":"http:\/\/www.puffinlearningacademy.com\/es\/preschool-programs\/aftercare-program","title":{"rendered":"Programa Aftercare"},"content":{"rendered":"<div class=\"intro_txt\">EL APRENDIZAJE DIVERTIDO SE CONTINUA INCLUSO CUANDO LA ESCUELA SE HACE<\/div>\n<figure><img decoding=\"async\" src=\"http:\/\/www.puffinlearningacademy.com\/wp-content\/themes\/puffinla\/images\/thumbnails\/thumb-772922518.jpg\"  alt=\"ni\u00f1os jugando tira y abarque de la guerra en su campamento de verano\" class=\"thumb_right_dd\"\/><\/figure>\n<p>Nuestro programa de edad escolar para sesiones extraescolares y vacaciones escolares ofrece a los ni\u00f1os un ambiente ideal para completar la tarea y participar con otros ni\u00f1os. Est\u00e1n expuestos a actividades divertidas y creativas, incluyendo ir a excursiones. Nuestros maestros calificados est\u00e1n ah\u00ed para ayudar a su hijo a completar su tarea con \u00e9xito. Tambi\u00e9n involucrar\u00e1n a los ni\u00f1os en juegos grupales, proyectos de arte y ejercicio f\u00edsico al aire libre. Nuestra habitaci\u00f3n para la edad escolar es un lugar divertido para estar, lo que permite a los ni\u00f1os pasar el rato cuando se hace el d\u00eda escolar.<\/p>\n<div class=\"clearfix\"><\/div>\n<ul class=\"button\">\n<li><a href=\"http:\/\/www.puffinlearningacademy.com\/preschool-enrollment\">Inscr\u00edbase ahora!<\/a><\/li>\n<li><a href=\"http:\/\/www.puffinlearningacademy.com\/preschool-schedule-a-tour\">\u00a1Programa un tour!<\/a><\/li>\n<li><a href=\"http:\/\/www.puffinlearningacademy.com\/preschool-contact-us\">\u00a1Ponte en contacto!<\/a><\/li>\n<\/ul>\n","protected":false},"excerpt":{"rendered":"<p>EL APRENDIZAJE DIVERTIDO SE CONTINUA INCLUSO CUANDO LA ESCUELA SE HACE Nuestro programa de edad escolar para sesiones extraescolares y vacaciones escolares ofrece a los ni\u00f1os un ambiente ideal para completar la tarea y participar con otros ni\u00f1os. Est\u00e1n expuestos a actividades divertidas y creativas, incluyendo ir a excursiones. Nuestros maestros calificados est\u00e1n ah\u00ed para &hellip; <a href=\"http:\/\/www.puffinlearningacademy.com\/es\/preschool-programs\/aftercare-program\">Continue reading <span class=\"meta-nav\">&rarr;<\/span><\/a><\/p>\n","protected":false},"author":1,"featured_media":0,"parent":9,"menu_order":0,"comment_status":"closed","ping_status":"closed","template":"","meta":{"footnotes":""},"yoast_head":"<!-- This site is optimized with the Yoast SEO plugin v15.5 - https:\/\/yoast.com\/wordpress\/plugins\/seo\/ -->\r\n<title>Programa Aftercare | LA ACADEMIA DE APRENDIZAJE DE PUFFIN<\/title>\r\n<meta name=\"robots\" content=\"index, follow, max-snippet:-1, max-image-preview:large, max-video-preview:-1\" \/>\r\n<link rel=\"canonical\" href=\"http:\/\/www.puffinlearningacademy.com\/es\/preschool-programs\/aftercare-program\" \/>\r\n<meta property=\"og:locale\" content=\"es_ES\" \/>\r\n<meta property=\"og:type\" content=\"article\" \/>\r\n<meta property=\"og:title\" content=\"{:en}Aftercare Program{:}{:es}Programa Aftercare{:}{:pt}Programa de cuidados posteriors \u2013 K to 5 grade.{:} | LA ACADEMIA DE APRENDIZAJE DE PUFFIN\" \/>\r\n<meta property=\"og:description\" content=\"EL APRENDIZAJE DIVERTIDO SE CONTINUA INCLUSO CUANDO LA ESCUELA SE HACE Nuestro programa de edad escolar para sesiones extraescolares y vacaciones escolares ofrece a los ni\u00f1os un ambiente ideal para completar la tarea y participar con otros ni\u00f1os. Est\u00e1n expuestos a actividades divertidas y creativas, incluyendo ir a excursiones. Nuestros maestros calificados est\u00e1n ah\u00ed para &hellip; Continue reading &rarr;\" \/>\r\n<meta property=\"og:url\" content=\"http:\/\/www.puffinlearningacademy.com\/es\/preschool-programs\/aftercare-program\" \/>\r\n<meta property=\"og:site_name\" content=\"LA ACADEMIA DE APRENDIZAJE DE PUFFIN\" \/>\r\n<meta property=\"article:modified_time\" content=\"2020-02-24T21:41:09+00:00\" \/>\r\n<meta property=\"og:image\" content=\"http:\/\/[contenturl%20type=templateurl]\/images\/thumbnails\/thumb-772922518.jpg\" \/>\r\n<meta name=\"twitter:card\" content=\"summary_large_image\" \/>\r\n<meta name=\"twitter:label1\" content=\"Est. reading time\">\n\t<meta name=\"twitter:data1\" content=\"2 minutes\">\r\n<script type=\"application\/ld+json\" class=\"yoast-schema-graph\">{\"@context\":\"https:\/\/schema.org\",\"@graph\":[{\"@type\":\"WebSite\",\"@id\":\"http:\/\/www.puffinlearningacademy.com\/es\/#website\",\"url\":\"http:\/\/www.puffinlearningacademy.com\/es\/\",\"name\":\"LA ACADEMIA DE APRENDIZAJE DE PUFFIN\",\"description\":\"Just another WordPress site\",\"potentialAction\":[{\"@type\":\"SearchAction\",\"target\":\"http:\/\/www.puffinlearningacademy.com\/es\/?s={search_term_string}\",\"query-input\":\"required name=search_term_string\"}],\"inLanguage\":\"es-ES\"},{\"@type\":\"ImageObject\",\"@id\":\"http:\/\/www.puffinlearningacademy.com\/es\/preschool-programs\/aftercare-program#primaryimage\",\"inLanguage\":\"es-ES\",\"url\":\"[contenturl type=templateurl]\/images\/thumbnails\/thumb-772922518.jpg\"},{\"@type\":\"WebPage\",\"@id\":\"http:\/\/www.puffinlearningacademy.com\/es\/preschool-programs\/aftercare-program#webpage\",\"url\":\"http:\/\/www.puffinlearningacademy.com\/es\/preschool-programs\/aftercare-program\",\"name\":\"{:en}Aftercare Program{:}{:es}Programa Aftercare{:}{:pt}Programa de cuidados posteriors \\u2013 K to 5 grade.{:} | LA ACADEMIA DE APRENDIZAJE DE PUFFIN\",\"isPartOf\":{\"@id\":\"http:\/\/www.puffinlearningacademy.com\/es\/#website\"},\"primaryImageOfPage\":{\"@id\":\"http:\/\/www.puffinlearningacademy.com\/es\/preschool-programs\/aftercare-program#primaryimage\"},\"datePublished\":\"2019-10-23T04:57:55+00:00\",\"dateModified\":\"2020-02-24T21:41:09+00:00\",\"inLanguage\":\"es-ES\",\"potentialAction\":[{\"@type\":\"ReadAction\",\"target\":[\"http:\/\/www.puffinlearningacademy.com\/es\/preschool-programs\/aftercare-program\"]}]}]}<\/script>\r\n<!-- \/ Yoast SEO plugin. -->","_links":{"self":[{"href":"http:\/\/www.puffinlearningacademy.com\/es\/wp-json\/wp\/v2\/pages\/56"}],"collection":[{"href":"http:\/\/www.puffinlearningacademy.com\/es\/wp-json\/wp\/v2\/pages"}],"about":[{"href":"http:\/\/www.puffinlearningacademy.com\/es\/wp-json\/wp\/v2\/types\/page"}],"author":[{"embeddable":true,"href":"http:\/\/www.puffinlearningacademy.com\/es\/wp-json\/wp\/v2\/users\/1"}],"replies":[{"embeddable":true,"href":"http:\/\/www.puffinlearningacademy.com\/es\/wp-json\/wp\/v2\/comments?post=56"}],"version-history":[{"count":11,"href":"http:\/\/www.puffinlearningacademy.com\/es\/wp-json\/wp\/v2\/pages\/56\/revisions"}],"predecessor-version":[{"id":335,"href":"http:\/\/www.puffinlearningacademy.com\/es\/wp-json\/wp\/v2\/pages\/56\/revisions\/335"}],"up":[{"embeddable":true,"href":"http:\/\/www.puffinlearningacademy.com\/es\/wp-json\/wp\/v2\/pages\/9"}],"wp:attachment":[{"href":"http:\/\/www.puffinlearningacademy.com\/es\/wp-json\/wp\/v2\/media?parent=56"}],"curies":[{"name":"wp","href":"https:\/\/api.w.org\/{rel}","templated":true}]}}