{"id":54,"date":"2019-10-23T04:57:52","date_gmt":"2019-10-23T04:57:52","guid":{"rendered":"http:\/\/localhost\/puffinsla\/?page_id=54"},"modified":"2020-02-24T21:39:35","modified_gmt":"2020-02-24T21:39:35","slug":"preschool","status":"publish","type":"page","link":"http:\/\/www.puffinlearningacademy.com\/es\/preschool-programs\/preschool","title":{"rendered":"Pre-escolar (30 Meses-38 Meses"},"content":{"rendered":"<div class=\"intro_txt\">TRANSICI\u00d3N SUAVE HACIA LA PRESCHOOL<\/div>\n<figure><img decoding=\"async\" src=\"http:\/\/www.puffinlearningacademy.com\/wp-content\/themes\/puffinla\/images\/thumbnails\/thumb_707462947.jpg\" alt=\"Muy feliz chico negro africano haciendo pulgares hacia arriba signo \" class=\"thumb_right_dd\"><\/figure>\n<p>Nuestros maestros trabajan con su hijo, que pasar\u00e1 por la transici\u00f3n de ser un ni\u00f1o peque\u00f1o a un ni\u00f1o, prepar\u00e1ndose para el preescolar. Mientras tanto, la sala y el plan de estudios est\u00e1n dise\u00f1ados para permitir que su hijo haga que este proceso sea f\u00e1cil. Sus asignaturas y actividades tambi\u00e9n dar\u00e1n un paso adelante con su nivel de aprendizaje. Puede confiar en nuestros maestros para ayudar a su hijo a disfrutar de su experiencia de aprendizaje.<\/p>\n<div class=\"clearfix\"><\/div>\n<ul class=\"button\">\n<li><a href=\"http:\/\/www.puffinlearningacademy.com\/preschool-enrollment\">Inscr\u00edbase ahora!<\/a><\/li>\n<li><a href=\"http:\/\/www.puffinlearningacademy.com\/preschool-schedule-a-tour\">\u00a1Programa un tour!<\/a><\/li>\n<li><a href=\"http:\/\/www.puffinlearningacademy.com\/preschool-contact-us\">\u00a1Ponte en contacto!<\/a><\/li>\n<\/ul>\n","protected":false},"excerpt":{"rendered":"<p>TRANSICI\u00d3N SUAVE HACIA LA PRESCHOOL Nuestros maestros trabajan con su hijo, que pasar\u00e1 por la transici\u00f3n de ser un ni\u00f1o peque\u00f1o a un ni\u00f1o, prepar\u00e1ndose para el preescolar. Mientras tanto, la sala y el plan de estudios est\u00e1n dise\u00f1ados para permitir que su hijo haga que este proceso sea f\u00e1cil. Sus asignaturas y actividades tambi\u00e9n &hellip; <a href=\"http:\/\/www.puffinlearningacademy.com\/es\/preschool-programs\/preschool\">Continue reading <span class=\"meta-nav\">&rarr;<\/span><\/a><\/p>\n","protected":false},"author":1,"featured_media":0,"parent":9,"menu_order":0,"comment_status":"closed","ping_status":"closed","template":"","meta":{"footnotes":""},"yoast_head":"<!-- This site is optimized with the Yoast SEO plugin v15.5 - https:\/\/yoast.com\/wordpress\/plugins\/seo\/ -->\r\n<title>Pre-escolar (30 Meses-38 Meses | LA ACADEMIA DE APRENDIZAJE DE PUFFIN<\/title>\r\n<meta name=\"robots\" content=\"index, follow, max-snippet:-1, max-image-preview:large, max-video-preview:-1\" \/>\r\n<link rel=\"canonical\" href=\"http:\/\/www.puffinlearningacademy.com\/es\/preschool-programs\/preschool\" \/>\r\n<meta property=\"og:locale\" content=\"es_ES\" \/>\r\n<meta property=\"og:type\" content=\"article\" \/>\r\n<meta property=\"og:title\" content=\"{:en}Preschool (30 Months-38 Months){:}{:es}Pre-escolar (30 Meses-38 Meses{:}{:pt}Pr\u00e9-escolar (36 meses a 48 meses){:} | LA ACADEMIA DE APRENDIZAJE DE PUFFIN\" \/>\r\n<meta property=\"og:description\" content=\"TRANSICI\u00d3N SUAVE HACIA LA PRESCHOOL Nuestros maestros trabajan con su hijo, que pasar\u00e1 por la transici\u00f3n de ser un ni\u00f1o peque\u00f1o a un ni\u00f1o, prepar\u00e1ndose para el preescolar. Mientras tanto, la sala y el plan de estudios est\u00e1n dise\u00f1ados para permitir que su hijo haga que este proceso sea f\u00e1cil. Sus asignaturas y actividades tambi\u00e9n &hellip; Continue reading &rarr;\" \/>\r\n<meta property=\"og:url\" content=\"http:\/\/www.puffinlearningacademy.com\/es\/preschool-programs\/preschool\" \/>\r\n<meta property=\"og:site_name\" content=\"LA ACADEMIA DE APRENDIZAJE DE PUFFIN\" \/>\r\n<meta property=\"article:modified_time\" content=\"2020-02-24T21:39:35+00:00\" \/>\r\n<meta property=\"og:image\" content=\"http:\/\/[contenturl%20type=&#039;templateurl&#039;%5D\/images\/thumbnails\/thumb_707462947.jpg\" \/>\r\n<meta name=\"twitter:card\" content=\"summary_large_image\" \/>\r\n<meta name=\"twitter:label1\" content=\"Est. reading time\">\n\t<meta name=\"twitter:data1\" content=\"1 minute\">\r\n<script type=\"application\/ld+json\" class=\"yoast-schema-graph\">{\"@context\":\"https:\/\/schema.org\",\"@graph\":[{\"@type\":\"WebSite\",\"@id\":\"http:\/\/www.puffinlearningacademy.com\/es\/#website\",\"url\":\"http:\/\/www.puffinlearningacademy.com\/es\/\",\"name\":\"LA ACADEMIA DE APRENDIZAJE DE PUFFIN\",\"description\":\"Just another WordPress site\",\"potentialAction\":[{\"@type\":\"SearchAction\",\"target\":\"http:\/\/www.puffinlearningacademy.com\/es\/?s={search_term_string}\",\"query-input\":\"required name=search_term_string\"}],\"inLanguage\":\"es-ES\"},{\"@type\":\"ImageObject\",\"@id\":\"http:\/\/www.puffinlearningacademy.com\/es\/preschool-programs\/preschool#primaryimage\",\"inLanguage\":\"es-ES\",\"url\":\"[contenturl type='templateurl']\/images\/thumbnails\/thumb_707462947.jpg\"},{\"@type\":\"WebPage\",\"@id\":\"http:\/\/www.puffinlearningacademy.com\/es\/preschool-programs\/preschool#webpage\",\"url\":\"http:\/\/www.puffinlearningacademy.com\/es\/preschool-programs\/preschool\",\"name\":\"{:en}Preschool (30 Months-38 Months){:}{:es}Pre-escolar (30 Meses-38 Meses{:}{:pt}Pr\\u00e9-escolar (36 meses a 48 meses){:} | LA ACADEMIA DE APRENDIZAJE DE PUFFIN\",\"isPartOf\":{\"@id\":\"http:\/\/www.puffinlearningacademy.com\/es\/#website\"},\"primaryImageOfPage\":{\"@id\":\"http:\/\/www.puffinlearningacademy.com\/es\/preschool-programs\/preschool#primaryimage\"},\"datePublished\":\"2019-10-23T04:57:52+00:00\",\"dateModified\":\"2020-02-24T21:39:35+00:00\",\"inLanguage\":\"es-ES\",\"potentialAction\":[{\"@type\":\"ReadAction\",\"target\":[\"http:\/\/www.puffinlearningacademy.com\/es\/preschool-programs\/preschool\"]}]}]}<\/script>\r\n<!-- \/ Yoast SEO plugin. -->","_links":{"self":[{"href":"http:\/\/www.puffinlearningacademy.com\/es\/wp-json\/wp\/v2\/pages\/54"}],"collection":[{"href":"http:\/\/www.puffinlearningacademy.com\/es\/wp-json\/wp\/v2\/pages"}],"about":[{"href":"http:\/\/www.puffinlearningacademy.com\/es\/wp-json\/wp\/v2\/types\/page"}],"author":[{"embeddable":true,"href":"http:\/\/www.puffinlearningacademy.com\/es\/wp-json\/wp\/v2\/users\/1"}],"replies":[{"embeddable":true,"href":"http:\/\/www.puffinlearningacademy.com\/es\/wp-json\/wp\/v2\/comments?post=54"}],"version-history":[{"count":15,"href":"http:\/\/www.puffinlearningacademy.com\/es\/wp-json\/wp\/v2\/pages\/54\/revisions"}],"predecessor-version":[{"id":334,"href":"http:\/\/www.puffinlearningacademy.com\/es\/wp-json\/wp\/v2\/pages\/54\/revisions\/334"}],"up":[{"embeddable":true,"href":"http:\/\/www.puffinlearningacademy.com\/es\/wp-json\/wp\/v2\/pages\/9"}],"wp:attachment":[{"href":"http:\/\/www.puffinlearningacademy.com\/es\/wp-json\/wp\/v2\/media?parent=54"}],"curies":[{"name":"wp","href":"https:\/\/api.w.org\/{rel}","templated":true}]}}