{"id":210,"date":"2019-10-30T15:44:06","date_gmt":"2019-10-30T15:44:06","guid":{"rendered":"https:\/\/web4.proweaverlinks.com\/puffinsla\/?page_id=210"},"modified":"2020-02-24T21:47:17","modified_gmt":"2020-02-24T21:47:17","slug":"summer-camp","status":"publish","type":"page","link":"http:\/\/www.puffinlearningacademy.com\/es\/preschool-programs\/summer-camp","title":{"rendered":"Campamento de verano"},"content":{"rendered":"<div class=\"intro_txt\">NUESTRAS AVENTURAS PUFFIN CAMP<\/div>\n<figure><img src=\"http:\/\/www.puffinlearningacademy.com\/wp-content\/themes\/puffinla\/images\/thumbnails\/thumb_124493070.jpg\" alt=\"Chica juego de campamento de verano con mapa del tesoro\" class=\"thumb_right_dd\"\/><\/figure>\n<p>Inspira la imaginaci\u00f3n a trav\u00e9s de actividades pr\u00e1cticas, excursiones y eventos tem\u00e1ticos, al tiempo que equilibra las necesidades individuales y el inter\u00e9s del ni\u00f1o. En Puffin Adventures Camp, creemos que todos los ni\u00f1os tienen derecho a una educaci\u00f3n y cuidado de alta calidad mientras se divierten. Nuestros est\u00e1ndares de alta calidad se mantienen durante todo el a\u00f1o.<\/p>\n<p>Nuestros campistas est\u00e1n involucrados en experiencias significativas y exploraciones emocionantes para seguir promoviendo el desarrollo y la curiosidad.<\/p>\n","protected":false},"excerpt":{"rendered":"<p>NUESTRAS AVENTURAS PUFFIN CAMP Inspira la imaginaci\u00f3n a trav\u00e9s de actividades pr\u00e1cticas, excursiones y eventos tem\u00e1ticos, al tiempo que equilibra las necesidades individuales y el inter\u00e9s del ni\u00f1o. En Puffin Adventures Camp, creemos que todos los ni\u00f1os tienen derecho a una educaci\u00f3n y cuidado de alta calidad mientras se divierten. Nuestros est\u00e1ndares de alta calidad &hellip; <a href=\"http:\/\/www.puffinlearningacademy.com\/es\/preschool-programs\/summer-camp\">Continue reading <span class=\"meta-nav\">&rarr;<\/span><\/a><\/p>\n","protected":false},"author":1,"featured_media":0,"parent":9,"menu_order":0,"comment_status":"closed","ping_status":"closed","template":"","meta":{"footnotes":""},"yoast_head":"<!-- This site is optimized with the Yoast SEO plugin v15.5 - https:\/\/yoast.com\/wordpress\/plugins\/seo\/ -->\r\n<title>Campamento de verano | LA ACADEMIA DE APRENDIZAJE DE PUFFIN<\/title>\r\n<meta name=\"robots\" content=\"index, follow, max-snippet:-1, max-image-preview:large, max-video-preview:-1\" \/>\r\n<link rel=\"canonical\" href=\"http:\/\/www.puffinlearningacademy.com\/es\/preschool-programs\/summer-camp\" \/>\r\n<meta property=\"og:locale\" content=\"es_ES\" \/>\r\n<meta property=\"og:type\" content=\"article\" \/>\r\n<meta property=\"og:title\" content=\"{:en}Summer Camp{:}{:es}Campamento de verano{:}{:pt}Programa de Ver\u00e3o \u2013 Summer Camp \u2013 5 a 11 anos.{:} | LA ACADEMIA DE APRENDIZAJE DE PUFFIN\" \/>\r\n<meta property=\"og:description\" content=\"NUESTRAS AVENTURAS PUFFIN CAMP Inspira la imaginaci\u00f3n a trav\u00e9s de actividades pr\u00e1cticas, excursiones y eventos tem\u00e1ticos, al tiempo que equilibra las necesidades individuales y el inter\u00e9s del ni\u00f1o. En Puffin Adventures Camp, creemos que todos los ni\u00f1os tienen derecho a una educaci\u00f3n y cuidado de alta calidad mientras se divierten. Nuestros est\u00e1ndares de alta calidad &hellip; Continue reading &rarr;\" \/>\r\n<meta property=\"og:url\" content=\"http:\/\/www.puffinlearningacademy.com\/es\/preschool-programs\/summer-camp\" \/>\r\n<meta property=\"og:site_name\" content=\"LA ACADEMIA DE APRENDIZAJE DE PUFFIN\" \/>\r\n<meta property=\"article:modified_time\" content=\"2020-02-24T21:47:17+00:00\" \/>\r\n<meta name=\"twitter:card\" content=\"summary_large_image\" \/>\r\n<meta name=\"twitter:label1\" content=\"Est. reading time\">\n\t<meta name=\"twitter:data1\" content=\"1 minute\">\r\n<script type=\"application\/ld+json\" class=\"yoast-schema-graph\">{\"@context\":\"https:\/\/schema.org\",\"@graph\":[{\"@type\":\"WebSite\",\"@id\":\"http:\/\/www.puffinlearningacademy.com\/es\/#website\",\"url\":\"http:\/\/www.puffinlearningacademy.com\/es\/\",\"name\":\"LA ACADEMIA DE APRENDIZAJE DE PUFFIN\",\"description\":\"Just another WordPress site\",\"potentialAction\":[{\"@type\":\"SearchAction\",\"target\":\"http:\/\/www.puffinlearningacademy.com\/es\/?s={search_term_string}\",\"query-input\":\"required name=search_term_string\"}],\"inLanguage\":\"es-ES\"},{\"@type\":\"WebPage\",\"@id\":\"http:\/\/www.puffinlearningacademy.com\/es\/preschool-programs\/summer-camp#webpage\",\"url\":\"http:\/\/www.puffinlearningacademy.com\/es\/preschool-programs\/summer-camp\",\"name\":\"{:en}Summer Camp{:}{:es}Campamento de verano{:}{:pt}Programa de Ver\\u00e3o \\u2013 Summer Camp \\u2013 5 a 11 anos.{:} | LA ACADEMIA DE APRENDIZAJE DE PUFFIN\",\"isPartOf\":{\"@id\":\"http:\/\/www.puffinlearningacademy.com\/es\/#website\"},\"datePublished\":\"2019-10-30T15:44:06+00:00\",\"dateModified\":\"2020-02-24T21:47:17+00:00\",\"inLanguage\":\"es-ES\",\"potentialAction\":[{\"@type\":\"ReadAction\",\"target\":[\"http:\/\/www.puffinlearningacademy.com\/es\/preschool-programs\/summer-camp\"]}]}]}<\/script>\r\n<!-- \/ Yoast SEO plugin. -->","_links":{"self":[{"href":"http:\/\/www.puffinlearningacademy.com\/es\/wp-json\/wp\/v2\/pages\/210"}],"collection":[{"href":"http:\/\/www.puffinlearningacademy.com\/es\/wp-json\/wp\/v2\/pages"}],"about":[{"href":"http:\/\/www.puffinlearningacademy.com\/es\/wp-json\/wp\/v2\/types\/page"}],"author":[{"embeddable":true,"href":"http:\/\/www.puffinlearningacademy.com\/es\/wp-json\/wp\/v2\/users\/1"}],"replies":[{"embeddable":true,"href":"http:\/\/www.puffinlearningacademy.com\/es\/wp-json\/wp\/v2\/comments?post=210"}],"version-history":[{"count":9,"href":"http:\/\/www.puffinlearningacademy.com\/es\/wp-json\/wp\/v2\/pages\/210\/revisions"}],"predecessor-version":[{"id":342,"href":"http:\/\/www.puffinlearningacademy.com\/es\/wp-json\/wp\/v2\/pages\/210\/revisions\/342"}],"up":[{"embeddable":true,"href":"http:\/\/www.puffinlearningacademy.com\/es\/wp-json\/wp\/v2\/pages\/9"}],"wp:attachment":[{"href":"http:\/\/www.puffinlearningacademy.com\/es\/wp-json\/wp\/v2\/media?parent=210"}],"curies":[{"name":"wp","href":"https:\/\/api.w.org\/{rel}","templated":true}]}}