{"id":13,"date":"2019-10-22T09:07:22","date_gmt":"2019-10-22T09:07:22","guid":{"rendered":"http:\/\/localhost\/puffinsla\/?page_id=13"},"modified":"2025-03-19T11:36:24","modified_gmt":"2025-03-19T11:36:24","slug":"preschool-faq","status":"publish","type":"page","link":"http:\/\/www.puffinlearningacademy.com\/es\/preschool-faq","title":{"rendered":"Preguntas m\u00e1s frecuentes"},"content":{"rendered":"<p>Hemos recopilado algunas preguntas frecuentes y respondido a cada una. Si no encuentra las respuestas que est\u00e1 buscando en esta p\u00e1gina, no dude en ponerse en  <a href=\"http:\/\/www.puffinlearningacademy.com\/preschool-contact-us\">contacto con nosotros<\/a>.<\/p>\n<div class=\"faq\">\n<h6>\u00bfCu\u00e1l es el proceso de Puffin de verificar los antecedentes de sus empleados?<\/h6>\n<div>La Academia de Aprendizaje de Puffin lleva a cabo una revisi\u00f3n integral de los antecedentes de todos los posibles empleados y visitantes frecuentes. La verificaci\u00f3n de antecedentes consiste en una verificaci\u00f3n de antecedentes penales del condado de los \u00faltimos siete a\u00f1os realizada en todos los condados que una persona ha vivido, trabajado o asistido a la escuela. Adem\u00e1s de la b\u00fasqueda criminal del condado, tambi\u00e9n se lleva a cabo una b\u00fasqueda de delincuentes sexuales, b\u00fasqueda de ofACA y un rastreo de verificaci\u00f3n de seguridad social. Para todos los empleados de ubicaci\u00f3n, tambi\u00e9n se realizan comprobaciones de antecedentes de licencias de programa requeridas por el estado.<\/div>\n<h6>\u00bfPuedo visitar a mi hijo en el centro cuando quiera?<\/h6>\n<div>S\u00ed, la Academia de Aprendizaje de Puffin tiene una pol\u00edtica de puertas abiertas. Se le anima a visitar a su hijo en cualquier momento.<\/div>\n<h6>\u00bfQu\u00e9 es el curr\u00edculo de Puffin?<\/h6>\n<div>Nuestro plan de estudios, El Curr\u00edculo Creativo, est\u00e1 dise\u00f1ado para involucrar a los ni\u00f1os en el aprendizaje activo que los prepara para la escuela mientras los ayuda a alcanzar su potencial individual y fomenta un esp\u00edritu de comunidad. Incluye elementos curriculares como Lengua, Matem\u00e1ticas, Ciencias, Arte Nuestro Mundo y Bien Consciente que cruzan todos los grupos de edad. Lea m\u00e1s informaci\u00f3n sobre nuestro plan de estudios.<\/div>\n<h6>\u00bfTodo el personal est\u00e1 capacitado en RCP y Primeros Auxilios?<\/h6>\n<div>Todo el personal de Puffin est\u00e1 capacitado regularmente en RCP, incluso si no es requerido por el estado. First Aid se ense\u00f1a seg\u00fan lo requiera la agencia\/reglamentos estatales de licencias para que pueda sentirse seguro de que su hijo est\u00e1 seguro y recibe la mejor atenci\u00f3n posible en nuestro centro.<\/div>\n<h6>Estoy interesado en solicitar un trabajo en este centro. \u00bfHay alguien con quien pueda contactar?<\/h6>\n<div>Para las ofertas de empleo y para completar el proceso de solicitud, <a href=\"http:\/\/www.puffinlearningacademy.com\/preschool-careers\">Aplicar aqu\u00ed!<\/a><\/li>\n<\/div>\n<h6>No estoy listo para inscribirme en el centro, pero estoy interesado en seguir escuchando acerca de lo que est\u00e1 sucediendo en el centro. \u00bfC\u00f3mo puedo obtener informaci\u00f3n con m\u00e1s regularidad?<\/h6>\n<div>Animamos a cualquier familia interesada en la informaci\u00f3n del centro, actualizaciones regulares e invitaciones a los muchos eventos que estamos planeando, para ponerse en <a href=\"http:\/\/www.puffinlearningacademy.com\/preschool-contact-us\">contacto con nosotros<\/a>.<\/div>\n<h6>\u00bfQu\u00e9 es la acreditaci\u00f3n NAC?<\/h6>\n<div>La Comisi\u00f3n Nacional de Acreditaci\u00f3n ha elaborado normas para definir y reconocer programas de cuidado infantil de calidad. Para ser acreditado, un programa de cuidado de ni\u00f1os debe cumplir con una variedad de criterios estrictos, incluyendo tener una facultad bien capacitada, buenas proporciones de personal y ni\u00f1os y tama\u00f1os de grupo, y un plan de estudios integral, as\u00ed como cumplir con estrictas normas de salud y seguridad. El programa tambi\u00e9n debe proporcionar oportunidades significativas para la participaci\u00f3n de la familia.<\/div>\n<\/div>\n<ul class=\"button\">\n<li><a href=\"http:\/\/www.puffinlearningacademy.com\/preschool-enrollment\">Inscr\u00edbase ahora!<\/a><\/li>\n<li><a href=\"http:\/\/www.puffinlearningacademy.com\/preschool-schedule-a-tour\">\u00a1Programa un tour!<\/a><\/li>\n<li><a href=\"http:\/\/www.puffinlearningacademy.com\/preschool-contact-us\">\u00a1Ponte en contacto!<\/a><\/li>\n<\/ul>\n","protected":false},"excerpt":{"rendered":"<p>Hemos recopilado algunas preguntas frecuentes y respondido a cada una. Si no encuentra las respuestas que est\u00e1 buscando en esta p\u00e1gina, no dude en ponerse en contacto con nosotros. \u00bfCu\u00e1l es el proceso de Puffin de verificar los antecedentes de sus empleados? La Academia de Aprendizaje de Puffin lleva a cabo una revisi\u00f3n integral de &hellip; <a href=\"http:\/\/www.puffinlearningacademy.com\/es\/preschool-faq\">Continue reading <span class=\"meta-nav\">&rarr;<\/span><\/a><\/p>\n","protected":false},"author":1,"featured_media":44,"parent":0,"menu_order":0,"comment_status":"closed","ping_status":"closed","template":"","meta":{"footnotes":""},"yoast_head":"<!-- This site is optimized with the Yoast SEO plugin v15.5 - https:\/\/yoast.com\/wordpress\/plugins\/seo\/ -->\r\n<title>Preguntas m\u00e1s frecuentes | LA ACADEMIA DE APRENDIZAJE DE PUFFIN<\/title>\r\n<meta name=\"robots\" content=\"index, follow, max-snippet:-1, max-image-preview:large, max-video-preview:-1\" \/>\r\n<link rel=\"canonical\" href=\"http:\/\/www.puffinlearningacademy.com\/es\/preschool-faq\" \/>\r\n<meta property=\"og:locale\" content=\"es_ES\" \/>\r\n<meta property=\"og:type\" content=\"article\" \/>\r\n<meta property=\"og:title\" content=\"{:en}FAQ{:}{:es}Preguntas m\u00e1s frecuentes{:}{:pt}Perguntas Freq\u00fcentes{:} | LA ACADEMIA DE APRENDIZAJE DE PUFFIN\" \/>\r\n<meta property=\"og:description\" content=\"Hemos recopilado algunas preguntas frecuentes y respondido a cada una. Si no encuentra las respuestas que est\u00e1 buscando en esta p\u00e1gina, no dude en ponerse en contacto con nosotros. \u00bfCu\u00e1l es el proceso de Puffin de verificar los antecedentes de sus empleados? La Academia de Aprendizaje de Puffin lleva a cabo una revisi\u00f3n integral de &hellip; Continue reading &rarr;\" \/>\r\n<meta property=\"og:url\" content=\"http:\/\/www.puffinlearningacademy.com\/es\/preschool-faq\" \/>\r\n<meta property=\"og:site_name\" content=\"LA ACADEMIA DE APRENDIZAJE DE PUFFIN\" \/>\r\n<meta property=\"article:modified_time\" content=\"2025-03-19T11:36:24+00:00\" \/>\r\n<meta property=\"og:image\" content=\"http:\/\/www.puffinlearningacademy.com\/wp-content\/uploads\/2019\/10\/nonhome-3201537.jpg\" \/>\r\n\t<meta property=\"og:image:width\" content=\"1920\" \/>\r\n\t<meta property=\"og:image:height\" content=\"500\" \/>\r\n<meta name=\"twitter:card\" content=\"summary_large_image\" \/>\r\n<meta name=\"twitter:label1\" content=\"Est. reading time\">\n\t<meta name=\"twitter:data1\" content=\"6 minutes\">\r\n<script type=\"application\/ld+json\" class=\"yoast-schema-graph\">{\"@context\":\"https:\/\/schema.org\",\"@graph\":[{\"@type\":\"WebSite\",\"@id\":\"http:\/\/www.puffinlearningacademy.com\/es\/#website\",\"url\":\"http:\/\/www.puffinlearningacademy.com\/es\/\",\"name\":\"LA ACADEMIA DE APRENDIZAJE DE PUFFIN\",\"description\":\"Just another WordPress site\",\"potentialAction\":[{\"@type\":\"SearchAction\",\"target\":\"http:\/\/www.puffinlearningacademy.com\/es\/?s={search_term_string}\",\"query-input\":\"required name=search_term_string\"}],\"inLanguage\":\"es-ES\"},{\"@type\":\"ImageObject\",\"@id\":\"http:\/\/www.puffinlearningacademy.com\/es\/preschool-faq#primaryimage\",\"inLanguage\":\"es-ES\",\"url\":\"http:\/\/www.puffinlearningacademy.com\/wp-content\/uploads\/2019\/10\/nonhome-3201537.jpg\",\"width\":1920,\"height\":500,\"caption\":\"cute female kid smiling\"},{\"@type\":\"WebPage\",\"@id\":\"http:\/\/www.puffinlearningacademy.com\/es\/preschool-faq#webpage\",\"url\":\"http:\/\/www.puffinlearningacademy.com\/es\/preschool-faq\",\"name\":\"{:en}FAQ{:}{:es}Preguntas m\\u00e1s frecuentes{:}{:pt}Perguntas Freq\\u00fcentes{:} | LA ACADEMIA DE APRENDIZAJE DE PUFFIN\",\"isPartOf\":{\"@id\":\"http:\/\/www.puffinlearningacademy.com\/es\/#website\"},\"primaryImageOfPage\":{\"@id\":\"http:\/\/www.puffinlearningacademy.com\/es\/preschool-faq#primaryimage\"},\"datePublished\":\"2019-10-22T09:07:22+00:00\",\"dateModified\":\"2025-03-19T11:36:24+00:00\",\"inLanguage\":\"es-ES\",\"potentialAction\":[{\"@type\":\"ReadAction\",\"target\":[\"http:\/\/www.puffinlearningacademy.com\/es\/preschool-faq\"]}]}]}<\/script>\r\n<!-- \/ Yoast SEO plugin. -->","_links":{"self":[{"href":"http:\/\/www.puffinlearningacademy.com\/es\/wp-json\/wp\/v2\/pages\/13"}],"collection":[{"href":"http:\/\/www.puffinlearningacademy.com\/es\/wp-json\/wp\/v2\/pages"}],"about":[{"href":"http:\/\/www.puffinlearningacademy.com\/es\/wp-json\/wp\/v2\/types\/page"}],"author":[{"embeddable":true,"href":"http:\/\/www.puffinlearningacademy.com\/es\/wp-json\/wp\/v2\/users\/1"}],"replies":[{"embeddable":true,"href":"http:\/\/www.puffinlearningacademy.com\/es\/wp-json\/wp\/v2\/comments?post=13"}],"version-history":[{"count":10,"href":"http:\/\/www.puffinlearningacademy.com\/es\/wp-json\/wp\/v2\/pages\/13\/revisions"}],"predecessor-version":[{"id":366,"href":"http:\/\/www.puffinlearningacademy.com\/es\/wp-json\/wp\/v2\/pages\/13\/revisions\/366"}],"wp:featuredmedia":[{"embeddable":true,"href":"http:\/\/www.puffinlearningacademy.com\/es\/wp-json\/wp\/v2\/media\/44"}],"wp:attachment":[{"href":"http:\/\/www.puffinlearningacademy.com\/es\/wp-json\/wp\/v2\/media?parent=13"}],"curies":[{"name":"wp","href":"https:\/\/api.w.org\/{rel}","templated":true}]}}