{"id":106,"date":"2019-10-24T08:14:38","date_gmt":"2019-10-24T08:14:38","guid":{"rendered":"https:\/\/web4.proweaverlinks.com\/puffinsla\/?page_id=106"},"modified":"2020-02-24T21:45:50","modified_gmt":"2020-02-24T21:45:50","slug":"spanish-and-me","status":"publish","type":"page","link":"http:\/\/www.puffinlearningacademy.com\/es\/preschool-programs\/spanish-and-me","title":{"rendered":"Espa\u00f1ol &#038; Me"},"content":{"rendered":"<div class=\"intro_txt\">SER UN PEQUE\u00d1O MAESTRO DE IDIOMAS<\/div>\n<figure><img decoding=\"async\" src=\"http:\/\/www.puffinlearningacademy.com\/wp-content\/themes\/puffinla\/images\/thumbnails\/thumb_217386097.jpg\" alt=\"Grupo de ni\u00f1os que trabajan en la computadora en la escuela\" class=\"thumb_right_dd\"><\/figure>\n<p>Nuestro programa de espa\u00f1ol se ofrece a ni\u00f1os de 2 a 12 a\u00f1os. Nuestros maestros son seleccionados por su fluidez en los idiomas que ense\u00f1an, as\u00ed como por su capacidad para involucrar a los ni\u00f1os en el proceso de aprendizaje. Los ni\u00f1os que aprenden dos idiomas est\u00e1n constantemente volteando entre ellos mientras escuchan a la gente hablar o leer libros. Esto significa que son mejores en multitarea, teniendo el control de una habilidad que es beneficiosa educativamente. A medida que el ni\u00f1o comienza a traducir el ingl\u00e9s al espa\u00f1ol, desarrollar\u00e1 el lenguaje natural y habilidades multitarea que pueden beneficiar su desarrollo acad\u00e9mico.<\/p>\n<div class=\"clearfix\"><\/div>\n<ul class=\"button\">\n<li><a href=\"http:\/\/www.puffinlearningacademy.com\/preschool-enrollment\">Inscr\u00edbase ahora!<\/a><\/li>\n<li><a href=\"http:\/\/www.puffinlearningacademy.com\/preschool-schedule-a-tour\">\u00a1Programa un tour!<\/a><\/li>\n<li><a href=\"http:\/\/www.puffinlearningacademy.com\/preschool-contact-us\">\u00a1Ponte en contacto!<\/a><\/li>\n<\/ul>\n","protected":false},"excerpt":{"rendered":"<p>SER UN PEQUE\u00d1O MAESTRO DE IDIOMAS Nuestro programa de espa\u00f1ol se ofrece a ni\u00f1os de 2 a 12 a\u00f1os. Nuestros maestros son seleccionados por su fluidez en los idiomas que ense\u00f1an, as\u00ed como por su capacidad para involucrar a los ni\u00f1os en el proceso de aprendizaje. Los ni\u00f1os que aprenden dos idiomas est\u00e1n constantemente volteando &hellip; <a href=\"http:\/\/www.puffinlearningacademy.com\/es\/preschool-programs\/spanish-and-me\">Continue reading <span class=\"meta-nav\">&rarr;<\/span><\/a><\/p>\n","protected":false},"author":1,"featured_media":0,"parent":9,"menu_order":0,"comment_status":"closed","ping_status":"closed","template":"","meta":{"footnotes":""},"yoast_head":"<!-- This site is optimized with the Yoast SEO plugin v15.5 - https:\/\/yoast.com\/wordpress\/plugins\/seo\/ -->\r\n<title>Espa\u00f1ol &amp; Me | LA ACADEMIA DE APRENDIZAJE DE PUFFIN<\/title>\r\n<meta name=\"robots\" content=\"index, follow, max-snippet:-1, max-image-preview:large, max-video-preview:-1\" \/>\r\n<link rel=\"canonical\" href=\"http:\/\/www.puffinlearningacademy.com\/es\/preschool-programs\/spanish-and-me\" \/>\r\n<meta property=\"og:locale\" content=\"es_ES\" \/>\r\n<meta property=\"og:type\" content=\"article\" \/>\r\n<meta property=\"og:title\" content=\"{:en}Spanish &amp; Me{:}{:es}Espa\u00f1ol &amp; Me{:}{:pt}Espanhol e Portugues{:} | LA ACADEMIA DE APRENDIZAJE DE PUFFIN\" \/>\r\n<meta property=\"og:description\" content=\"SER UN PEQUE\u00d1O MAESTRO DE IDIOMAS Nuestro programa de espa\u00f1ol se ofrece a ni\u00f1os de 2 a 12 a\u00f1os. Nuestros maestros son seleccionados por su fluidez en los idiomas que ense\u00f1an, as\u00ed como por su capacidad para involucrar a los ni\u00f1os en el proceso de aprendizaje. Los ni\u00f1os que aprenden dos idiomas est\u00e1n constantemente volteando &hellip; Continue reading &rarr;\" \/>\r\n<meta property=\"og:url\" content=\"http:\/\/www.puffinlearningacademy.com\/es\/preschool-programs\/spanish-and-me\" \/>\r\n<meta property=\"og:site_name\" content=\"LA ACADEMIA DE APRENDIZAJE DE PUFFIN\" \/>\r\n<meta property=\"article:modified_time\" content=\"2020-02-24T21:45:50+00:00\" \/>\r\n<meta property=\"og:image\" content=\"http:\/\/[contenturl%20type=&#039;templateurl&#039;%5D\/images\/thumbnails\/thumb_217386097.jpg\" \/>\r\n<meta name=\"twitter:card\" content=\"summary_large_image\" \/>\r\n<meta name=\"twitter:label1\" content=\"Est. reading time\">\n\t<meta name=\"twitter:data1\" content=\"1 minute\">\r\n<script type=\"application\/ld+json\" class=\"yoast-schema-graph\">{\"@context\":\"https:\/\/schema.org\",\"@graph\":[{\"@type\":\"WebSite\",\"@id\":\"http:\/\/www.puffinlearningacademy.com\/es\/#website\",\"url\":\"http:\/\/www.puffinlearningacademy.com\/es\/\",\"name\":\"LA ACADEMIA DE APRENDIZAJE DE PUFFIN\",\"description\":\"Just another WordPress site\",\"potentialAction\":[{\"@type\":\"SearchAction\",\"target\":\"http:\/\/www.puffinlearningacademy.com\/es\/?s={search_term_string}\",\"query-input\":\"required name=search_term_string\"}],\"inLanguage\":\"es-ES\"},{\"@type\":\"ImageObject\",\"@id\":\"http:\/\/www.puffinlearningacademy.com\/es\/preschool-programs\/spanish-and-me#primaryimage\",\"inLanguage\":\"es-ES\",\"url\":\"[contenturl type='templateurl']\/images\/thumbnails\/thumb_217386097.jpg\"},{\"@type\":\"WebPage\",\"@id\":\"http:\/\/www.puffinlearningacademy.com\/es\/preschool-programs\/spanish-and-me#webpage\",\"url\":\"http:\/\/www.puffinlearningacademy.com\/es\/preschool-programs\/spanish-and-me\",\"name\":\"{:en}Spanish & Me{:}{:es}Espa\\u00f1ol & Me{:}{:pt}Espanhol e Portugues{:} | LA ACADEMIA DE APRENDIZAJE DE PUFFIN\",\"isPartOf\":{\"@id\":\"http:\/\/www.puffinlearningacademy.com\/es\/#website\"},\"primaryImageOfPage\":{\"@id\":\"http:\/\/www.puffinlearningacademy.com\/es\/preschool-programs\/spanish-and-me#primaryimage\"},\"datePublished\":\"2019-10-24T08:14:38+00:00\",\"dateModified\":\"2020-02-24T21:45:50+00:00\",\"inLanguage\":\"es-ES\",\"potentialAction\":[{\"@type\":\"ReadAction\",\"target\":[\"http:\/\/www.puffinlearningacademy.com\/es\/preschool-programs\/spanish-and-me\"]}]}]}<\/script>\r\n<!-- \/ Yoast SEO plugin. -->","_links":{"self":[{"href":"http:\/\/www.puffinlearningacademy.com\/es\/wp-json\/wp\/v2\/pages\/106"}],"collection":[{"href":"http:\/\/www.puffinlearningacademy.com\/es\/wp-json\/wp\/v2\/pages"}],"about":[{"href":"http:\/\/www.puffinlearningacademy.com\/es\/wp-json\/wp\/v2\/types\/page"}],"author":[{"embeddable":true,"href":"http:\/\/www.puffinlearningacademy.com\/es\/wp-json\/wp\/v2\/users\/1"}],"replies":[{"embeddable":true,"href":"http:\/\/www.puffinlearningacademy.com\/es\/wp-json\/wp\/v2\/comments?post=106"}],"version-history":[{"count":11,"href":"http:\/\/www.puffinlearningacademy.com\/es\/wp-json\/wp\/v2\/pages\/106\/revisions"}],"predecessor-version":[{"id":340,"href":"http:\/\/www.puffinlearningacademy.com\/es\/wp-json\/wp\/v2\/pages\/106\/revisions\/340"}],"up":[{"embeddable":true,"href":"http:\/\/www.puffinlearningacademy.com\/es\/wp-json\/wp\/v2\/pages\/9"}],"wp:attachment":[{"href":"http:\/\/www.puffinlearningacademy.com\/es\/wp-json\/wp\/v2\/media?parent=106"}],"curies":[{"name":"wp","href":"https:\/\/api.w.org\/{rel}","templated":true}]}}